{"id":1043,"date":"2025-11-19T15:05:38","date_gmt":"2025-11-19T15:05:38","guid":{"rendered":"https:\/\/visitsvetagora.com\/?page_id=1043"},"modified":"2026-04-17T17:05:05","modified_gmt":"2026-04-17T15:05:05","slug":"weddings","status":"publish","type":"page","link":"https:\/\/visitsvetagora.com\/sl\/weddings\/","title":{"rendered":"Poroke"},"content":{"rendered":"<div class=\"wp-block-stackable-hero stk-block-hero stk-block stk-18c8559 is-style-default\" data-v=\"2\" data-block-id=\"18c8559\"><style>.stk-18c8559-inner-blocks{justify-content:center !important;}.stk-18c8559-container{background-image:url(https:\/\/visitsvetagora.com\/wp-content\/uploads\/2025\/12\/wedding_hero-cut.jpg) !important;background-position:top center !important;}.stk-18c8559 .stk-block-hero__content{min-height:500px !important;align-items:center !important;display:flex !important;}<\/style><div class=\"stk-block-hero__content stk-content-align stk-18c8559-column stk-container stk-18c8559-container stk-hover-parent stk--has-background-overlay\"><div class=\"stk-block-content stk-inner-blocks has-text-align-center stk--column-flex stk-18c8559-inner-blocks\">\n<div class=\"wp-block-stackable-heading stk-block-heading stk-block-heading--v2 stk-block stk-694796d\" id=\"title-for-this-block\" data-block-id=\"694796d\"><h2 class=\"stk-block-heading__text\">Title for This Block<\/h2><\/div>\n\n\n\n<div class=\"wp-block-stackable-text stk-block-text stk-block stk-5de3459\" data-block-id=\"5de3459\"><p class=\"stk-block-text__text\">Description for this block. Use this space for describing your block. Any text will do. Description for this block. You can use this space for describing your block.<\/p><\/div>\n\n\n\n<div class=\"wp-block-stackable-button-group stk-block-button-group stk-block stk-823b117\" data-block-id=\"823b117\"><div class=\"stk-row stk-inner-blocks stk-block-content stk-button-group\">\n<div class=\"wp-block-stackable-button stk-block-button stk-block stk-72bd3c7\" data-block-id=\"72bd3c7\"><a class=\"stk-link stk-button stk--hover-effect-darken\" href=\"\"><span class=\"stk-button__inner-text\">Button<\/span><\/a><\/div>\n<\/div><\/div>\n<\/div><\/div><\/div>\n\n\n\n<div class=\"wp-block-stackable-spacer stk-block-spacer stk--no-padding stk-block stk-e3a8f3a\" data-block-id=\"e3a8f3a\"><style>.stk-e3a8f3a {height:100px !important;}<\/style><\/div>\n\n\n\n<div class=\"wp-block-stackable-columns stk-block-columns stk-block stk-3cddc91\" data-block-id=\"3cddc91\"><div class=\"stk-row stk-inner-blocks stk-block-content stk-content-align stk-3cddc91-column\">\n<div class=\"wp-block-stackable-column stk-block-column stk-column stk-block stk-e619e02\" data-v=\"4\" data-block-id=\"e619e02\"><style>@media screen and (min-width:690px){.stk-e619e02 {flex:var(--stk-flex-grow, 1) 1 33.3% !important;}}<\/style><div class=\"stk-column-wrapper stk-block-column__content stk-container stk-e619e02-container stk--no-background stk--no-padding\"><div class=\"stk-block-content stk-inner-blocks stk-e619e02-inner-blocks\">\n<figure class=\"wp-block-image size-full\" data-block-type=\"core\"><img loading=\"lazy\" decoding=\"async\" width=\"960\" height=\"640\" src=\"https:\/\/visitsvetagora.com\/wp-content\/uploads\/2025\/11\/wedding-bride.jpg\" alt=\"\" class=\"wp-image-1046\" srcset=\"https:\/\/visitsvetagora.com\/wp-content\/uploads\/2025\/11\/wedding-bride.jpg 960w, https:\/\/visitsvetagora.com\/wp-content\/uploads\/2025\/11\/wedding-bride-300x200.jpg 300w, https:\/\/visitsvetagora.com\/wp-content\/uploads\/2025\/11\/wedding-bride-768x512.jpg 768w\" sizes=\"auto, (max-width: 960px) 100vw, 960px\" \/><\/figure>\n<\/div><\/div><\/div>\n\n\n\n<div class=\"wp-block-stackable-column stk-block-column stk-column stk-block stk-d90a941\" data-v=\"4\" data-block-id=\"d90a941\"><style>@media screen and (min-width:690px){.stk-d90a941 {flex:var(--stk-flex-grow, 1) 1 66.7% !important;}}<\/style><div class=\"stk-column-wrapper stk-block-column__content stk-container stk-d90a941-container stk--no-background stk--no-padding\"><div class=\"stk-block-content stk-inner-blocks stk-d90a941-inner-blocks\">\n<div class=\"wp-block-stackable-heading stk-block-heading stk-block-heading--v2 stk-block stk-c40b3bf\" id=\"an-unforgettable-experience\" data-block-id=\"c40b3bf\"><h2 class=\"stk-block-heading__text\">Nepozabna izku\u0161nja<\/h2><\/div>\n\n\n\n<p data-block-type=\"core\">Praznujte najlep\u0161i dan svojega \u017eivljenja na Sveti Gori! Osupljivi razgledi, prijetna atmosfera in okusne tradicionalne jedi bodo poskrbeli, da bo va\u0161 poro\u010dni dan nepozaben. Povabite dru\u017eino in prijatelje v na\u0161o veliko dvorano za slavja in u\u017eivajte v na\u0161i prijazni postre\u017ebi. \u010ce na\u010drtujete preno\u010ditev, vam nudimo udobno namestitev za vas in va\u0161e drage goste. In ne pozabite poljubiti svoje ljubljene osebe na vrhu zvonika ter naj zvonovi Svete Gore raz\u0161irijo veselo novico in radost va\u0161e \u017eivljenjske zveze!<\/p>\n<\/div><\/div><\/div>\n<\/div><\/div>\n\n\n\n<div class=\"wp-block-stackable-columns stk-block-columns stk-block stk-c4794e6\" data-block-id=\"c4794e6\"><div class=\"stk-row stk-inner-blocks stk-block-content stk-content-align stk-c4794e6-column\">\n<div class=\"wp-block-stackable-column stk-block-column stk-column stk-block stk-e2ff2a9\" data-v=\"4\" data-block-id=\"e2ff2a9\"><style>@media screen and (min-width:690px){.stk-e2ff2a9 {flex:var(--stk-flex-grow, 1) 1 33.3% !important;}}<\/style><div class=\"stk-column-wrapper stk-block-column__content stk-container stk-e2ff2a9-container stk--no-background stk--no-padding\"><div class=\"stk-block-content stk-inner-blocks stk-e2ff2a9-inner-blocks\">\n<figure class=\"wp-block-image size-full\" data-block-type=\"core\"><img loading=\"lazy\" decoding=\"async\" width=\"434\" height=\"289\" src=\"https:\/\/visitsvetagora.com\/wp-content\/uploads\/2025\/11\/wedding-basilica.jpg\" alt=\"\" class=\"wp-image-1047\" srcset=\"https:\/\/visitsvetagora.com\/wp-content\/uploads\/2025\/11\/wedding-basilica.jpg 434w, https:\/\/visitsvetagora.com\/wp-content\/uploads\/2025\/11\/wedding-basilica-300x200.jpg 300w\" sizes=\"auto, (max-width: 434px) 100vw, 434px\" \/><\/figure>\n<\/div><\/div><\/div>\n\n\n\n<div class=\"wp-block-stackable-column stk-block-column stk-column stk-block stk-dee0b52\" data-v=\"4\" data-block-id=\"dee0b52\"><style>@media screen and (min-width:690px){.stk-dee0b52 {flex:var(--stk-flex-grow, 1) 1 66.7% !important;}}<\/style><div class=\"stk-column-wrapper stk-block-column__content stk-container stk-dee0b52-container stk--no-background stk--no-padding\"><div class=\"stk-block-content stk-inner-blocks stk-dee0b52-inner-blocks\">\n<div class=\"wp-block-stackable-heading stk-block-heading stk-block-heading--v2 stk-block stk-26a3edd\" id=\"wedding-in-the-basilica\" data-block-id=\"26a3edd\"><h2 class=\"stk-block-heading__text\">Poroka v baziliki<\/h2><\/div>\n\n\n\n<p data-block-type=\"core\">Take this extraordinary opportunity and get married in the Basilica of Our Lady of Sveta Gora. It is an extremely rare occasion to wed in a basilica since it is the highest permanent designation for a church building, being designated by the pope for its special spiritual, historical and architectural significance. The word basilica is derived from a Greek term meaning &#8220;royal house&#8221;. Marrying in the basilica will definitely make you feel like royalty!<\/p>\n<\/div><\/div><\/div>\n<\/div><\/div>\n\n\n\n<div class=\"wp-block-stackable-columns stk-block-columns stk-block stk-54f0ee0\" data-block-id=\"54f0ee0\"><div class=\"stk-row stk-inner-blocks stk-block-content stk-content-align stk-54f0ee0-column\">\n<div class=\"wp-block-stackable-column stk-block-column stk-column stk-block stk-a9f4b86\" data-v=\"4\" data-block-id=\"a9f4b86\"><style>@media screen and (min-width:690px){.stk-a9f4b86 {flex:var(--stk-flex-grow, 1) 1 33.3% !important;}}<\/style><div class=\"stk-column-wrapper stk-block-column__content stk-container stk-a9f4b86-container stk--no-background stk--no-padding\"><div class=\"stk-block-content stk-inner-blocks stk-a9f4b86-inner-blocks\">\n<figure class=\"wp-block-image size-large\" data-block-type=\"core\"><img loading=\"lazy\" decoding=\"async\" width=\"1024\" height=\"768\" src=\"https:\/\/visitsvetagora.com\/wp-content\/uploads\/2025\/11\/wedding-civil-1024x768.jpg\" alt=\"\" class=\"wp-image-1048\" srcset=\"https:\/\/visitsvetagora.com\/wp-content\/uploads\/2025\/11\/wedding-civil-1024x768.jpg 1024w, https:\/\/visitsvetagora.com\/wp-content\/uploads\/2025\/11\/wedding-civil-300x225.jpg 300w, https:\/\/visitsvetagora.com\/wp-content\/uploads\/2025\/11\/wedding-civil-768x576.jpg 768w, https:\/\/visitsvetagora.com\/wp-content\/uploads\/2025\/11\/wedding-civil.jpg 1067w\" sizes=\"auto, (max-width: 1024px) 100vw, 1024px\" \/><\/figure>\n<\/div><\/div><\/div>\n\n\n\n<div class=\"wp-block-stackable-column stk-block-column stk-column stk-block stk-9d0eb8e\" data-v=\"4\" data-block-id=\"9d0eb8e\"><style>@media screen and (min-width:690px){.stk-9d0eb8e {flex:var(--stk-flex-grow, 1) 1 66.7% !important;}}<\/style><div class=\"stk-column-wrapper stk-block-column__content stk-container stk-9d0eb8e-container stk--no-background stk--no-padding\"><div class=\"stk-block-content stk-inner-blocks stk-9d0eb8e-inner-blocks\">\n<div class=\"wp-block-stackable-heading stk-block-heading stk-block-heading--v2 stk-block stk-c4fcf25\" id=\"civil-and-church-wedding\" data-block-id=\"c4fcf25\"><h2 class=\"stk-block-heading__text\">Civilna in cerkvena poroka<\/h2><\/div>\n\n\n\n<p data-block-type=\"core\">\u010ce niste naklonjeni cerkveni poroki, lahko zagotovimo, da na Sveto Goro pride uradnik mati\u010dnega urada in izvede civilno poro\u010dno slovesnost. Civilne poroke potekajo na travnati terasi pod restavracijo z osupljivim razgledom na mesto, smaragdno reko So\u010do in bli\u017enje gore.<\/p>\n<\/div><\/div><\/div>\n<\/div><\/div>\n\n\n\n<div class=\"wp-block-stackable-spacer stk-block-spacer stk--no-padding stk-block stk-9fc1f3d\" data-block-id=\"9fc1f3d\" data-block-type=\"core\"><\/div>\n\n\n\n<div class=\"wp-block-stackable-divider stk-block-divider stk-block stk-b739f82\" data-block-id=\"b739f82\"><hr class=\"stk-block-divider__hr\"\/><\/div>\n\n\n\n<div class=\"wp-block-stackable-spacer stk-block-spacer stk--no-padding stk-block stk-a2338a4\" data-block-id=\"a2338a4\"><\/div>\n\n\n\n<div class=\"wp-block-stackable-heading stk-block-heading stk-block-heading--v2 stk-block stk-50d9cf3\" id=\"wedding-facilities\" data-block-id=\"50d9cf3\"><h2 class=\"stk-block-heading__text has-text-align-center\">Poro\u010dne storitve<\/h2><\/div>\n\n\n\n<div class=\"wp-block-stackable-columns stk-block-columns stk-block stk-e19a8c3\" data-block-id=\"e19a8c3\"><div class=\"stk-row stk-inner-blocks stk-block-content stk-content-align stk-e19a8c3-column\">\n<div class=\"wp-block-stackable-column stk-block-column stk-column stk-block stk-83d78a3\" data-v=\"4\" data-block-id=\"83d78a3\"><div class=\"stk-column-wrapper stk-block-column__content stk-container stk-83d78a3-container stk--no-background stk--no-padding\"><div class=\"stk-block-content stk-inner-blocks stk-83d78a3-inner-blocks\">\n<div class=\"wp-block-stackable-card stk-block-card stk-block stk-d7cf931 is-style-default\" data-v=\"2\" data-block-id=\"d7cf931\"><div class=\"stk--no-padding stk-container stk-d7cf931-container stk-hover-parent\"><figure class=\"stk-block-card__image stk-img-wrapper stk-image--shape-stretch\"><img loading=\"lazy\" decoding=\"async\" class=\"stk-img wp-image-1052\" src=\"https:\/\/visitsvetagora.com\/wp-content\/uploads\/2025\/11\/wedding-accommodation.jpg\" width=\"743\" height=\"848\" srcset=\"https:\/\/visitsvetagora.com\/wp-content\/uploads\/2025\/11\/wedding-accommodation.jpg 743w, https:\/\/visitsvetagora.com\/wp-content\/uploads\/2025\/11\/wedding-accommodation-263x300.jpg 263w\" sizes=\"auto, (max-width: 743px) 100vw, 743px\" \/><\/figure><div class=\"stk-container-padding stk-block-card__content\"><div class=\"stk-block-content stk-inner-blocks stk-d7cf931-inner-blocks\">\n<div class=\"wp-block-stackable-heading stk-block-heading stk-block-heading--v2 stk-block stk-bcaf8f9\" id=\"accommodation\" data-block-id=\"bcaf8f9\"><h2 class=\"stk-block-heading__text\">Preno\u010ditve<\/h2><\/div>\n\n\n\n<div class=\"wp-block-stackable-text stk-block-text stk-block stk-9fece66\" data-block-id=\"9fece66\"><p class=\"stk-block-text__text\">Nudimo udobno namestitev za do 100 gostov v razli\u010dnih poslopjih kompleksa Sveta Gora.<\/p><\/div>\n\n\n\n<div class=\"wp-block-stackable-button-group stk-block-button-group stk-block stk-36192da\" data-block-id=\"36192da\"><div class=\"stk-row stk-inner-blocks stk-block-content stk-button-group\">\n<div class=\"wp-block-stackable-button stk-block-button stk-block stk-42d9a7a\" data-block-id=\"42d9a7a\"><a class=\"stk-link stk-button stk--hover-effect-darken\" href=\"\/sl\/accommodation\/\"><span class=\"stk-button__inner-text\">Preberi ve\u010d<\/span><\/a><\/div>\n<\/div><\/div>\n<\/div><\/div><\/div><\/div>\n<\/div><\/div><\/div>\n\n\n\n<div class=\"wp-block-stackable-column stk-block-column stk-column stk-block stk-0b975ac\" data-v=\"4\" data-block-id=\"0b975ac\"><div class=\"stk-column-wrapper stk-block-column__content stk-container stk-0b975ac-container stk--no-background stk--no-padding\"><div class=\"stk-block-content stk-inner-blocks stk-0b975ac-inner-blocks\">\n<div class=\"wp-block-stackable-card stk-block-card stk-block stk-7162df1 is-style-default\" data-v=\"2\" data-block-id=\"7162df1\"><div class=\"stk--no-padding stk-container stk-7162df1-container stk-hover-parent\"><figure class=\"stk-block-card__image stk-img-wrapper stk-image--shape-stretch\"><img loading=\"lazy\" decoding=\"async\" class=\"stk-img wp-image-1053\" src=\"https:\/\/visitsvetagora.com\/wp-content\/uploads\/2025\/11\/wedding-catering.jpg\" width=\"255\" height=\"385\" srcset=\"https:\/\/visitsvetagora.com\/wp-content\/uploads\/2025\/11\/wedding-catering.jpg 255w, https:\/\/visitsvetagora.com\/wp-content\/uploads\/2025\/11\/wedding-catering-199x300.jpg 199w\" sizes=\"auto, (max-width: 255px) 100vw, 255px\" \/><\/figure><div class=\"stk-container-padding stk-block-card__content\"><div class=\"stk-block-content stk-inner-blocks stk-7162df1-inner-blocks\">\n<div class=\"wp-block-stackable-heading stk-block-heading stk-block-heading--v2 stk-block stk-eae9272\" id=\"professional-catering\" data-block-id=\"eae9272\"><h2 class=\"stk-block-heading__text\">Profesionalni katering<\/h2><\/div>\n\n\n\n<div class=\"wp-block-stackable-text stk-block-text stk-block stk-dbacc4d\" data-block-id=\"dbacc4d\"><p class=\"stk-block-text__text\">Na\u0161a ekipa vam bo postregla z jedmi po va\u0161i izbiri in nagrajenimi vini lokalnih vinskih kleti.<\/p><\/div>\n\n\n\n<div class=\"wp-block-stackable-button-group stk-block-button-group stk-block stk-a33c1f9\" data-block-id=\"a33c1f9\"><div class=\"stk-row stk-inner-blocks stk-block-content stk-button-group\">\n<div class=\"wp-block-stackable-button stk-block-button stk-block stk-30238ce\" data-block-id=\"30238ce\"><a class=\"stk-link stk-button stk--hover-effect-darken\" href=\"\/sl\/restaurant\/\"><span class=\"stk-button__inner-text\">Preberi ve\u010d<\/span><\/a><\/div>\n<\/div><\/div>\n<\/div><\/div><\/div><\/div>\n<\/div><\/div><\/div>\n\n\n\n<div class=\"wp-block-stackable-column stk-block-column stk-column stk-block stk-a84130f\" data-v=\"4\" data-block-id=\"a84130f\"><div class=\"stk-column-wrapper stk-block-column__content stk-container stk-a84130f-container stk--no-background stk--no-padding\"><div class=\"stk-block-content stk-inner-blocks stk-a84130f-inner-blocks\">\n<div class=\"wp-block-stackable-card stk-block-card stk-block stk-0b817ec is-style-default\" data-v=\"2\" data-block-id=\"0b817ec\"><div class=\"stk--no-padding stk-container stk-0b817ec-container stk-hover-parent\"><figure class=\"stk-block-card__image stk-img-wrapper stk-image--shape-stretch\"><img loading=\"lazy\" decoding=\"async\" class=\"stk-img wp-image-1054\" src=\"https:\/\/visitsvetagora.com\/wp-content\/uploads\/2025\/11\/wedding-bell_tower.jpg\" width=\"330\" height=\"384\" srcset=\"https:\/\/visitsvetagora.com\/wp-content\/uploads\/2025\/11\/wedding-bell_tower.jpg 330w, https:\/\/visitsvetagora.com\/wp-content\/uploads\/2025\/11\/wedding-bell_tower-258x300.jpg 258w\" sizes=\"auto, (max-width: 330px) 100vw, 330px\" \/><\/figure><div class=\"stk-container-padding stk-block-card__content\"><div class=\"stk-block-content stk-inner-blocks stk-0b817ec-inner-blocks\">\n<div class=\"wp-block-stackable-heading stk-block-heading stk-block-heading--v2 stk-block stk-77f9861\" id=\"bell-tower\" data-block-id=\"77f9861\"><h2 class=\"stk-block-heading__text\">Zvonik<\/h2><\/div>\n\n\n\n<div class=\"wp-block-stackable-text stk-block-text stk-block stk-ec2e004\" data-block-id=\"ec2e004\"><p class=\"stk-block-text__text\">Vzpnite se po stopnicah na vrh zvonika in poljubite svojo ljubljeno osebo na najvi\u0161ji to\u010dki Svete Gore!<\/p><\/div>\n<\/div><\/div><\/div><\/div>\n<\/div><\/div><\/div>\n<\/div><\/div>\n\n\n\n<div class=\"wp-block-stackable-call-to-action stk-block-call-to-action stk-block stk-117c032 is-style-default\" data-v=\"2\" data-block-id=\"117c032\"><div class=\"stk-block-call-to-action__content stk-content-align stk-117c032-column stk-container stk-117c032-container stk-hover-parent\"><div class=\"has-text-align-center stk-block-content stk-inner-blocks stk-117c032-inner-blocks\">\n<div class=\"wp-block-stackable-heading stk-block-heading stk-block-heading--v2 stk-block stk-8347f86\" id=\"book-your-wedding\" data-block-id=\"8347f86\"><h3 class=\"stk-block-heading__text\">Rezervirajte svojo poroko<\/h3><\/div>\n\n\n\n<div class=\"wp-block-stackable-button-group stk-block-button-group stk-block stk-e261848\" data-block-id=\"e261848\"><div class=\"stk-row stk-inner-blocks stk-block-content stk-button-group\">\n<div class=\"wp-block-stackable-button stk-block-button stk-block stk-4b62191\" data-block-id=\"4b62191\"><a class=\"stk-link stk-button stk--hover-effect-darken\" href=\"\/sl\/contact\/\"><span class=\"stk-button__inner-text\">Rezervacija<\/span><\/a><\/div>\n<\/div><\/div>\n<\/div><\/div><\/div>\n\n\n\n<p data-block-type=\"core\"><\/p>","protected":false},"excerpt":{"rendered":"<p>Title for This Block Description for this block. Use this space for describing your block. Any text will do. Description for this block. You can use this space for describing [&hellip;]<\/p>","protected":false},"author":1,"featured_media":0,"parent":0,"menu_order":0,"comment_status":"closed","ping_status":"closed","template":"","meta":{"footnotes":""},"class_list":["post-1043","page","type-page","status-publish","hentry"],"blocksy_meta":[],"_links":{"self":[{"href":"https:\/\/visitsvetagora.com\/sl\/wp-json\/wp\/v2\/pages\/1043","targetHints":{"allow":["GET"]}}],"collection":[{"href":"https:\/\/visitsvetagora.com\/sl\/wp-json\/wp\/v2\/pages"}],"about":[{"href":"https:\/\/visitsvetagora.com\/sl\/wp-json\/wp\/v2\/types\/page"}],"author":[{"embeddable":true,"href":"https:\/\/visitsvetagora.com\/sl\/wp-json\/wp\/v2\/users\/1"}],"replies":[{"embeddable":true,"href":"https:\/\/visitsvetagora.com\/sl\/wp-json\/wp\/v2\/comments?post=1043"}],"version-history":[{"count":21,"href":"https:\/\/visitsvetagora.com\/sl\/wp-json\/wp\/v2\/pages\/1043\/revisions"}],"predecessor-version":[{"id":1969,"href":"https:\/\/visitsvetagora.com\/sl\/wp-json\/wp\/v2\/pages\/1043\/revisions\/1969"}],"wp:attachment":[{"href":"https:\/\/visitsvetagora.com\/sl\/wp-json\/wp\/v2\/media?parent=1043"}],"curies":[{"name":"wp","href":"https:\/\/api.w.org\/{rel}","templated":true}]}}