{"id":1069,"date":"2025-11-19T15:45:49","date_gmt":"2025-11-19T15:45:49","guid":{"rendered":"https:\/\/visitsvetagora.com\/?page_id=1069"},"modified":"2026-04-10T17:30:10","modified_gmt":"2026-04-10T15:30:10","slug":"groups-old","status":"publish","type":"page","link":"https:\/\/visitsvetagora.com\/sl\/groups-old\/","title":{"rendered":"Groups (old)"},"content":{"rendered":"<div class=\"wp-block-stackable-hero stk-block-hero stk-block stk-3c391fe is-style-default\" data-v=\"2\" data-block-id=\"3c391fe\"><style>.stk-3c391fe-inner-blocks{justify-content:center !important;}.stk-3c391fe-container{background-image:url(https:\/\/visitsvetagora.com\/wp-content\/uploads\/2025\/11\/groups-hero_short.jpg) !important;}.stk-3c391fe .stk-block-hero__content{min-height:500px !important;align-items:center !important;display:flex !important;}<\/style><div class=\"stk-block-hero__content stk-content-align stk-3c391fe-column stk-container stk-3c391fe-container stk-hover-parent stk--has-background-overlay\"><div class=\"stk-block-content stk-inner-blocks has-text-align-center stk--column-flex stk-3c391fe-inner-blocks\">\n<div class=\"wp-block-stackable-heading stk-block-heading stk-block-heading--v2 stk-block stk-4053837\" id=\"group-stays-workshops-and-conferences\" data-block-id=\"4053837\"><style>.stk-4053837 {margin-bottom:var(--stk--preset--spacing--80, 5.06rem) !important;top:-14px !important;}.stk-4053837 .stk-block-heading__text{text-shadow:2px 4px 5px #00000066 !important;color:var(--theme-palette-color-8, #ffffff) !important;}<\/style><h1 class=\"stk-block-heading__text has-text-color\">Skupinska nastanitev, delavnice in konference<\/h1><\/div>\n\n\n\n<div class=\"wp-block-stackable-subtitle stk-block-subtitle stk-block stk-8263b72\" data-block-id=\"8263b72\"><style>.stk-8263b72 .stk-block-subtitle__text{text-shadow:2px 4px 5px #00000066 !important;font-size:var(--stk--preset--font-size--medium, 20px) !important;color:var(--theme-palette-color-8, #ffffff) !important;}@media screen and (max-width:999px){.stk-8263b72 .stk-block-subtitle__text{font-size:var(--stk--preset--font-size--medium, 20px) !important;}}<\/style><p class=\"stk-block-subtitle__text stk-subtitle has-text-color\">Fleksibilna nastanitev, prostori za sre\u010danja in celotna ponudba za skupine od 10\u201350+ oseb<\/p><\/div>\n<\/div><\/div><\/div>\n\n\n\n<div class=\"wp-block-stackable-spacer stk-block-spacer stk--no-padding stk-block stk-d6bce03\" data-block-id=\"d6bce03\"><style>.stk-d6bce03 {height:100px !important;}<\/style><\/div>\n\n\n\n<div class=\"wp-block-stackable-columns stk-block-columns stk-block stk-e18e919\" data-block-id=\"e18e919\"><style>.stk-e18e919 .stk--block-align-e18e919{align-items:center !important;}<\/style><div class=\"stk-row stk-inner-blocks stk--block-align-e18e919 stk-block-content stk-content-align stk-e18e919-column\">\n<div class=\"wp-block-stackable-column stk-block-column stk-column stk-block stk-bbad559\" data-v=\"4\" data-block-id=\"bbad559\"><style>@media screen and (min-width:690px){.stk-bbad559 {flex:var(--stk-flex-grow, 1) 1 33.3% !important;}}<\/style><div class=\"stk-column-wrapper stk-block-column__content stk-container stk-bbad559-container stk--no-background stk--no-padding\"><div class=\"stk-block-content stk-inner-blocks stk-bbad559-inner-blocks\">\n<figure class=\"wp-block-image size-large\" data-block-type=\"core\"><img loading=\"lazy\" decoding=\"async\" width=\"1024\" height=\"682\" src=\"https:\/\/visitsvetagora.com\/wp-content\/uploads\/2025\/11\/groups-conference-1024x682.jpg\" alt=\"\" class=\"wp-image-1072\" srcset=\"https:\/\/visitsvetagora.com\/wp-content\/uploads\/2025\/11\/groups-conference-1024x682.jpg 1024w, https:\/\/visitsvetagora.com\/wp-content\/uploads\/2025\/11\/groups-conference-300x200.jpg 300w, https:\/\/visitsvetagora.com\/wp-content\/uploads\/2025\/11\/groups-conference-768x512.jpg 768w, https:\/\/visitsvetagora.com\/wp-content\/uploads\/2025\/11\/groups-conference.jpg 1100w\" sizes=\"auto, (max-width: 1024px) 100vw, 1024px\" \/><\/figure>\n<\/div><\/div><\/div>\n\n\n\n<div class=\"wp-block-stackable-column stk-block-column stk-column stk-block stk-e5e44fa\" data-v=\"4\" data-block-id=\"e5e44fa\"><style>@media screen and (min-width:690px){.stk-e5e44fa {flex:var(--stk-flex-grow, 1) 1 66.7% !important;}}<\/style><div class=\"stk-column-wrapper stk-block-column__content stk-container stk-e5e44fa-container stk--no-background stk--no-padding\"><div class=\"stk-block-content stk-inner-blocks stk-e5e44fa-inner-blocks\">\n<div class=\"wp-block-stackable-heading stk-block-heading stk-block-heading--v2 stk-block stk-899937d\" id=\"conference-hall\" data-block-id=\"899937d\"><h2 class=\"stk-block-heading__text\">Konferen\u010dna dvorana<\/h2><\/div>\n\n\n\n<div class=\"wp-block-stackable-text stk-block-text stk-block stk-4b83d27\" data-block-id=\"4b83d27\"><style>.stk-4b83d27 .stk-block-text__text{font-size:16px !important;}@media screen and (max-width:999px){.stk-4b83d27 .stk-block-text__text{font-size:16px !important;}}<\/style><p class=\"stk-block-text__text\">Sveta Gora ponuja dve kongresni dvorani z lastnim izhodom na teraso. Manj\u0161a dvorana ima povr\u0161ino 50 m\u00b2 in se lahko uporablja za predavanja, gledali\u0161ke predstave, \u0161olske projekte itd. Dvorana ima tudi video projektor. Ve\u010dja dvorana ima povr\u0161ino 100 m\u00b2 in je primerna za seminarje, recepcije, poroke, glasbo v \u017eivo, ples in druge dogodke.<br><br>Cena najema:&nbsp;<br>- pol dneva: 100\u20ac<br>- cel dan: 200\u20ac<\/p><\/div>\n<\/div><\/div><\/div>\n<\/div><\/div>\n\n\n\n<div class=\"wp-block-stackable-columns stk-block-columns stk-block stk-c1ddc80\" data-block-id=\"c1ddc80\"><style>.stk-c1ddc80 .stk--block-align-c1ddc80{align-items:center !important;}<\/style><div class=\"stk-row stk-inner-blocks stk--block-align-c1ddc80 stk-block-content stk-content-align stk-c1ddc80-column\">\n<div class=\"wp-block-stackable-column stk-block-column stk-column stk-block stk-48a7215\" data-v=\"4\" data-block-id=\"48a7215\"><style>@media screen and (min-width:690px){.stk-48a7215 {flex:var(--stk-flex-grow, 1) 1 33.3% !important;}}<\/style><div class=\"stk-column-wrapper stk-block-column__content stk-container stk-48a7215-container stk--no-background stk--no-padding\"><div class=\"stk-block-content stk-inner-blocks stk-48a7215-inner-blocks\">\n<figure class=\"wp-block-image size-full\" data-block-type=\"core\"><img loading=\"lazy\" decoding=\"async\" width=\"434\" height=\"434\" src=\"https:\/\/visitsvetagora.com\/wp-content\/uploads\/2025\/11\/groups-business_meeting.jpg\" alt=\"\" class=\"wp-image-1074\" srcset=\"https:\/\/visitsvetagora.com\/wp-content\/uploads\/2025\/11\/groups-business_meeting.jpg 434w, https:\/\/visitsvetagora.com\/wp-content\/uploads\/2025\/11\/groups-business_meeting-300x300.jpg 300w, https:\/\/visitsvetagora.com\/wp-content\/uploads\/2025\/11\/groups-business_meeting-150x150.jpg 150w\" sizes=\"auto, (max-width: 434px) 100vw, 434px\" \/><\/figure>\n<\/div><\/div><\/div>\n\n\n\n<div class=\"wp-block-stackable-column stk-block-column stk-column stk-block stk-184ad37\" data-v=\"4\" data-block-id=\"184ad37\"><style>@media screen and (min-width:690px){.stk-184ad37 {flex:var(--stk-flex-grow, 1) 1 66.7% !important;}}<\/style><div class=\"stk-column-wrapper stk-block-column__content stk-container stk-184ad37-container stk--no-background stk--no-padding\"><div class=\"stk-block-content stk-inner-blocks stk-184ad37-inner-blocks\">\n<div class=\"wp-block-stackable-heading stk-block-heading stk-block-heading--v2 stk-block stk-d5d4613\" id=\"business-meetings\" data-block-id=\"d5d4613\"><h2 class=\"stk-block-heading__text\">Poslovni sestanki<\/h2><\/div>\n\n\n\n<div class=\"wp-block-stackable-text stk-block-text stk-block stk-9342a73\" data-block-id=\"9342a73\"><style>.stk-9342a73 .stk-block-text__text{font-size:16px !important;}@media screen and (max-width:999px){.stk-9342a73 .stk-block-text__text{font-size:16px !important;}}<\/style><p class=\"stk-block-text__text\">Svoje poslovne sestanke izvedite v konferen\u010dni dvorani Alpe-Adria, gostite svoje sodelavce in na\u010drtujte prihodnost svojega podjetja, ob tem pa vam je na voljo prostoren in odmaknjen delovni prostor, profesionalna gostinska postre\u017eba ter udobna namestitev. Povabite svoje kolege in delajte v miru, u\u017eivajte v tradicionalnih jedeh ter si med odmori napolnite baterije ob ob\u010dudovanju \u010dudovite narave okoli vas. Mirna in energijsko mo\u010dna lokacija vam bo pomagala re\u0161iti va\u0161e poslovne izzive v najkraj\u0161em \u010dasu!<br>Na\u0161i objekti nudijo tudi pomirjujo\u010do namestitev in veliko prostora za poslovna dru\u017eenja ter raznovrstne team-building aktivnosti.<br><br>Cena najema:<br>- pol dneva: 40\u20ac<br>- cel dan: 70\u20ac<\/p><\/div>\n<\/div><\/div><\/div>\n<\/div><\/div>\n\n\n\n<div class=\"wp-block-stackable-spacer stk-block-spacer stk--no-padding stk-block stk-9fc1f3d\" data-block-id=\"9fc1f3d\" data-block-type=\"core\"><\/div>\n\n\n\n<div class=\"wp-block-stackable-divider stk-block-divider stk-block stk-b739f82\" data-block-id=\"b739f82\"><hr class=\"stk-block-divider__hr\"\/><\/div>\n\n\n\n<div class=\"wp-block-stackable-spacer stk-block-spacer stk--no-padding stk-block stk-a2338a4\" data-block-id=\"a2338a4\"><\/div>\n\n\n\n<div class=\"wp-block-stackable-heading stk-block-heading stk-block-heading--v2 stk-block stk-d4d9edc\" id=\"a-place-to-withdraw-from-the-world\" data-block-id=\"d4d9edc\"><h4 class=\"stk-block-heading__text has-text-align-center\">PROSTOR ZA ODMIK<\/h4><\/div>\n\n\n\n<div class=\"wp-block-stackable-heading stk-block-heading stk-block-heading--v2 stk-block stk-94020d3\" id=\"group-offers\" data-block-id=\"94020d3\"><h2 class=\"stk-block-heading__text has-text-align-center\">Ponudba za skupine<\/h2><\/div>\n\n\n\n<div class=\"wp-block-stackable-columns stk-block-columns stk-block stk-82a8747\" data-block-id=\"82a8747\"><div class=\"stk-row stk-inner-blocks stk-block-content stk-content-align stk-82a8747-column\">\n<div class=\"wp-block-stackable-column stk-block-column stk-column stk-block stk-250090d\" data-v=\"4\" data-block-id=\"250090d\"><div class=\"stk-column-wrapper stk-block-column__content stk-container stk-250090d-container stk--no-background stk--no-padding\"><div class=\"stk-block-content stk-inner-blocks stk-250090d-inner-blocks\">\n<div class=\"wp-block-stackable-card stk-block-card stk-block stk-77280f9 is-style-default\" data-v=\"2\" data-block-id=\"77280f9\"><div class=\"stk--no-padding stk-container stk-77280f9-container stk-hover-parent\"><figure class=\"stk-block-card__image stk-img-wrapper stk-image--shape-stretch\"><img loading=\"lazy\" decoding=\"async\" class=\"stk-img wp-image-1121\" src=\"https:\/\/visitsvetagora.com\/wp-content\/uploads\/2025\/11\/groups-spiritual_renewal.jpg\" width=\"960\" height=\"641\" srcset=\"https:\/\/visitsvetagora.com\/wp-content\/uploads\/2025\/11\/groups-spiritual_renewal.jpg 960w, https:\/\/visitsvetagora.com\/wp-content\/uploads\/2025\/11\/groups-spiritual_renewal-300x200.jpg 300w, https:\/\/visitsvetagora.com\/wp-content\/uploads\/2025\/11\/groups-spiritual_renewal-768x513.jpg 768w, https:\/\/visitsvetagora.com\/wp-content\/uploads\/2025\/11\/groups-spiritual_renewal-18x12.jpg 18w\" sizes=\"auto, (max-width: 960px) 100vw, 960px\" \/><\/figure><div class=\"stk-container-padding stk-block-card__content\"><div class=\"stk-block-content stk-inner-blocks stk-77280f9-inner-blocks\">\n<div class=\"wp-block-stackable-heading stk-block-heading stk-block-heading--v2 stk-block stk-b5e978f\" id=\"spiritual-renewal\" data-block-id=\"b5e978f\"><h3 class=\"stk-block-heading__text has-text-align-center\">Duhovna po\u017eivitev<\/h3><\/div>\n\n\n\n<div class=\"wp-block-stackable-text stk-block-text stk-block stk-d60dcc7\" data-block-id=\"d60dcc7\"><style>.stk-d60dcc7 .stk-block-text__text{font-size:16px !important;}@media screen and (max-width:999px){.stk-d60dcc7 .stk-block-text__text{font-size:16px !important;}}<\/style><p class=\"stk-block-text__text\">Sveta Gora, with its apparition of Mother Mary, the basilica, chapels, the Franciscan monastery, daily catholic masses, Saint Francis and other places of religious significance, is a perfect place for your group&#8217;s spiritual renewal. We help parishes organize their pilgrimages to us and provide beautiful&nbsp;accommodation in <a href=\"\/sl\/youth-center-tau\/\">Tau Center<\/a> where you can have your own private chapel and workshop space.<\/p><\/div>\n<\/div><\/div><\/div><\/div>\n<\/div><\/div><\/div>\n\n\n\n<div class=\"wp-block-stackable-column stk-block-column stk-column stk-block stk-d664b93\" data-v=\"4\" data-block-id=\"d664b93\"><div class=\"stk-column-wrapper stk-block-column__content stk-container stk-d664b93-container stk--no-background stk--no-padding\"><div class=\"stk-block-content stk-inner-blocks stk-d664b93-inner-blocks\">\n<div class=\"wp-block-stackable-card stk-block-card stk-block stk-99fe4f5 is-style-default\" data-v=\"2\" data-block-id=\"99fe4f5\"><div class=\"stk--no-padding stk-container stk-99fe4f5-container stk-hover-parent\"><figure class=\"stk-block-card__image stk-img-wrapper stk-image--shape-stretch\"><img loading=\"lazy\" decoding=\"async\" class=\"stk-img wp-image-1122\" src=\"https:\/\/visitsvetagora.com\/wp-content\/uploads\/2025\/11\/groups-retreats.jpg\" width=\"1124\" height=\"750\" srcset=\"https:\/\/visitsvetagora.com\/wp-content\/uploads\/2025\/11\/groups-retreats.jpg 1124w, https:\/\/visitsvetagora.com\/wp-content\/uploads\/2025\/11\/groups-retreats-300x200.jpg 300w, https:\/\/visitsvetagora.com\/wp-content\/uploads\/2025\/11\/groups-retreats-1024x683.jpg 1024w, https:\/\/visitsvetagora.com\/wp-content\/uploads\/2025\/11\/groups-retreats-768x512.jpg 768w, https:\/\/visitsvetagora.com\/wp-content\/uploads\/2025\/11\/groups-retreats-18x12.jpg 18w\" sizes=\"auto, (max-width: 1124px) 100vw, 1124px\" \/><\/figure><div class=\"stk-container-padding stk-block-card__content\"><div class=\"stk-block-content stk-inner-blocks stk-99fe4f5-inner-blocks\">\n<div class=\"wp-block-stackable-heading stk-block-heading stk-block-heading--v2 stk-block stk-d25e2ba\" id=\"well-being-retreats\" data-block-id=\"d25e2ba\"><h3 class=\"stk-block-heading__text has-text-align-center\">Umiki za dobro po\u010dutje<\/h3><\/div>\n\n\n\n<div class=\"wp-block-stackable-text stk-block-text stk-block stk-10bce59\" data-block-id=\"10bce59\"><style>.stk-10bce59 .stk-block-text__text{font-size:16px !important;}@media screen and (max-width:999px){.stk-10bce59 .stk-block-text__text{font-size:16px !important;}}<\/style><p class=\"stk-block-text__text\">Having been a place of spiritual focus, withdrawal and growth for millions of people for the past 500 years, Sveta Gora is just the right place to support your group in their spiritual, mental and physical wellbeing. The <a href=\"\/sl\/youth-center-tau\/\">Tau Center<\/a> provides you with a large hall for gatherings, exercises and programs, while the intimate chapel offers silent ambiance for deep meditation and contemplation.<\/p><\/div>\n<\/div><\/div><\/div><\/div>\n<\/div><\/div><\/div>\n\n\n\n<div class=\"wp-block-stackable-column stk-block-column stk-column stk-block stk-bbd4e65\" data-v=\"4\" data-block-id=\"bbd4e65\"><div class=\"stk-column-wrapper stk-block-column__content stk-container stk-bbd4e65-container stk--no-background stk--no-padding\"><div class=\"stk-block-content stk-inner-blocks stk-bbd4e65-inner-blocks\">\n<div class=\"wp-block-stackable-card stk-block-card stk-block stk-504c25a is-style-default\" data-v=\"2\" data-block-id=\"504c25a\"><div class=\"stk--no-padding stk-container stk-504c25a-container stk-hover-parent\"><figure class=\"stk-block-card__image stk-img-wrapper stk-image--shape-stretch\"><img loading=\"lazy\" decoding=\"async\" class=\"stk-img wp-image-1123\" src=\"https:\/\/visitsvetagora.com\/wp-content\/uploads\/2025\/11\/groups-youth.jpg\" width=\"960\" height=\"640\" srcset=\"https:\/\/visitsvetagora.com\/wp-content\/uploads\/2025\/11\/groups-youth.jpg 960w, https:\/\/visitsvetagora.com\/wp-content\/uploads\/2025\/11\/groups-youth-300x200.jpg 300w, https:\/\/visitsvetagora.com\/wp-content\/uploads\/2025\/11\/groups-youth-768x512.jpg 768w, https:\/\/visitsvetagora.com\/wp-content\/uploads\/2025\/11\/groups-youth-18x12.jpg 18w\" sizes=\"auto, (max-width: 960px) 100vw, 960px\" \/><\/figure><div class=\"stk-container-padding stk-block-card__content\"><div class=\"stk-block-content stk-inner-blocks stk-504c25a-inner-blocks\">\n<div class=\"wp-block-stackable-heading stk-block-heading stk-block-heading--v2 stk-block stk-23322d5\" id=\"youth-camps\" data-block-id=\"23322d5\"><h3 class=\"stk-block-heading__text has-text-align-center\">Mladinski tabori<\/h3><\/div>\n\n\n\n<div class=\"wp-block-stackable-text stk-block-text stk-block stk-28a256f\" data-block-id=\"28a256f\"><style>.stk-28a256f .stk-block-text__text{font-size:16px !important;}@media screen and (max-width:999px){.stk-28a256f .stk-block-text__text{font-size:16px !important;}}<\/style><p class=\"stk-block-text__text\">As a place dedicated to making our world a better place, we fully support the organization of youth camps, especially in the summer months, where they can use the facilities of <a href=\"\/sl\/youth-center-tau\/\">Tau Center<\/a> to host their activities, accommodate the youth and provide for all-day care.<\/p><\/div>\n<\/div><\/div><\/div><\/div>\n<\/div><\/div><\/div>\n<\/div><\/div>","protected":false},"excerpt":{"rendered":"<p>Group Stays, Workshops and Conferences Flexible accommodation, meeting spaces, and full facilities for groups of 10\u201350+ people. Conference hall The Sveta Gora complex offers you two conference halls with their [&hellip;]<\/p>","protected":false},"author":1,"featured_media":0,"parent":0,"menu_order":0,"comment_status":"closed","ping_status":"closed","template":"","meta":{"footnotes":""},"class_list":["post-1069","page","type-page","status-publish","hentry"],"blocksy_meta":{"disable_featured_image":"no","disable_header":"no","styles_descriptor":{"styles":{"desktop":"","tablet":"","mobile":""},"google_fonts":[],"version":6}},"_links":{"self":[{"href":"https:\/\/visitsvetagora.com\/sl\/wp-json\/wp\/v2\/pages\/1069","targetHints":{"allow":["GET"]}}],"collection":[{"href":"https:\/\/visitsvetagora.com\/sl\/wp-json\/wp\/v2\/pages"}],"about":[{"href":"https:\/\/visitsvetagora.com\/sl\/wp-json\/wp\/v2\/types\/page"}],"author":[{"embeddable":true,"href":"https:\/\/visitsvetagora.com\/sl\/wp-json\/wp\/v2\/users\/1"}],"replies":[{"embeddable":true,"href":"https:\/\/visitsvetagora.com\/sl\/wp-json\/wp\/v2\/comments?post=1069"}],"version-history":[{"count":30,"href":"https:\/\/visitsvetagora.com\/sl\/wp-json\/wp\/v2\/pages\/1069\/revisions"}],"predecessor-version":[{"id":1944,"href":"https:\/\/visitsvetagora.com\/sl\/wp-json\/wp\/v2\/pages\/1069\/revisions\/1944"}],"wp:attachment":[{"href":"https:\/\/visitsvetagora.com\/sl\/wp-json\/wp\/v2\/media?parent=1069"}],"curies":[{"name":"wp","href":"https:\/\/api.w.org\/{rel}","templated":true}]}}