{"id":1387,"date":"2026-01-22T14:30:32","date_gmt":"2026-01-22T13:30:32","guid":{"rendered":"https:\/\/visitsvetagora.com\/?page_id=1387"},"modified":"2026-05-06T12:13:10","modified_gmt":"2026-05-06T10:13:10","slug":"board-game-workshop","status":"publish","type":"page","link":"https:\/\/visitsvetagora.com\/sl\/board-game-workshop\/","title":{"rendered":"Board game workshop"},"content":{"rendered":"<div class=\"wp-block-stackable-hero stk-block-hero stk-block stk-879e412 is-style-default\" data-v=\"2\" data-block-id=\"879e412\"><style>.stk-879e412-inner-blocks{justify-content:center !important;}.stk-879e412-container{background-image:url(https:\/\/visitsvetagora.com\/wp-content\/uploads\/2026\/04\/boardgames_hero.jpg) !important;background-position:top center !important;}.stk-879e412 .stk-block-hero__content{min-height:500px !important;align-items:center !important;display:flex !important;}<\/style><div class=\"stk-block-hero__content stk-content-align stk-879e412-column stk-container stk-879e412-container stk-hover-parent stk--has-background-overlay\"><div class=\"stk-block-content stk-inner-blocks has-text-align-center stk--column-flex stk-879e412-inner-blocks\">\n<div class=\"wp-block-stackable-heading stk-block-heading stk-block-heading--v2 stk-block stk-c6851ba\" id=\"board-games-are-fun\" data-block-id=\"c6851ba\"><style>.stk-c6851ba .stk-block-heading__text{text-shadow:2px 4px 5px #00000066 !important;color:var(--theme-palette-color-8, #ffffff) !important;}<\/style><h2 class=\"stk-block-heading__text has-text-color\">Igrajmo dru\u017eabne igre<\/h2><\/div>\n<\/div><\/div><\/div>\n\n\n\n<div class=\"wp-block-stackable-heading stk-block-heading stk-block-heading--v2 stk-block stk-ccf7ac1\" id=\"what-we-do\" data-block-id=\"ccf7ac1\"><h2 class=\"stk-block-heading__text\">Kaj po\u010dnemo<\/h2><\/div>\n\n\n\n<ul class=\"wp-block-list\" data-block-type=\"core\">\n<li data-block-type=\"core\">Igramo <strong>razne dru\u017eabne in gibalne igre<\/strong>, mini turnirji in ekipni izzivi<\/li>\n\n\n\n<li data-block-type=\"core\">Re\u0161ujemo <strong>uganke in miselne izzive<\/strong><\/li>\n\n\n\n<li data-block-type=\"core\">Sodelujemo v ekipah, menjamo vloge in se u\u010dimo <strong>po\u0161tenega igranja<\/strong><\/li>\n\n\n\n<li data-block-type=\"core\"><strong>Star\u0161i lahko soustvarjate dan<\/strong> z igrami iz svojega otro\u0161tva<\/li>\n<\/ul>\n\n\n\n<figure class=\"wp-block-gallery has-nested-images columns-default is-cropped wp-block-gallery-1 is-layout-flex wp-block-gallery-is-layout-flex\" data-block-type=\"core\">\n<figure class=\"wp-block-image size-large\" data-block-type=\"core\"><img loading=\"lazy\" decoding=\"async\" width=\"1024\" height=\"768\" data-id=\"1880\" src=\"https:\/\/visitsvetagora.com\/wp-content\/uploads\/2026\/04\/svetogorski_clovek_ne_jezi_se-1024x768.jpg\" alt=\"Svetogorski \u010clovek ne jezi se\" class=\"wp-image-1880\" srcset=\"https:\/\/visitsvetagora.com\/wp-content\/uploads\/2026\/04\/svetogorski_clovek_ne_jezi_se-1024x768.jpg 1024w, https:\/\/visitsvetagora.com\/wp-content\/uploads\/2026\/04\/svetogorski_clovek_ne_jezi_se-300x225.jpg 300w, https:\/\/visitsvetagora.com\/wp-content\/uploads\/2026\/04\/svetogorski_clovek_ne_jezi_se-768x576.jpg 768w, https:\/\/visitsvetagora.com\/wp-content\/uploads\/2026\/04\/svetogorski_clovek_ne_jezi_se-1536x1152.jpg 1536w, https:\/\/visitsvetagora.com\/wp-content\/uploads\/2026\/04\/svetogorski_clovek_ne_jezi_se-2048x1536.jpg 2048w, https:\/\/visitsvetagora.com\/wp-content\/uploads\/2026\/04\/svetogorski_clovek_ne_jezi_se-16x12.jpg 16w\" sizes=\"auto, (max-width: 1024px) 100vw, 1024px\" \/><figcaption class=\"wp-element-caption\">Svetogorski \u010clovek ne jezi se<\/figcaption><\/figure>\n\n\n\n<figure class=\"wp-block-image size-large\" data-block-type=\"core\"><img loading=\"lazy\" decoding=\"async\" width=\"1024\" height=\"768\" data-id=\"1881\" src=\"https:\/\/visitsvetagora.com\/wp-content\/uploads\/2026\/04\/namizne_igre-1024x768.jpg\" alt=\"Karte, domine, ostale namizne igre\" class=\"wp-image-1881\" srcset=\"https:\/\/visitsvetagora.com\/wp-content\/uploads\/2026\/04\/namizne_igre-1024x768.jpg 1024w, https:\/\/visitsvetagora.com\/wp-content\/uploads\/2026\/04\/namizne_igre-300x225.jpg 300w, https:\/\/visitsvetagora.com\/wp-content\/uploads\/2026\/04\/namizne_igre-768x576.jpg 768w, https:\/\/visitsvetagora.com\/wp-content\/uploads\/2026\/04\/namizne_igre-1536x1152.jpg 1536w, https:\/\/visitsvetagora.com\/wp-content\/uploads\/2026\/04\/namizne_igre-2048x1536.jpg 2048w, https:\/\/visitsvetagora.com\/wp-content\/uploads\/2026\/04\/namizne_igre-16x12.jpg 16w\" sizes=\"auto, (max-width: 1024px) 100vw, 1024px\" \/><figcaption class=\"wp-element-caption\">Karte, domine in ostale namizne igre<\/figcaption><\/figure>\n<\/figure>\n\n\n\n<div class=\"wp-block-stackable-heading stk-block-heading stk-block-heading--v2 stk-block stk-1cf9392\" id=\"why-this-is-valuable\" data-block-id=\"1cf9392\"><h2 class=\"stk-block-heading__text\">Zakaj je to dragoceno<\/h2><\/div>\n\n\n\n<ul class=\"wp-block-list\" data-block-type=\"core\">\n<li data-block-type=\"core\">Razvija <strong>strate\u0161ko razmi\u0161ljanje in re\u0161evanje problemov<\/strong><\/li>\n\n\n\n<li data-block-type=\"core\">Krepi <strong>komunikacijo in timsko delo<\/strong><\/li>\n\n\n\n<li data-block-type=\"core\">Spodbuja <strong>ustvarjalnost in dru\u017eenje<\/strong><\/li>\n\n\n\n<li data-block-type=\"core\">Nudi <strong>kakovostno zabavo brez zaslonov<\/strong><\/li>\n<\/ul>\n\n\n\n<div class=\"wp-block-stackable-heading stk-block-heading stk-block-heading--v2 stk-block stk-d04ecae\" id=\"who-this-is-for\" data-block-id=\"d04ecae\"><h2 class=\"stk-block-heading__text\">Komu je namenjeno<\/h2><\/div>\n\n\n\n<div class=\"wp-block-stackable-text stk-block-text stk-block stk-9b88426\" data-block-id=\"9b88426\"><p class=\"stk-block-text__text\">Ta delavnica je primerna za:<\/p><\/div>\n\n\n\n<ul class=\"wp-block-list\" data-block-type=\"core\">\n<li data-block-type=\"core\">\u0161olske skupine<\/li>\n\n\n\n<li data-block-type=\"core\">mladinske skupine in tabore<\/li>\n\n\n\n<li data-block-type=\"core\">team buildinge in organizacije<\/li>\n<\/ul>\n\n\n\n<div class=\"wp-block-stackable-heading stk-block-heading stk-block-heading--v2 stk-block stk-5eabdba\" id=\"practical-information\" data-block-id=\"5eabdba\"><h2 class=\"stk-block-heading__text\">Practical Information<\/h2><\/div>\n\n\n\n<ul class=\"wp-block-list\" data-block-type=\"core\">\n<li data-block-type=\"core\"><strong>Kdaj:<\/strong> 16. 5. 2026, 10:00<\/li>\n\n\n\n<li data-block-type=\"core\"><strong>Kje:<\/strong> Mladinski center Tau, Sveta Gora 5<\/li>\n\n\n\n<li data-block-type=\"core\"><strong>Za koga:<\/strong> dobrodo\u0161li vsi; otroci, mladostniki in odrasli<\/li>\n\n\n\n<li data-block-type=\"core\"><strong>Trajanje:<\/strong> 2\u20134 ure<\/li>\n\n\n\n<li data-block-type=\"core\"><strong>Velikost skupin:<\/strong> do 20 udele\u017eencev<\/li>\n\n\n\n<li data-block-type=\"core\"><strong>Brezpla\u010dno<\/strong><\/li>\n\n\n\n<li data-block-type=\"core\">Ob prihodu udele\u017eence prosimo za <strong>podpis<\/strong> in po izbiri <strong>dovoljenje za fotografiranje za dokumentacijo in objave<\/strong><br><\/li>\n<\/ul>\n\n\n\n<div class=\"wp-block-stackable-call-to-action stk-block-call-to-action stk-block stk-40b44e3 is-style-default\" data-v=\"2\" data-block-id=\"40b44e3\"><div class=\"stk-block-call-to-action__content stk-content-align stk-40b44e3-column stk-container stk-40b44e3-container stk-hover-parent\"><div class=\"has-text-align-center stk-block-content stk-inner-blocks stk-40b44e3-inner-blocks\">\n<div class=\"wp-block-stackable-heading stk-block-heading stk-block-heading--v2 stk-block stk-430ef75\" id=\"sign-up-or-ask-for-more-information\" data-block-id=\"430ef75\"><h3 class=\"stk-block-heading__text\">Prijavite se ali povpra\u0161ajte za ve\u010d informacij<\/h3><\/div>\n\n\n\n<div class=\"wp-block-stackable-button-group stk-block-button-group stk-block stk-ef903bc\" data-block-id=\"ef903bc\"><div class=\"stk-row stk-inner-blocks stk-block-content stk-button-group\">\n<div class=\"wp-block-stackable-button stk-block-button stk-block stk-595d971\" data-block-id=\"595d971\"><a class=\"stk-link stk-button stk--hover-effect-darken\" href=\"mailto:domusgratiae23@gmail.com?Subject=Povpra\u0161evanje%20glede%20delavnice\"><span class=\"stk-button__inner-text\">Napi\u0161ite nam sporo\u010dilo<\/span><\/a><\/div>\n<\/div><\/div>\n<\/div><\/div><\/div>","protected":false},"excerpt":{"rendered":"<p>Board games are fun What we do Why this is valuable Who this is for This workshop is suitable for: Practical Information Sign up or ask for more information Write [&hellip;]<\/p>","protected":false},"author":1,"featured_media":0,"parent":0,"menu_order":0,"comment_status":"closed","ping_status":"closed","template":"","meta":{"footnotes":""},"class_list":["post-1387","page","type-page","status-publish","hentry"],"blocksy_meta":[],"_links":{"self":[{"href":"https:\/\/visitsvetagora.com\/sl\/wp-json\/wp\/v2\/pages\/1387","targetHints":{"allow":["GET"]}}],"collection":[{"href":"https:\/\/visitsvetagora.com\/sl\/wp-json\/wp\/v2\/pages"}],"about":[{"href":"https:\/\/visitsvetagora.com\/sl\/wp-json\/wp\/v2\/types\/page"}],"author":[{"embeddable":true,"href":"https:\/\/visitsvetagora.com\/sl\/wp-json\/wp\/v2\/users\/1"}],"replies":[{"embeddable":true,"href":"https:\/\/visitsvetagora.com\/sl\/wp-json\/wp\/v2\/comments?post=1387"}],"version-history":[{"count":24,"href":"https:\/\/visitsvetagora.com\/sl\/wp-json\/wp\/v2\/pages\/1387\/revisions"}],"predecessor-version":[{"id":1998,"href":"https:\/\/visitsvetagora.com\/sl\/wp-json\/wp\/v2\/pages\/1387\/revisions\/1998"}],"wp:attachment":[{"href":"https:\/\/visitsvetagora.com\/sl\/wp-json\/wp\/v2\/media?parent=1387"}],"curies":[{"name":"wp","href":"https:\/\/api.w.org\/{rel}","templated":true}]}}