{"id":1534,"date":"2025-12-05T16:19:37","date_gmt":"2025-12-05T15:19:37","guid":{"rendered":"https:\/\/visitsvetagora.com\/?page_id=1534"},"modified":"2026-04-17T17:02:39","modified_gmt":"2026-04-17T15:02:39","slug":"projects","status":"publish","type":"page","link":"https:\/\/visitsvetagora.com\/sl\/projects\/","title":{"rendered":"Projekti"},"content":{"rendered":"<div class=\"wp-block-stackable-hero stk-block-hero stk-block stk-8a290aa is-style-default\" data-v=\"2\" data-block-id=\"8a290aa\"><style>.stk-8a290aa-inner-blocks{justify-content:center !important;}.stk-8a290aa-container{background-image:url(https:\/\/visitsvetagora.com\/wp-content\/uploads\/2026\/02\/projects-hero2.jpg) !important;}.stk-8a290aa .stk-block-hero__content{min-height:500px !important;align-items:center !important;display:flex !important;}<\/style><div class=\"stk-block-hero__content stk-content-align stk-8a290aa-column stk-container stk-8a290aa-container stk-hover-parent stk--has-background-overlay\"><div class=\"stk-block-content stk-inner-blocks has-text-align-center stk--column-flex stk-8a290aa-inner-blocks\">\n<div class=\"wp-block-stackable-heading stk-block-heading stk-block-heading--v2 stk-block stk-5683949\" id=\"our-projects-amp-collaborations\" data-block-id=\"5683949\"><style>.stk-5683949 .stk-block-heading__text{text-shadow:2px 4px 5px #00000066 !important;color:var(--theme-palette-color-8, #ffffff) !important;}<\/style><h2 class=\"stk-block-heading__text has-text-color\">Projekti in sodelovanja<\/h2><\/div>\n\n\n\n<div class=\"wp-block-stackable-text stk-block-text stk-block stk-d5aeeca\" data-block-id=\"d5aeeca\"><style>.stk-d5aeeca .stk-block-text__text{text-shadow:2px 4px 5px #00000066 !important;color:var(--theme-palette-color-8, #ffffff) !important;}<\/style><p class=\"stk-block-text__text has-text-color\">Pobude, ki na Sveto Goro prina\u0161ajo \u017eivljenje, ustvarjalnost in ob\u010dutek skupnosti<\/p><\/div>\n<\/div><\/div><\/div>\n\n\n\n<div class=\"wp-block-stackable-spacer stk-block-spacer stk--no-padding stk-block stk-e8ea430\" data-block-id=\"e8ea430\"><style>.stk-e8ea430 {height:50px !important;}<\/style><\/div>\n\n\n\n<p data-block-type=\"core\">Aktivno sodelujemo v projektih, ki povezujejo mlade, o\u017eivljajo kulturno dedi\u0161\u010dino in odpirajo nove na\u010dine do\u017eivljanja Svete Gore. Od mednarodnih izmenjav do lokalnih obnovitvenih pobud \u2013 vsak projekt krepi skupnost in bogati edinstveno zgodbo na\u0161e lokacije.<\/p>\n\n\n\n<div class=\"wp-block-stackable-spacer stk-block-spacer stk--no-padding stk-block stk-f0a71de\" data-block-id=\"f0a71de\"><\/div>\n\n\n\n<div class=\"wp-block-stackable-columns stk-block-columns stk-block stk-970661d\" data-block-id=\"970661d\"><div class=\"stk-row stk-inner-blocks stk-block-content stk-content-align stk-970661d-column\">\n<div class=\"wp-block-stackable-column stk-block-column stk-column stk-block stk-ea3347c\" data-v=\"4\" data-block-id=\"ea3347c\"><div class=\"stk-column-wrapper stk-block-column__content stk-container stk-ea3347c-container stk--no-background stk--no-padding\"><div class=\"stk-block-content stk-inner-blocks stk-ea3347c-inner-blocks\">\n<div class=\"wp-block-stackable-card stk-block-card stk-block stk-04c6c29 is-style-default\" data-v=\"2\" data-block-id=\"04c6c29\"><style>.stk-04c6c29 .stk-block-card__image img{object-fit:contain !important;}<\/style><div class=\"stk--no-padding stk-container stk-04c6c29-container stk-hover-parent\"><figure class=\"stk-block-card__image stk-img-wrapper stk-image--shape-stretch\"><img loading=\"lazy\" decoding=\"async\" class=\"stk-img wp-image-1538\" src=\"https:\/\/visitsvetagora.com\/wp-content\/uploads\/2025\/12\/walk2spirit.jpg\" width=\"842\" height=\"275\" srcset=\"https:\/\/visitsvetagora.com\/wp-content\/uploads\/2025\/12\/walk2spirit.jpg 842w, https:\/\/visitsvetagora.com\/wp-content\/uploads\/2025\/12\/walk2spirit-300x98.jpg 300w, https:\/\/visitsvetagora.com\/wp-content\/uploads\/2025\/12\/walk2spirit-768x251.jpg 768w, https:\/\/visitsvetagora.com\/wp-content\/uploads\/2025\/12\/walk2spirit-18x6.jpg 18w\" sizes=\"auto, (max-width: 842px) 100vw, 842px\" \/><\/figure><div class=\"stk-container-padding stk-block-card__content\"><div class=\"stk-block-content stk-inner-blocks stk-04c6c29-inner-blocks\">\n<div class=\"wp-block-stackable-heading stk-block-heading stk-block-heading--v2 stk-block stk-5939145\" id=\"walk-2-spirit\" data-block-id=\"5939145\"><h3 class=\"stk-block-heading__text\">Walk 2 Spirit<\/h3><\/div>\n\n\n\n<div class=\"wp-block-stackable-subtitle stk-block-subtitle stk-block stk-28fa90e\" data-block-id=\"28fa90e\"><p class=\"stk-block-subtitle__text stk-subtitle\"><strong>Projekt vodi:<\/strong> Fran\u010di\u0161kanski samostan Sveta Gora<\/p><\/div>\n\n\n\n<div class=\"wp-block-stackable-text stk-block-text stk-block stk-da0a192\" data-block-id=\"da0a192\"><p class=\"stk-block-text__text\">Interregov projekt, ki vzpostavlja 80-kilometrsko pot od Ogleja do Svete Gore ter povezuje dedi\u0161\u010dino, duhovnost, programe za mlade in \u010dezmejne kulturne dogodke.<\/p><\/div>\n\n\n\n<div class=\"wp-block-stackable-button-group stk-block-button-group stk-block stk-75c74a8\" data-block-id=\"75c74a8\"><div class=\"stk-row stk-inner-blocks stk-block-content stk-button-group\">\n<div class=\"wp-block-stackable-button stk-block-button stk-block stk-8533d35\" data-block-id=\"8533d35\"><a class=\"stk-link stk-button stk--hover-effect-darken\" href=\"https:\/\/www.walk2spirit.eu\/\" target=\"_blank\" rel=\"noreferrer noopener\"><span class=\"stk-button__inner-text\">Preberite ve\u010d<\/span><\/a><\/div>\n<\/div><\/div>\n<\/div><\/div><\/div><\/div>\n<\/div><\/div><\/div>\n\n\n\n<div class=\"wp-block-stackable-column stk-block-column stk-column stk-block stk-c6275a7\" data-v=\"4\" data-block-id=\"c6275a7\"><div class=\"stk-column-wrapper stk-block-column__content stk-container stk-c6275a7-container stk--no-background stk--no-padding\"><div class=\"stk-block-content stk-inner-blocks stk-c6275a7-inner-blocks\">\n<div class=\"wp-block-stackable-card stk-block-card stk-block stk-015fcbd is-style-default\" data-v=\"2\" data-block-id=\"015fcbd\"><style>.stk-015fcbd .stk-block-card__image img{object-fit:contain !important;}<\/style><div class=\"stk--no-padding stk-container stk-015fcbd-container stk-hover-parent\"><figure class=\"stk-block-card__image stk-img-wrapper stk-image--shape-stretch\"><img loading=\"lazy\" decoding=\"async\" class=\"stk-img wp-image-1539\" src=\"https:\/\/visitsvetagora.com\/wp-content\/uploads\/2025\/12\/projects-las.jpg\" width=\"591\" height=\"474\" srcset=\"https:\/\/visitsvetagora.com\/wp-content\/uploads\/2025\/12\/projects-las.jpg 591w, https:\/\/visitsvetagora.com\/wp-content\/uploads\/2025\/12\/projects-las-300x241.jpg 300w, https:\/\/visitsvetagora.com\/wp-content\/uploads\/2025\/12\/projects-las-15x12.jpg 15w\" sizes=\"auto, (max-width: 591px) 100vw, 591px\" \/><\/figure><div class=\"stk-container-padding stk-block-card__content\"><div class=\"stk-block-content stk-inner-blocks stk-015fcbd-inner-blocks\">\n<div class=\"wp-block-stackable-heading stk-block-heading stk-block-heading--v2 stk-block stk-4782e36\" id=\"las-in-the-embrace-of-the-sun\" data-block-id=\"4782e36\"><h3 class=\"stk-block-heading__text\">LAS V objemu sonca<\/h3><\/div>\n\n\n\n<div class=\"wp-block-stackable-subtitle stk-block-subtitle stk-block stk-bdd3a06\" data-block-id=\"bdd3a06\"><p class=\"stk-block-subtitle__text stk-subtitle\"><strong>Projekt vodi:<\/strong> Domus Gratiae<\/p><\/div>\n\n\n\n<div class=\"wp-block-stackable-text stk-block-text stk-block stk-902ffc0\" data-block-id=\"902ffc0\"><p class=\"stk-block-text__text\">Dolgoletno partnerstvo, ki z evropskimi sredstvi LEADER\/CLLD podpira razvojne projekte ter aktivno vklju\u010duje prebivalce pri oblikovanju prihodnosti \u0161ir\u0161ega obmo\u010dja Nove Gorice.<\/p><\/div>\n\n\n\n<div class=\"wp-block-stackable-button-group stk-block-button-group stk-block stk-0756b97\" data-block-id=\"0756b97\"><div class=\"stk-row stk-inner-blocks stk-block-content stk-button-group\">\n<div class=\"wp-block-stackable-button stk-block-button stk-block stk-5d23204\" data-block-id=\"5d23204\"><a class=\"stk-link stk-button stk--hover-effect-darken\" href=\"\/sl\/cutimo-vsi-vse\/\" rel=\"noreferrer noopener\"><span class=\"stk-button__inner-text\">Preberite ve\u010d<\/span><\/a><\/div>\n<\/div><\/div>\n<\/div><\/div><\/div><\/div>\n<\/div><\/div><\/div>\n<\/div><\/div>\n\n\n\n<p data-block-type=\"core\"><\/p>","protected":false},"excerpt":{"rendered":"<p>Our Projects &amp; Collaborations Initiatives that bring life, creativity, and community back to Sveta Gora We actively participate in projects that connect young people, revive cultural heritage, and open new [&hellip;]<\/p>","protected":false},"author":1,"featured_media":0,"parent":0,"menu_order":0,"comment_status":"closed","ping_status":"closed","template":"","meta":{"footnotes":""},"class_list":["post-1534","page","type-page","status-publish","hentry"],"blocksy_meta":[],"_links":{"self":[{"href":"https:\/\/visitsvetagora.com\/sl\/wp-json\/wp\/v2\/pages\/1534","targetHints":{"allow":["GET"]}}],"collection":[{"href":"https:\/\/visitsvetagora.com\/sl\/wp-json\/wp\/v2\/pages"}],"about":[{"href":"https:\/\/visitsvetagora.com\/sl\/wp-json\/wp\/v2\/types\/page"}],"author":[{"embeddable":true,"href":"https:\/\/visitsvetagora.com\/sl\/wp-json\/wp\/v2\/users\/1"}],"replies":[{"embeddable":true,"href":"https:\/\/visitsvetagora.com\/sl\/wp-json\/wp\/v2\/comments?post=1534"}],"version-history":[{"count":14,"href":"https:\/\/visitsvetagora.com\/sl\/wp-json\/wp\/v2\/pages\/1534\/revisions"}],"predecessor-version":[{"id":1804,"href":"https:\/\/visitsvetagora.com\/sl\/wp-json\/wp\/v2\/pages\/1534\/revisions\/1804"}],"wp:attachment":[{"href":"https:\/\/visitsvetagora.com\/sl\/wp-json\/wp\/v2\/media?parent=1534"}],"curies":[{"name":"wp","href":"https:\/\/api.w.org\/{rel}","templated":true}]}}