{"id":1971,"date":"2026-05-06T11:22:18","date_gmt":"2026-05-06T09:22:18","guid":{"rendered":"https:\/\/visitsvetagora.com\/?page_id=1971"},"modified":"2026-05-07T20:38:44","modified_gmt":"2026-05-07T18:38:44","slug":"cavern-workshop","status":"publish","type":"page","link":"https:\/\/visitsvetagora.com\/sl\/cavern-workshop\/","title":{"rendered":"Cavern workshop"},"content":{"rendered":"<div class=\"wp-block-stackable-hero stk-block-hero stk-block stk-094630f is-style-default\" data-v=\"2\" data-block-id=\"094630f\"><style>.stk-094630f-inner-blocks{justify-content:center !important;}.stk-094630f-container{background-image:url(https:\/\/visitsvetagora.com\/wp-content\/uploads\/2026\/05\/travel-slovenia-hike-through-trenches-to-sveta-gora-75.png) !important;}.stk-094630f .stk-block-hero__content{min-height:500px !important;align-items:center !important;display:flex !important;}<\/style><div class=\"stk-block-hero__content stk-content-align stk-094630f-column stk-container stk-094630f-container stk-hover-parent stk--has-background-overlay\"><div class=\"stk-block-content stk-inner-blocks has-text-align-center stk--column-flex stk-094630f-inner-blocks\">\n<div class=\"wp-block-stackable-heading stk-block-heading stk-block-heading--v2 stk-block stk-821da64\" id=\"strong-ww-1-cavern-experience-strong\" data-block-id=\"821da64\"><style>.stk-821da64 .stk-block-heading__text{text-shadow:2px 4px 5px #00000066 !important;color:var(--theme-palette-color-8, #ffffff) !important;}<\/style><h2 class=\"stk-block-heading__text has-text-color\"><strong>Do\u017eivetje kavern iz prve svetone vojne<\/strong><\/h2><\/div>\n\n\n\n<div class=\"wp-block-stackable-text stk-block-text stk-block stk-e78b941\" data-block-id=\"e78b941\"><style>.stk-e78b941 .stk-block-text__text{text-shadow:2px 4px 5px #00000066 !important;color:var(--theme-palette-color-8, #ffffff) !important;}<\/style><p class=\"stk-block-text__text has-text-color\">Odkrij skriti svet pod hribom<\/p><\/div>\n<\/div><\/div><\/div>\n\n\n\n<div class=\"wp-block-stackable-heading stk-block-heading stk-block-heading--v2 stk-block stk-c11cf5b\" id=\"step-into-history\" data-block-id=\"c11cf5b\"><h2 class=\"stk-block-heading__text\">Vstop v zgodovino<\/h2><\/div>\n\n\n\n<div class=\"wp-block-stackable-text stk-block-text stk-block stk-543ab41\" data-block-id=\"543ab41\"><p class=\"stk-block-text__text\">Pod na\u0161im hribom se skriva tiha pri\u010da preteklosti.<br>Kaverne so bile izklesane v \u010dasu prve svetovne vojne in so neko\u010d slu\u017eile kot zavetje vojakom, skladi\u0161\u010de in del skrite frontne linije.<br>Danes ostajajo skoraj nespremenjene - surove, pristne in mo\u010dne v svoji ti\u0161ini.<br>To ni muzej. To je prostor, v katerega vstopi\u0161, ga prehodi\u0161 in ga do\u017eivi\u0161.<\/p><\/div>\n\n\n\n<div class=\"wp-block-stackable-heading stk-block-heading stk-block-heading--v2 stk-block stk-2ab6801\" id=\"what-we-do\" data-block-id=\"2ab6801\"><h2 class=\"stk-block-heading__text\">Kaj po\u010dnemo<\/h2><\/div>\n\n\n\n<div class=\"wp-block-stackable-text stk-block-text stk-block stk-50e5d66\" data-block-id=\"50e5d66\"><p class=\"stk-block-text__text\">Udele\u017eence vodimo skozi kaverne in okoli\u0161ko pokrajino ter ustvarimo izku\u0161njo, ki temelji na neposrednem do\u017eivljanju zgodovine.<\/p><\/div>\n\n\n\n<ul class=\"wp-block-list\" data-block-type=\"core\">\n<li data-block-type=\"core\">voden ogled pristnih kavern iz 1. svetovne vojne<\/li>\n\n\n\n<li data-block-type=\"core\">zgodbe in kontekst \u017eivljenja na fronti<\/li>\n\n\n\n<li data-block-type=\"core\">povezavo z okoli\u0161kim hribom in njegovim strate\u0161kim pomenom<\/li>\n\n\n\n<li data-block-type=\"core\">kratki trenutki pogovora in razmisleka<\/li>\n<\/ul>\n\n\n\n<div class=\"wp-block-stackable-text stk-block-text stk-block stk-8d7009a\" data-block-id=\"8d7009a\"><p class=\"stk-block-text__text\">Poudarek je na do\u017eivljanju, razumevanju in prisotnosti, ne na klasi\u010dnem poslu\u0161anju razlag<\/p><\/div>\n\n\n\n<div class=\"wp-block-stackable-heading stk-block-heading stk-block-heading--v2 stk-block stk-ef02825\" id=\"why-this-is-valuable\" data-block-id=\"ef02825\"><h2 class=\"stk-block-heading__text\">Zakaj je to dragoceno<\/h2><\/div>\n\n\n\n<div class=\"wp-block-stackable-text stk-block-text stk-block stk-ad1896b\" data-block-id=\"ad1896b\"><p class=\"stk-block-text__text\">To ni klasi\u010dna ura zgodovine.<br>Gre za izku\u0161njo, kjer zgodovina postane nekaj, skozi kar se premika\u0161, ne samo nekaj, o \u010demer bere\u0161.<\/p><\/div>\n\n\n\n<div class=\"wp-block-stackable-text stk-block-text stk-block stk-cfb5b96\" data-block-id=\"cfb5b96\"><p class=\"stk-block-text__text\">Udele\u017eenci med obiskom:<\/p><\/div>\n\n\n\n<ul class=\"wp-block-list\" data-block-type=\"core\">\n<li data-block-type=\"core\">bolje razumejo, kako sta teren in prostor vplivala na \u017eivljenje v \u010dasu vojne<\/li>\n\n\n\n<li data-block-type=\"core\">do\u017eivijo zgodovino kot nekaj resni\u010dnega in ne oddaljenega<\/li>\n\n\n\n<li data-block-type=\"core\">se nau\u010dijo bolj pozorno opazovati okolico in prostor<\/li>\n\n\n\n<li data-block-type=\"core\">pre\u017eivijo \u010das skupaj v okolju, ki spodbuja pogovor in skupno izku\u0161njo<\/li>\n\n\n\n<li data-block-type=\"core\">za nekaj \u010dasa odlo\u017eijo zaslone in vstopijo v realen, fizi\u010den prostor<\/li>\n<\/ul>\n\n\n\n<div class=\"wp-block-stackable-text stk-block-text stk-block stk-424459c\" data-block-id=\"424459c\"><p class=\"stk-block-text__text\">V bistvu gre za to, da se zgodovina iz \u201cpripovedovane\u201d za kratek \u010das spremeni v \u201cdo\u017eiveto\u201d.<\/p><\/div>\n\n\n\n<div class=\"wp-block-stackable-heading stk-block-heading stk-block-heading--v2 stk-block stk-d99e6d9\" id=\"who-this-is-for\" data-block-id=\"d99e6d9\"><h2 class=\"stk-block-heading__text\">Komu je namenjeno<\/h2><\/div>\n\n\n\n<div class=\"wp-block-stackable-text stk-block-text stk-block stk-c38fd3e\" data-block-id=\"c38fd3e\"><p class=\"stk-block-text__text\">Primerno za:<\/p><\/div>\n\n\n\n<ul class=\"wp-block-list\" data-block-type=\"core\">\n<li data-block-type=\"core\">\u0161olske skupine (zgodovina, geografija, izkustveno u\u010denje)<\/li>\n\n\n\n<li data-block-type=\"core\">mladinske skupine in tabore<\/li>\n\n\n\n<li data-block-type=\"core\">team buildinge in organizacije<\/li>\n\n\n\n<li data-block-type=\"core\">obiskovalce, ki i\u0161\u010dejo avtenti\u010dna do\u017eivetja izven klasi\u010dnega turizma<\/li>\n<\/ul>\n\n\n\n<div class=\"wp-block-stackable-text stk-block-text stk-block stk-a54a811\" data-block-id=\"a54a811\"><p class=\"stk-block-text__text\">Velikost skupine: 10 - 20 udele\u017eencev (po dogovoru prilagodljivo)<\/p><\/div>\n\n\n\n<div class=\"wp-block-stackable-heading stk-block-heading stk-block-heading--v2 stk-block stk-1a1ddb2\" id=\"why-this-is-different\" data-block-id=\"1a1ddb2\"><h2 class=\"stk-block-heading__text\">Kaj je na\u0161a posebnost<\/h2><\/div>\n\n\n\n<div class=\"wp-block-stackable-text stk-block-text stk-block stk-c64cc57\" data-block-id=\"c64cc57\"><p class=\"stk-block-text__text\">Ve\u010dina zgodovine prve svetovne vojne je obnovljene, urejene ali oddaljene od dejanskega do\u017eivetja.<\/p><\/div>\n\n\n\n<div class=\"wp-block-stackable-text stk-block-text stk-block stk-de547ee\" data-block-id=\"de547ee\"><p class=\"stk-block-text__text\">Tukaj pa vstopa\u0161 v dejanski prostor<\/p><\/div>\n\n\n\n<ul class=\"wp-block-list\" data-block-type=\"core\">\n<li data-block-type=\"core\">originalne, le minimalno spremenjene kaverne<\/li>\n\n\n\n<li data-block-type=\"core\">brez steklenih pregrad in muzejske distance<\/li>\n\n\n\n<li data-block-type=\"core\">mirno naravno okolje pod zemljo<\/li>\n\n\n\n<li data-block-type=\"core\">preplet zgodovine, krajine in gibanja<\/li>\n<\/ul>\n\n\n\n<div class=\"wp-block-stackable-text stk-block-text stk-block stk-47e6c32\" data-block-id=\"47e6c32\"><p class=\"stk-block-text__text\">Ne gre za u\u010denje na daljavo. Gre za stik z resni\u010dnim prostorom zgodovine.<\/p><\/div>\n\n\n\n<div class=\"wp-block-stackable-heading stk-block-heading stk-block-heading--v2 stk-block stk-012623d\" id=\"practical-information\" data-block-id=\"012623d\"><h2 class=\"stk-block-heading__text\">Prakti\u010dne informacije<\/h2><\/div>\n\n\n\n<ul class=\"wp-block-list\" data-block-type=\"core\">\n<li data-block-type=\"core\">Trajanje: pribli\u017eno 2 uri<\/li>\n\n\n\n<li data-block-type=\"core\">Obla\u010dila: toplej\u0161i kos obla\u010dila + trdni \u010devlji (v kavernah je hladno skozi vse leto)<\/li>\n\n\n\n<li data-block-type=\"core\">Oprema: zagotovljene \u010delade in svetilke<\/li>\n\n\n\n<li data-block-type=\"core\">Vreme: izvedljivo v ve\u010dini vremenskih razmer<\/li>\n\n\n\n<li data-block-type=\"core\">Lokacija: na pobo\u010dju Svete Gore<\/li>\n<\/ul>\n\n\n\n<div class=\"wp-block-stackable-heading stk-block-heading stk-block-heading--v2 stk-block stk-8658ac6\" id=\"available-sessions\" data-block-id=\"8658ac6\"><h2 class=\"stk-block-heading__text\">Razpolo\u017eljivi termini<\/h2><\/div>\n\n\n\n<div class=\"wp-block-stackable-text stk-block-text stk-block stk-33cb5b1\" data-block-id=\"33cb5b1\"><p class=\"stk-block-text__text\"><a href=\"https:\/\/visitsvetagora.com\/sl\/events\/\">Prihajajo\u010di dogodki<\/a><\/p><\/div>\n\n\n\n<div class=\"wp-block-stackable-spacer stk-block-spacer stk--no-padding stk-block stk-dafc614\" data-block-id=\"dafc614\"><\/div>\n\n\n\n<div class=\"wp-block-stackable-call-to-action stk-block-call-to-action stk-block stk-324f165 is-style-default\" data-v=\"2\" data-block-id=\"324f165\"><div class=\"stk-block-call-to-action__content stk-content-align stk-324f165-column stk-container stk-324f165-container stk-hover-parent\"><div class=\"has-text-align-center stk-block-content stk-inner-blocks stk-324f165-inner-blocks\">\n<div class=\"wp-block-stackable-heading stk-block-heading stk-block-heading--v2 stk-block stk-c7e1c2e\" id=\"interested-in-bringing-a-group\" data-block-id=\"c7e1c2e\"><h3 class=\"stk-block-heading__text\">Zainteresirani za obisk?<\/h3><\/div>\n\n\n\n<div class=\"wp-block-stackable-text stk-block-text stk-block stk-ce6bb7e\" data-block-id=\"ce6bb7e\"><p class=\"stk-block-text__text\">Po\u0161ljite nam sporo\u010dilo z:<br>\u2013 Velikost skupine<br>\u2013 \u017deljen datum<br>\u2013 Tip skupine (\u0161ola, otroci, odrasli)<\/p><\/div>\n\n\n\n<div class=\"wp-block-stackable-text stk-block-text stk-block stk-dcb6323\" data-block-id=\"dcb6323\"><p class=\"stk-block-text__text\">Do\u017eivetje prilagodimo va\u0161i skupini in \u017eeljam<\/p><\/div>\n\n\n\n<div class=\"wp-block-stackable-button-group stk-block-button-group stk-block stk-d234a51\" data-block-id=\"d234a51\"><div class=\"stk-row stk-inner-blocks stk-block-content stk-button-group\">\n<div class=\"wp-block-stackable-button stk-block-button stk-block stk-6c1c2be\" data-block-id=\"6c1c2be\"><a class=\"stk-link stk-button stk--hover-effect-darken\" href=\"mailto:info@visitsvetagora.com\"><span class=\"stk-button__inner-text\">Pi\u0161ite nam<\/span><\/a><\/div>\n<\/div><\/div>\n<\/div><\/div><\/div>\n\n\n\n<div class=\"wp-block-stackable-text stk-block-text stk-block stk-c4497fc\" data-block-id=\"c4497fc\"><p class=\"stk-block-text__text\"><\/p><\/div>","protected":false},"excerpt":{"rendered":"<p>WW1 Cavern Experience Explore the hidden world beneath the hill Step into History Beneath our hill lies a silent witness of the past.Carved into the rock during the First World [&hellip;]<\/p>","protected":false},"author":1,"featured_media":0,"parent":0,"menu_order":0,"comment_status":"closed","ping_status":"closed","template":"","meta":{"footnotes":""},"class_list":["post-1971","page","type-page","status-publish","hentry"],"blocksy_meta":[],"_links":{"self":[{"href":"https:\/\/visitsvetagora.com\/sl\/wp-json\/wp\/v2\/pages\/1971","targetHints":{"allow":["GET"]}}],"collection":[{"href":"https:\/\/visitsvetagora.com\/sl\/wp-json\/wp\/v2\/pages"}],"about":[{"href":"https:\/\/visitsvetagora.com\/sl\/wp-json\/wp\/v2\/types\/page"}],"author":[{"embeddable":true,"href":"https:\/\/visitsvetagora.com\/sl\/wp-json\/wp\/v2\/users\/1"}],"replies":[{"embeddable":true,"href":"https:\/\/visitsvetagora.com\/sl\/wp-json\/wp\/v2\/comments?post=1971"}],"version-history":[{"count":14,"href":"https:\/\/visitsvetagora.com\/sl\/wp-json\/wp\/v2\/pages\/1971\/revisions"}],"predecessor-version":[{"id":2023,"href":"https:\/\/visitsvetagora.com\/sl\/wp-json\/wp\/v2\/pages\/1971\/revisions\/2023"}],"wp:attachment":[{"href":"https:\/\/visitsvetagora.com\/sl\/wp-json\/wp\/v2\/media?parent=1971"}],"curies":[{"name":"wp","href":"https:\/\/api.w.org\/{rel}","templated":true}]}}