{"id":698,"date":"2025-11-07T16:12:22","date_gmt":"2025-11-07T16:12:22","guid":{"rendered":"https:\/\/visitsvetagora.com\/?page_id=698"},"modified":"2026-04-17T17:03:31","modified_gmt":"2026-04-17T15:03:31","slug":"stay-and-eat","status":"publish","type":"page","link":"https:\/\/visitsvetagora.com\/sl\/stay-and-eat\/","title":{"rendered":"Ponudba"},"content":{"rendered":"<div class=\"wp-block-stackable-hero stk-block-hero stk-block stk-43d317c is-style-default\" data-v=\"2\" data-block-id=\"43d317c\"><style>.stk-43d317c-inner-blocks{justify-content:center !important;}.stk-43d317c-container{background-image:url(https:\/\/visitsvetagora.com\/wp-content\/uploads\/2025\/11\/stay_eat-hero.jpg) !important;}.stk-43d317c .stk-block-hero__content{min-height:500px !important;align-items:center !important;display:flex !important;}<\/style><div class=\"stk-block-hero__content stk-content-align stk-43d317c-column stk-container stk-43d317c-container stk-hover-parent stk--has-background-overlay\"><div class=\"stk-block-content stk-inner-blocks has-text-align-center stk--column-flex stk-43d317c-inner-blocks\">\n<div class=\"wp-block-stackable-heading stk-block-heading stk-block-heading--v2 stk-block stk-1021d9b\" id=\"hospitality-of-sveta-gora\" data-block-id=\"1021d9b\"><style>.stk-1021d9b .stk-block-heading__text{color:var(--theme-palette-color-8, #ffffff) !important;}<\/style><h1 class=\"stk-block-heading__text has-text-color\">Doma\u010dnost Svete Gore<\/h1><\/div>\n<\/div><\/div><\/div>\n\n\n\n<div class=\"wp-block-stackable-spacer stk-block-spacer stk--no-padding stk-block stk-6be269a\" data-block-id=\"6be269a\"><style>.stk-6be269a {height:100px !important;}<\/style><\/div>\n\n\n\n<div class=\"wp-block-stackable-columns stk-block-columns stk-block stk-5d136c0\" data-block-id=\"5d136c0\"><div class=\"stk-row stk-inner-blocks stk-block-content stk-content-align stk-5d136c0-column\">\n<div class=\"wp-block-stackable-column stk-block-column stk-column stk-block stk-ce6461b\" data-v=\"4\" data-block-id=\"ce6461b\"><style>@media screen and (min-width:690px){.stk-ce6461b {flex:var(--stk-flex-grow, 1) 1 33.3% !important;}}<\/style><div class=\"stk-column-wrapper stk-block-column__content stk-container stk-ce6461b-container stk--no-background stk--no-padding\"><div class=\"stk-block-content stk-inner-blocks stk-ce6461b-inner-blocks\">\n<figure class=\"wp-block-image size-full\" data-block-type=\"core\"><img loading=\"lazy\" decoding=\"async\" width=\"599\" height=\"450\" src=\"https:\/\/visitsvetagora.com\/wp-content\/uploads\/2025\/11\/stay_eat-terrace.jpg\" alt=\"\" class=\"wp-image-1001\" srcset=\"https:\/\/visitsvetagora.com\/wp-content\/uploads\/2025\/11\/stay_eat-terrace.jpg 599w, https:\/\/visitsvetagora.com\/wp-content\/uploads\/2025\/11\/stay_eat-terrace-300x225.jpg 300w\" sizes=\"auto, (max-width: 599px) 100vw, 599px\" \/><\/figure>\n<\/div><\/div><\/div>\n\n\n\n<div class=\"wp-block-stackable-column stk-block-column stk-column stk-block stk-debef71\" data-v=\"4\" data-block-id=\"debef71\"><style>@media screen and (min-width:690px){.stk-debef71 {flex:var(--stk-flex-grow, 1) 1 66.7% !important;}}<\/style><div class=\"stk-column-wrapper stk-block-column__content stk-container stk-debef71-container stk--no-background stk--no-padding\"><div class=\"stk-block-content stk-inner-blocks stk-debef71-inner-blocks\">\n<div class=\"wp-block-stackable-heading stk-block-heading stk-block-heading--v2 stk-block stk-1846948\" id=\"strong-the-terrace-cafe-strong\" data-block-id=\"1846948\"><h2 class=\"stk-block-heading__text\"><strong>Kavarna s teraso<\/strong><\/h2><\/div>\n\n\n\n<p data-block-type=\"core\">Privo\u0161\u010dite si skodelico italijanske kave ali kozarec izvrstnega vina, medtem ko u\u017eivate v \u010dudovitih razgledih narave in se spro\u0161\u010date v pomirjujo\u010dem miru Svete Gore. Kopanje v topli svetlobi zahajajo\u010dega sonca in vdihavanje sve\u017eega gorskega zraka bo va\u0161 obisk spremenilo v resni\u010dno edinstveno do\u017eivetje. \u010ce nas obi\u0161\u010dete pozimi, ne pozabite segreti s skodelico na\u0161ega doma\u010dega \u010daja!<\/p>\n<\/div><\/div><\/div>\n<\/div><\/div>\n\n\n\n<div class=\"wp-block-stackable-columns stk-block-columns stk-block stk-9daf530\" data-block-id=\"9daf530\"><div class=\"stk-row stk-inner-blocks stk-block-content stk-content-align stk-9daf530-column\">\n<div class=\"wp-block-stackable-column stk-block-column stk-column stk-block stk-8c6fcc1\" data-v=\"4\" data-block-id=\"8c6fcc1\"><style>@media screen and (min-width:690px){.stk-8c6fcc1 {flex:var(--stk-flex-grow, 1) 1 33.3% !important;}}<\/style><div class=\"stk-column-wrapper stk-block-column__content stk-container stk-8c6fcc1-container stk--no-background stk--no-padding\"><div class=\"stk-block-content stk-inner-blocks stk-8c6fcc1-inner-blocks\">\n<figure class=\"wp-block-image size-full\" data-block-type=\"core\"><img loading=\"lazy\" decoding=\"async\" width=\"599\" height=\"450\" src=\"https:\/\/visitsvetagora.com\/wp-content\/uploads\/2025\/11\/stay_eat-restaurant.jpg\" alt=\"\" class=\"wp-image-1002\" srcset=\"https:\/\/visitsvetagora.com\/wp-content\/uploads\/2025\/11\/stay_eat-restaurant.jpg 599w, https:\/\/visitsvetagora.com\/wp-content\/uploads\/2025\/11\/stay_eat-restaurant-300x225.jpg 300w\" sizes=\"auto, (max-width: 599px) 100vw, 599px\" \/><\/figure>\n<\/div><\/div><\/div>\n\n\n\n<div class=\"wp-block-stackable-column stk-block-column stk-column stk-block stk-40ac551\" data-v=\"4\" data-block-id=\"40ac551\"><style>@media screen and (min-width:690px){.stk-40ac551 {flex:var(--stk-flex-grow, 1) 1 66.7% !important;}}<\/style><div class=\"stk-column-wrapper stk-block-column__content stk-container stk-40ac551-container stk--no-background stk--no-padding\"><div class=\"stk-block-content stk-inner-blocks stk-40ac551-inner-blocks\">\n<div class=\"wp-block-stackable-heading stk-block-heading stk-block-heading--v2 stk-block stk-fa5c221\" id=\"restaurant\" data-block-id=\"fa5c221\"><h2 class=\"stk-block-heading__text\">Restavracija<\/h2><\/div>\n\n\n\n<p data-block-type=\"core\">Restavracija, ustanovljena leta 1572, nadaljuje svojo skoraj poltiso\u010dletno tradicijo kuhanja za samostanski red, romarje in druge obiskovalce Svete Gore. Na\u0161a ponudba vklju\u010duje izvrstne jedi in svetovno priznana vina, ob tem pa vam nudimo prijazno postre\u017ebo. Restavracija lahko v prijetnem in mirnem vzdu\u0161ju sprejme ve\u010d kot sto gostov naenkrat.<\/p>\n<\/div><\/div><\/div>\n<\/div><\/div>\n\n\n\n<div class=\"wp-block-stackable-spacer stk-block-spacer stk--no-padding stk-block stk-9fc1f3d\" data-block-id=\"9fc1f3d\" data-block-type=\"core\"><\/div>\n\n\n\n<div class=\"wp-block-stackable-divider stk-block-divider stk-block stk-b739f82\" data-block-id=\"b739f82\"><hr class=\"stk-block-divider__hr\"\/><\/div>\n\n\n\n<div class=\"wp-block-stackable-spacer stk-block-spacer stk--no-padding stk-block stk-a2338a4\" data-block-id=\"a2338a4\"><\/div>\n\n\n\n<div class=\"wp-block-stackable-heading stk-block-heading stk-block-heading--v2 stk-block stk-bc0c78f\" id=\"accomodation\" data-block-id=\"bc0c78f\"><h1 class=\"stk-block-heading__text has-text-align-center\">Preno\u010ditev<\/h1><\/div>\n\n\n\n<div class=\"wp-block-stackable-columns stk-block-columns stk-block stk-8fde6ec\" data-block-id=\"8fde6ec\" data-block-type=\"core\"><style>.stk-8fde6ec-column{--stk-columns-spacing:var(--stk--preset--spacing--20, 0.44rem) !important;}<\/style><div class=\"stk-row stk-inner-blocks stk-block-content stk-content-align stk-8fde6ec-column\">\n<div class=\"wp-block-stackable-column stk-block-column stk-column stk-block stk-6daf7f6\" data-v=\"4\" data-block-id=\"6daf7f6\"><div class=\"stk-column-wrapper stk-block-column__content stk-container stk-6daf7f6-container stk--no-background stk--no-padding\"><div class=\"stk-block-content stk-inner-blocks stk-6daf7f6-inner-blocks\">\n<div class=\"wp-block-stackable-card stk-block-card stk-block stk-04fb2eb is-style-default\" data-v=\"2\" data-block-id=\"04fb2eb\"><div class=\"stk--no-padding stk-container stk-04fb2eb-container stk-hover-parent\"><figure class=\"stk-block-card__image stk-img-wrapper stk-image--shape-stretch\"><img loading=\"lazy\" decoding=\"async\" class=\"stk-img wp-image-857\" src=\"https:\/\/visitsvetagora.com\/wp-content\/uploads\/2025\/11\/accom_bnb.jpg\" width=\"337\" height=\"336\" srcset=\"https:\/\/visitsvetagora.com\/wp-content\/uploads\/2025\/11\/accom_bnb.jpg 337w, https:\/\/visitsvetagora.com\/wp-content\/uploads\/2025\/11\/accom_bnb-300x300.jpg 300w, https:\/\/visitsvetagora.com\/wp-content\/uploads\/2025\/11\/accom_bnb-150x150.jpg 150w\" sizes=\"auto, (max-width: 337px) 100vw, 337px\" \/><\/figure><div class=\"stk-container-padding stk-block-card__content\"><div class=\"stk-block-content stk-inner-blocks stk-04fb2eb-inner-blocks\">\n<div class=\"wp-block-stackable-heading stk-block-heading stk-block-heading--v2 stk-block stk-e4f7551\" id=\"bed-amp-breakfast\" data-block-id=\"e4f7551\"><h3 class=\"stk-block-heading__text\">Penzion<\/h3><\/div>\n\n\n\n<div class=\"wp-block-stackable-subtitle stk-block-subtitle stk-block stk-20994f6\" data-block-id=\"20994f6\"><p class=\"stk-block-subtitle__text stk-subtitle\">Prostorne sobe, sodobne udobnosti in razgledi na okoli\u0161ke gri\u010de \u2014 idealno za pare, dru\u017eine ali goste, ki si \u017eelijo mirnega po\u010ditka.<\/p><\/div>\n\n\n\n<div class=\"wp-block-stackable-button-group stk-block-button-group stk-block stk-fc68554\" data-block-id=\"fc68554\"><div class=\"stk-row stk-inner-blocks stk-block-content stk-button-group\">\n<div class=\"wp-block-stackable-button stk-block-button stk-block stk-4fdf9e5\" data-block-id=\"4fdf9e5\"><a class=\"stk-link stk-button stk--hover-effect-darken\" href=\"\/sl\/bed-breakfast\/\"><span class=\"stk-button__inner-text\">Preberite ve\u010d<\/span><\/a><\/div>\n<\/div><\/div>\n<\/div><\/div><\/div><\/div>\n<\/div><\/div><\/div>\n\n\n\n<div class=\"wp-block-stackable-column stk-block-column stk-column stk-block stk-33822c7\" data-v=\"4\" data-block-id=\"33822c7\"><div class=\"stk-column-wrapper stk-block-column__content stk-container stk-33822c7-container stk--no-background stk--no-padding\"><div class=\"stk-block-content stk-inner-blocks stk-33822c7-inner-blocks\">\n<div class=\"wp-block-stackable-card stk-block-card stk-block stk-0544797 is-style-default\" data-v=\"2\" data-block-id=\"0544797\"><div class=\"stk--no-padding stk-container stk-0544797-container stk-hover-parent\"><figure class=\"stk-block-card__image stk-img-wrapper stk-image--shape-stretch\"><img loading=\"lazy\" decoding=\"async\" class=\"stk-img wp-image-858\" src=\"https:\/\/visitsvetagora.com\/wp-content\/uploads\/2025\/11\/accom_cmd.jpg\" width=\"578\" height=\"578\" srcset=\"https:\/\/visitsvetagora.com\/wp-content\/uploads\/2025\/11\/accom_cmd.jpg 578w, https:\/\/visitsvetagora.com\/wp-content\/uploads\/2025\/11\/accom_cmd-300x300.jpg 300w, https:\/\/visitsvetagora.com\/wp-content\/uploads\/2025\/11\/accom_cmd-150x150.jpg 150w\" sizes=\"auto, (max-width: 578px) 100vw, 578px\" \/><\/figure><div class=\"stk-container-padding stk-block-card__content\"><div class=\"stk-block-content stk-inner-blocks stk-0544797-inner-blocks\">\n<div class=\"wp-block-stackable-heading stk-block-heading stk-block-heading--v2 stk-block stk-90108d5\" id=\"peace-amp-well-being-center\" data-block-id=\"90108d5\"><h3 class=\"stk-block-heading__text\">Center Mir in Dobro<\/h3><\/div>\n\n\n\n<div class=\"wp-block-stackable-subtitle stk-block-subtitle stk-block stk-bbc16b4\" data-block-id=\"bbc16b4\"><p class=\"stk-block-subtitle__text stk-subtitle\">Romarska du\u0161a v sodobnem okolju. Edinstven objekt z nastanitvami od skupinskih sob do zasebnih apartmajev. Va\u0161e mirno zato\u010di\u0161\u010de za pustolov\u0161\u010dine ali sprostitev, v neposredni bli\u017eini cerkve.<\/p><\/div>\n\n\n\n<div class=\"wp-block-stackable-button-group stk-block-button-group stk-block stk-cc2cb59\" data-block-id=\"cc2cb59\"><div class=\"stk-row stk-inner-blocks stk-block-content stk-button-group\">\n<div class=\"wp-block-stackable-button stk-block-button stk-block stk-ca0efa5\" data-block-id=\"ca0efa5\"><a class=\"stk-link stk-button stk--hover-effect-darken\" href=\"https:\/\/visitsvetagora.com\/sl\/peace-and-well-being-center\/\"><span class=\"stk-button__inner-text\">Preberite ve\u010d<\/span><\/a><\/div>\n<\/div><\/div>\n<\/div><\/div><\/div><\/div>\n<\/div><\/div><\/div>\n\n\n\n<div class=\"wp-block-stackable-column stk-block-column stk-column stk-block stk-f601921\" data-v=\"4\" data-block-id=\"f601921\"><div class=\"stk-column-wrapper stk-block-column__content stk-container stk-f601921-container stk--no-background stk--no-padding\"><div class=\"stk-block-content stk-inner-blocks stk-f601921-inner-blocks\">\n<div class=\"wp-block-stackable-card stk-block-card stk-block stk-f1b312c is-style-default\" data-v=\"2\" data-block-id=\"f1b312c\"><div class=\"stk--no-padding stk-container stk-f1b312c-container stk-hover-parent\"><figure class=\"stk-block-card__image stk-img-wrapper stk-image--shape-stretch\"><img loading=\"lazy\" decoding=\"async\" class=\"stk-img wp-image-859\" src=\"https:\/\/visitsvetagora.com\/wp-content\/uploads\/2025\/11\/accom_tau.jpg\" width=\"337\" height=\"337\" srcset=\"https:\/\/visitsvetagora.com\/wp-content\/uploads\/2025\/11\/accom_tau.jpg 337w, https:\/\/visitsvetagora.com\/wp-content\/uploads\/2025\/11\/accom_tau-300x300.jpg 300w, https:\/\/visitsvetagora.com\/wp-content\/uploads\/2025\/11\/accom_tau-150x150.jpg 150w\" sizes=\"auto, (max-width: 337px) 100vw, 337px\" \/><\/figure><div class=\"stk-container-padding stk-block-card__content\"><div class=\"stk-block-content stk-inner-blocks stk-f1b312c-inner-blocks\">\n<div class=\"wp-block-stackable-heading stk-block-heading stk-block-heading--v2 stk-block stk-f0ba18e\" id=\"youth-center-tau\" data-block-id=\"f0ba18e\"><h3 class=\"stk-block-heading__text\">Mladinski center Tau<\/h3><\/div>\n\n\n\n<div class=\"wp-block-stackable-subtitle stk-block-subtitle stk-block stk-0cc5cd0\" data-block-id=\"0cc5cd0\"><p class=\"stk-block-subtitle__text stk-subtitle\">Skupne spalnice in skupni prostori, namenjeni skupinskim umikom, mladinskim bivanjam in prostovoljcem \u2014 kraj, kjer preprostost postane darilo.<\/p><\/div>\n\n\n\n<div class=\"wp-block-stackable-button-group stk-block-button-group stk-block stk-449e81c\" data-block-id=\"449e81c\"><div class=\"stk-row stk-inner-blocks stk-block-content stk-button-group\">\n<div class=\"wp-block-stackable-button stk-block-button stk-block stk-97f0a26\" data-block-id=\"97f0a26\"><a class=\"stk-link stk-button stk--hover-effect-darken\" href=\"\/sl\/youth-center-tau\/\"><span class=\"stk-button__inner-text\">Preberite ve\u010d<\/span><\/a><\/div>\n<\/div><\/div>\n<\/div><\/div><\/div><\/div>\n<\/div><\/div><\/div>\n<\/div><\/div>","protected":false},"excerpt":{"rendered":"<p>Hospitality of \u200bSveta Gora The Terrace Caf\u00e9 Drink a cup of Italian coffee or a glass of fine wine all while enjoying splendid views of nature and relaxing in the [&hellip;]<\/p>","protected":false},"author":1,"featured_media":0,"parent":0,"menu_order":0,"comment_status":"closed","ping_status":"closed","template":"","meta":{"footnotes":""},"class_list":["post-698","page","type-page","status-publish","hentry"],"blocksy_meta":[],"_links":{"self":[{"href":"https:\/\/visitsvetagora.com\/sl\/wp-json\/wp\/v2\/pages\/698","targetHints":{"allow":["GET"]}}],"collection":[{"href":"https:\/\/visitsvetagora.com\/sl\/wp-json\/wp\/v2\/pages"}],"about":[{"href":"https:\/\/visitsvetagora.com\/sl\/wp-json\/wp\/v2\/types\/page"}],"author":[{"embeddable":true,"href":"https:\/\/visitsvetagora.com\/sl\/wp-json\/wp\/v2\/users\/1"}],"replies":[{"embeddable":true,"href":"https:\/\/visitsvetagora.com\/sl\/wp-json\/wp\/v2\/comments?post=698"}],"version-history":[{"count":13,"href":"https:\/\/visitsvetagora.com\/sl\/wp-json\/wp\/v2\/pages\/698\/revisions"}],"predecessor-version":[{"id":1735,"href":"https:\/\/visitsvetagora.com\/sl\/wp-json\/wp\/v2\/pages\/698\/revisions\/1735"}],"wp:attachment":[{"href":"https:\/\/visitsvetagora.com\/sl\/wp-json\/wp\/v2\/media?parent=698"}],"curies":[{"name":"wp","href":"https:\/\/api.w.org\/{rel}","templated":true}]}}