{"id":762,"date":"2025-11-12T09:39:11","date_gmt":"2025-11-12T09:39:11","guid":{"rendered":"https:\/\/visitsvetagora.com\/?page_id=762"},"modified":"2026-04-17T17:05:22","modified_gmt":"2026-04-17T15:05:22","slug":"visit","status":"publish","type":"page","link":"https:\/\/visitsvetagora.com\/sl\/visit\/","title":{"rendered":"Obisk"},"content":{"rendered":"<div class=\"wp-block-stackable-hero stk-block-hero stk-block stk-e31828e is-style-default\" data-v=\"2\" data-block-id=\"e31828e\"><style>.stk-e31828e-inner-blocks{justify-content:center !important;}.stk-e31828e-container{background-image:url(https:\/\/visitsvetagora.com\/wp-content\/uploads\/2025\/11\/visit-side_sunset_view_cut.jpg) !important;}.stk-e31828e .stk-block-hero__content{min-height:500px !important;align-items:center !important;display:flex !important;}<\/style><div class=\"stk-block-hero__content stk-content-align stk-e31828e-column stk-container stk-e31828e-container stk-hover-parent stk--has-background-overlay\"><div class=\"stk-block-content stk-inner-blocks has-text-align-center stk--column-flex stk-e31828e-inner-blocks\">\n<div class=\"wp-block-stackable-heading stk-block-heading stk-block-heading--v2 stk-block stk-d8591cf\" id=\"visit-sveta-gora\" data-block-id=\"d8591cf\"><style>.stk-d8591cf .stk-block-heading__text{color:var(--theme-palette-color-8, #ffffff) !important;}<\/style><h2 class=\"stk-block-heading__text has-text-color\">Obi\u0161\u010di Sveto Goro<\/h2><\/div>\n\n\n\n<div class=\"wp-block-stackable-text stk-block-text stk-block stk-305208f\" data-block-id=\"305208f\"><style>.stk-305208f .stk-block-text__text{color:var(--theme-palette-color-8, #ffffff) !important;}<\/style><p class=\"stk-block-text__text has-text-color\">Do\u017eivite zgodovino, duhovnost in nepozabne trenutke<\/p><\/div>\n<\/div><\/div><\/div>\n\n\n\n<div class=\"wp-block-stackable-spacer stk-block-spacer stk--no-padding stk-block stk-35ef922\" data-block-id=\"35ef922\"><style>.stk-35ef922 {height:100px !important;}<\/style><\/div>\n\n\n\n<div class=\"wp-block-stackable-columns stk-block-columns stk-block stk-91f5034\" data-block-id=\"91f5034\"><div class=\"stk-row stk-inner-blocks stk-block-content stk-content-align stk-91f5034-column\">\n<div class=\"wp-block-stackable-column stk-block-column stk-column stk-block stk-57b09f6\" data-v=\"4\" data-block-id=\"57b09f6\"><style>@media screen and (min-width:690px){.stk-57b09f6 {flex:var(--stk-flex-grow, 1) 1 33.3% !important;}}<\/style><div class=\"stk-column-wrapper stk-block-column__content stk-container stk-57b09f6-container stk--no-background stk--no-padding\"><div class=\"stk-block-content stk-inner-blocks stk-57b09f6-inner-blocks\">\n<div class=\"wp-block-stackable-image stk-block-image stk-block stk-9b6dc7e\" data-block-id=\"9b6dc7e\"><style>.stk-9b6dc7e .stk-img-wrapper{aspect-ratio:1\/1 !important;height:auto !important;}@media screen and (max-width:999px){.stk-9b6dc7e .stk-img-wrapper{height:auto !important;}}@media screen and (max-width:689px){.stk-9b6dc7e .stk-img-wrapper{height:auto !important;}}<\/style><figure><span class=\"stk-img-wrapper stk-image--shape-stretch\"><img loading=\"lazy\" decoding=\"async\" class=\"stk-img wp-image-1030\" src=\"https:\/\/visitsvetagora.com\/wp-content\/uploads\/2025\/11\/church-basilica.jpg\" width=\"600\" height=\"800\" srcset=\"https:\/\/visitsvetagora.com\/wp-content\/uploads\/2025\/11\/church-basilica.jpg 600w, https:\/\/visitsvetagora.com\/wp-content\/uploads\/2025\/11\/church-basilica-225x300.jpg 225w\" sizes=\"auto, (max-width: 600px) 100vw, 600px\" \/><\/span><\/figure><\/div>\n<\/div><\/div><\/div>\n\n\n\n<div class=\"wp-block-stackable-column stk-block-column stk-column stk-block stk-d828a4b\" data-v=\"4\" data-block-id=\"d828a4b\"><style>.stk-d828a4b {align-self:center !important;}@media screen and (min-width:690px){.stk-d828a4b {flex:var(--stk-flex-grow, 1) 1 66.7% !important;}}<\/style><div class=\"stk-column-wrapper stk-block-column__content stk-container stk-d828a4b-container stk--no-background stk--no-padding\"><div class=\"has-text-align-left stk-block-content stk-inner-blocks stk-d828a4b-inner-blocks\">\n<div class=\"wp-block-stackable-heading stk-block-heading stk-block-heading--v2 stk-block stk-b919c5e\" id=\"basilica-of-our-lady-of-sveta-gora\" data-block-id=\"b919c5e\"><h2 class=\"stk-block-heading__text\">Bazilika Svetogorske Matere bo\u017eje<\/h2><\/div>\n\n\n\n<div class=\"wp-block-stackable-text stk-block-text stk-block stk-65e5c63\" data-block-id=\"65e5c63\"><p class=\"stk-block-text__text\">Stopite v cerkev, ki stoji \u017ee stoletja, ob\u010dudujte njeno izjemno arhitekturo in spoznajte duhovno pot, ki je oblikovala na\u0161 hribovski sveti\u0161\u010de.<\/p><\/div>\n\n\n\n<div class=\"wp-block-stackable-button-group stk-block-button-group stk-block stk-7ea2e2a\" data-block-id=\"7ea2e2a\"><div class=\"stk-row stk-inner-blocks stk-block-content stk-button-group\">\n<div class=\"wp-block-stackable-button stk-block-button stk-block stk-f22e3d0\" data-block-id=\"f22e3d0\"><a class=\"stk-link stk-button stk--hover-effect-darken\" href=\"\/sl\/spirituality\/\"><span class=\"stk-button__inner-text\">Preberi ve\u010d<\/span><\/a><\/div>\n<\/div><\/div>\n<\/div><\/div><\/div>\n<\/div><\/div>\n\n\n\n<div class=\"wp-block-stackable-columns stk-block-columns stk-block stk-0a015d2\" data-block-id=\"0a015d2\"><div class=\"stk-row stk-inner-blocks stk-block-content stk-content-align stk-0a015d2-column\">\n<div class=\"wp-block-stackable-column stk-block-column stk-column stk-block stk-c708a38\" data-v=\"4\" data-block-id=\"c708a38\"><style>@media screen and (min-width:690px){.stk-c708a38 {flex:var(--stk-flex-grow, 1) 1 33.3% !important;}}<\/style><div class=\"stk-column-wrapper stk-block-column__content stk-container stk-c708a38-container stk--no-background stk--no-padding\"><div class=\"stk-block-content stk-inner-blocks stk-c708a38-inner-blocks\">\n<div class=\"wp-block-stackable-image stk-block-image stk-block stk-09c6019\" data-block-id=\"09c6019\"><style>.stk-09c6019 .stk-img-wrapper{aspect-ratio:1\/1 !important;height:auto !important;}@media screen and (max-width:999px){.stk-09c6019 .stk-img-wrapper{height:auto !important;}}@media screen and (max-width:689px){.stk-09c6019 .stk-img-wrapper{height:auto !important;}}<\/style><figure><span class=\"stk-img-wrapper stk-image--shape-stretch\"><img loading=\"lazy\" decoding=\"async\" class=\"stk-img wp-image-1275\" src=\"https:\/\/visitsvetagora.com\/wp-content\/uploads\/2025\/11\/visit-wedding.jpg\" width=\"1500\" height=\"2250\" srcset=\"https:\/\/visitsvetagora.com\/wp-content\/uploads\/2025\/11\/visit-wedding.jpg 1500w, https:\/\/visitsvetagora.com\/wp-content\/uploads\/2025\/11\/visit-wedding-200x300.jpg 200w, https:\/\/visitsvetagora.com\/wp-content\/uploads\/2025\/11\/visit-wedding-683x1024.jpg 683w, https:\/\/visitsvetagora.com\/wp-content\/uploads\/2025\/11\/visit-wedding-768x1152.jpg 768w, https:\/\/visitsvetagora.com\/wp-content\/uploads\/2025\/11\/visit-wedding-1024x1536.jpg 1024w, https:\/\/visitsvetagora.com\/wp-content\/uploads\/2025\/11\/visit-wedding-1365x2048.jpg 1365w, https:\/\/visitsvetagora.com\/wp-content\/uploads\/2025\/11\/visit-wedding-8x12.jpg 8w\" sizes=\"auto, (max-width: 1500px) 100vw, 1500px\" \/><\/span><\/figure><\/div>\n<\/div><\/div><\/div>\n\n\n\n<div class=\"wp-block-stackable-column stk-block-column stk-column stk-block stk-1ba4778\" data-v=\"4\" data-block-id=\"1ba4778\"><style>.stk-1ba4778 {align-self:center !important;}@media screen and (min-width:690px){.stk-1ba4778 {flex:var(--stk-flex-grow, 1) 1 66.7% !important;}}<\/style><div class=\"stk-column-wrapper stk-block-column__content stk-container stk-1ba4778-container stk--no-background stk--no-padding\"><div class=\"has-text-align-left stk-block-content stk-inner-blocks stk-1ba4778-inner-blocks\">\n<div class=\"wp-block-stackable-heading stk-block-heading stk-block-heading--v2 stk-block stk-f0c9741\" id=\"a-sacred-place-for-your-wedding\" data-block-id=\"f0c9741\"><h2 class=\"stk-block-heading__text\">Sveti kraj za va\u0161o poroko<\/h2><\/div>\n\n\n\n<div class=\"wp-block-stackable-text stk-block-text stk-block stk-5d63458\" data-block-id=\"5d63458\"><p class=\"stk-block-text__text\">Praznujte svojo ljubezen v prostoru, polnem zgodovine in sveta lepote. Na\u0161a ekipa nudi podporo pri izvedbi pomenljivih slovesnosti, ki spo\u0161tujejo tradicijo in va\u0161o osebno zgodbo.<\/p><\/div>\n\n\n\n<div class=\"wp-block-stackable-button-group stk-block-button-group stk-block stk-b292aaf\" data-block-id=\"b292aaf\"><div class=\"stk-row stk-inner-blocks stk-block-content stk-button-group\">\n<div class=\"wp-block-stackable-button stk-block-button stk-block stk-9751a34\" data-block-id=\"9751a34\"><a class=\"stk-link stk-button stk--hover-effect-darken\" href=\"\/sl\/weddings\/\"><span class=\"stk-button__inner-text\">Preberi ve\u010d<\/span><\/a><\/div>\n<\/div><\/div>\n<\/div><\/div><\/div>\n<\/div><\/div>\n\n\n\n<div class=\"wp-block-stackable-columns stk-block-columns stk-block stk-b7b04bb\" data-block-id=\"b7b04bb\"><div class=\"stk-row stk-inner-blocks stk-block-content stk-content-align stk-b7b04bb-column\">\n<div class=\"wp-block-stackable-column stk-block-column stk-column stk-block stk-a28b4ed\" data-v=\"4\" data-block-id=\"a28b4ed\"><style>@media screen and (min-width:690px){.stk-a28b4ed {flex:var(--stk-flex-grow, 1) 1 33.3% !important;}}<\/style><div class=\"stk-column-wrapper stk-block-column__content stk-container stk-a28b4ed-container stk--no-background stk--no-padding\"><div class=\"stk-block-content stk-inner-blocks stk-a28b4ed-inner-blocks\">\n<div class=\"wp-block-stackable-image stk-block-image stk-block stk-9be6656\" data-block-id=\"9be6656\"><style>.stk-9be6656 .stk-img-wrapper{aspect-ratio:1\/1 !important;height:auto !important;}@media screen and (max-width:999px){.stk-9be6656 .stk-img-wrapper{height:auto !important;}}@media screen and (max-width:689px){.stk-9be6656 .stk-img-wrapper{height:auto !important;}}<\/style><figure><span class=\"stk-img-wrapper stk-image--shape-stretch\"><img loading=\"lazy\" decoding=\"async\" class=\"stk-img wp-image-1176\" src=\"https:\/\/visitsvetagora.com\/wp-content\/uploads\/2025\/11\/activities-museum.jpeg\" width=\"1067\" height=\"800\" srcset=\"https:\/\/visitsvetagora.com\/wp-content\/uploads\/2025\/11\/activities-museum.jpeg 1067w, https:\/\/visitsvetagora.com\/wp-content\/uploads\/2025\/11\/activities-museum-300x225.jpeg 300w, https:\/\/visitsvetagora.com\/wp-content\/uploads\/2025\/11\/activities-museum-1024x768.jpeg 1024w, https:\/\/visitsvetagora.com\/wp-content\/uploads\/2025\/11\/activities-museum-768x576.jpeg 768w, https:\/\/visitsvetagora.com\/wp-content\/uploads\/2025\/11\/activities-museum-16x12.jpeg 16w\" sizes=\"auto, (max-width: 1067px) 100vw, 1067px\" \/><\/span><\/figure><\/div>\n<\/div><\/div><\/div>\n\n\n\n<div class=\"wp-block-stackable-column stk-block-column stk-column stk-block stk-a64816a\" data-v=\"4\" data-block-id=\"a64816a\"><style>.stk-a64816a {align-self:center !important;}@media screen and (min-width:690px){.stk-a64816a {flex:var(--stk-flex-grow, 1) 1 66.7% !important;}}<\/style><div class=\"stk-column-wrapper stk-block-column__content stk-container stk-a64816a-container stk--no-background stk--no-padding\"><div class=\"has-text-align-left stk-block-content stk-inner-blocks stk-a64816a-inner-blocks\">\n<div class=\"wp-block-stackable-heading stk-block-heading stk-block-heading--v2 stk-block stk-642058f\" id=\"marian-museum\" data-block-id=\"642058f\"><h2 class=\"stk-block-heading__text\">Marijanski muzej<\/h2><\/div>\n\n\n\n<div class=\"wp-block-stackable-text stk-block-text stk-block stk-dc828f5\" data-block-id=\"dc828f5\"><p class=\"stk-block-text__text\">Obi\u0161\u010dite Marijanski muzej in ob\u010dudujte slike, kipce ter druge Marijanske spominke. Za posebej radovedne imamo tudi skrivni artefakt \u2013 mamutov zob! V bli\u017eini je za ljubitelje zgodovine \u0161e veliko muzejev prve svetovne vojne, bunkerjev in tunelov.<\/p><\/div>\n<\/div><\/div><\/div>\n<\/div><\/div>\n\n\n\n<div class=\"wp-block-stackable-spacer stk-block-spacer stk--no-padding stk-block stk-447f335\" data-block-id=\"447f335\"><style>.stk-447f335 {height:50px !important;}<\/style><\/div>\n\n\n\n<div class=\"wp-block-stackable-spacer stk-block-spacer stk--no-padding stk-block stk-9fc1f3d\" data-block-id=\"9fc1f3d\" data-block-type=\"core\"><\/div>\n\n\n\n<div class=\"wp-block-stackable-divider stk-block-divider stk-block stk-b739f82\" data-block-id=\"b739f82\"><hr class=\"stk-block-divider__hr\"\/><\/div>\n\n\n\n<div class=\"wp-block-stackable-spacer stk-block-spacer stk--no-padding stk-block stk-a2338a4\" data-block-id=\"a2338a4\"><\/div>\n\n\n\n<div class=\"wp-block-stackable-columns stk-block-columns stk-block stk-0ef840c stk-block-background stk--has-background-overlay\" data-block-id=\"0ef840c\"><style>.stk-0ef840c {background-image:url(https:\/\/visitsvetagora.com\/wp-content\/uploads\/2025\/12\/hiking-hero3.jpg) !important;}<\/style><div class=\"stk-row stk-inner-blocks stk-block-content stk-content-align stk-0ef840c-column\">\n<div class=\"wp-block-stackable-column stk-block-column stk-column stk-block stk-c8d02f3\" data-v=\"4\" data-block-id=\"c8d02f3\"><style>@media screen and (min-width:690px){.stk-c8d02f3 {flex:var(--stk-flex-grow, 1) 1 calc(30% - var(--stk-column-gap, 0px) * 2 \/ 3 ) !important;}}<\/style><div class=\"stk-column-wrapper stk-block-column__content stk-container stk-c8d02f3-container stk--no-background stk--no-padding\"><div class=\"stk-block-content stk-inner-blocks stk-c8d02f3-inner-blocks\"><\/div><\/div><\/div>\n\n\n\n<div class=\"wp-block-stackable-column stk-block-column stk-column stk-block stk-d3a8b29\" data-v=\"4\" data-block-id=\"d3a8b29\"><style>.stk-d3a8b29 {min-height:var(--stk--preset--block-height--x-large, 24rem) !important;align-items:center !important;display:flex !important;}@media screen and (min-width:690px){.stk-d3a8b29 {flex:var(--stk-flex-grow, 1) 1 calc(40% - var(--stk-column-gap, 0px) * 2 \/ 3 ) !important;}}<\/style><div class=\"stk-column-wrapper stk-block-column__content stk-container stk-d3a8b29-container stk--no-background stk--no-padding\"><div class=\"stk-block-content stk-inner-blocks stk-d3a8b29-inner-blocks\">\n<div class=\"wp-block-stackable-text stk-block-text stk-block stk-d8510ab\" data-block-id=\"d8510ab\"><style>.stk-d8510ab .stk-block-text__text{text-shadow:2px 4px 5px #00000066 !important;color:var(--theme-palette-color-8, #ffffff) !important;}<\/style><p class=\"stk-block-text__text has-text-color has-text-align-center\">\u010ceprav je cerkveni kompleks srce Svete Gore, ponuja njena okolica \u0161e veliko ve\u010d \u2014 sprehajalne poti, razgledne to\u010dke, zgodovinske znamenitosti ter kraje za umiritev in do\u017eivljanje pokrajine.<\/p><\/div>\n\n\n\n<div class=\"wp-block-stackable-button-group stk-block-button-group stk-block stk-4f33eb2\" data-block-id=\"4f33eb2\"><div class=\"stk-row stk-inner-blocks has-text-align-center stk-block-content stk-button-group\">\n<div class=\"wp-block-stackable-button stk-block-button stk-block stk-3483c0e\" data-block-id=\"3483c0e\"><a class=\"stk-link stk-button stk--hover-effect-darken\" href=\"\/sl\/explore\/\"><span class=\"stk-button__inner-text\">Odkrij<\/span><\/a><\/div>\n<\/div><\/div>\n<\/div><\/div><\/div>\n\n\n\n<div class=\"wp-block-stackable-column stk-block-column stk-column stk-block stk-d2c6e84\" data-v=\"4\" data-block-id=\"d2c6e84\"><style>@media screen and (min-width:690px){.stk-d2c6e84 {flex:var(--stk-flex-grow, 1) 1 calc(30% - var(--stk-column-gap, 0px) * 2 \/ 3 ) !important;}}<\/style><div class=\"stk-column-wrapper stk-block-column__content stk-container stk-d2c6e84-container stk--no-background stk--no-padding\"><div class=\"stk-block-content stk-inner-blocks stk-d2c6e84-inner-blocks\"><\/div><\/div><\/div>\n<\/div><\/div>\n\n\n\n<div class=\"wp-block-stackable-text stk-block-text stk-block stk-1a1ffc7\" data-block-id=\"1a1ffc7\"><p class=\"stk-block-text__text\"><\/p><\/div>","protected":false},"excerpt":{"rendered":"<p>Visit Sveta Gora Experience history, spirituality, and meaningful moments Basilica of Our Lady of Sveta Gora Step inside a church that has stood for centuries, witness the intricate architecture, and [&hellip;]<\/p>","protected":false},"author":1,"featured_media":0,"parent":0,"menu_order":0,"comment_status":"closed","ping_status":"closed","template":"","meta":{"footnotes":""},"class_list":["post-762","page","type-page","status-publish","hentry"],"blocksy_meta":[],"_links":{"self":[{"href":"https:\/\/visitsvetagora.com\/sl\/wp-json\/wp\/v2\/pages\/762","targetHints":{"allow":["GET"]}}],"collection":[{"href":"https:\/\/visitsvetagora.com\/sl\/wp-json\/wp\/v2\/pages"}],"about":[{"href":"https:\/\/visitsvetagora.com\/sl\/wp-json\/wp\/v2\/types\/page"}],"author":[{"embeddable":true,"href":"https:\/\/visitsvetagora.com\/sl\/wp-json\/wp\/v2\/users\/1"}],"replies":[{"embeddable":true,"href":"https:\/\/visitsvetagora.com\/sl\/wp-json\/wp\/v2\/comments?post=762"}],"version-history":[{"count":18,"href":"https:\/\/visitsvetagora.com\/sl\/wp-json\/wp\/v2\/pages\/762\/revisions"}],"predecessor-version":[{"id":1736,"href":"https:\/\/visitsvetagora.com\/sl\/wp-json\/wp\/v2\/pages\/762\/revisions\/1736"}],"wp:attachment":[{"href":"https:\/\/visitsvetagora.com\/sl\/wp-json\/wp\/v2\/media?parent=762"}],"curies":[{"name":"wp","href":"https:\/\/api.w.org\/{rel}","templated":true}]}}