{"id":766,"date":"2025-11-12T09:40:49","date_gmt":"2025-11-12T09:40:49","guid":{"rendered":"https:\/\/visitsvetagora.com\/?page_id=766"},"modified":"2026-04-17T17:03:14","modified_gmt":"2026-04-17T15:03:14","slug":"spirituality","status":"publish","type":"page","link":"https:\/\/visitsvetagora.com\/sl\/spirituality\/","title":{"rendered":"Duhovnost"},"content":{"rendered":"<div class=\"wp-block-stackable-hero stk-block-hero stk-block stk-30e1ed6 is-style-default\" data-v=\"2\" data-block-id=\"30e1ed6\"><style>.stk-30e1ed6-inner-blocks{justify-content:center !important;}.stk-30e1ed6-container{background-image:url(https:\/\/visitsvetagora.com\/wp-content\/uploads\/2025\/11\/church-hero_cut.jpg) !important;}.stk-30e1ed6 .stk-block-hero__content{min-height:500px !important;align-items:center !important;display:flex !important;}<\/style><div class=\"stk-block-hero__content stk-content-align stk-30e1ed6-column stk-container stk-30e1ed6-container stk-hover-parent stk--has-background-overlay\"><div class=\"stk-block-content stk-inner-blocks has-text-align-center stk--column-flex stk-30e1ed6-inner-blocks\">\n<div class=\"wp-block-stackable-heading stk-block-heading stk-block-heading--v2 stk-block stk-42e4835\" id=\"title-for-this-block\" data-block-id=\"42e4835\"><h2 class=\"stk-block-heading__text\">Title for This Block<\/h2><\/div>\n\n\n\n<div class=\"wp-block-stackable-text stk-block-text stk-block stk-3032c63\" data-block-id=\"3032c63\"><p class=\"stk-block-text__text\">Description for this block. Use this space for describing your block. Any text will do. Description for this block. You can use this space for describing your block.<\/p><\/div>\n\n\n\n<div class=\"wp-block-stackable-button-group stk-block-button-group stk-block stk-cee8185\" data-block-id=\"cee8185\"><div class=\"stk-row stk-inner-blocks stk-block-content stk-button-group\">\n<div class=\"wp-block-stackable-button stk-block-button stk-block stk-5c14aeb\" data-block-id=\"5c14aeb\"><a class=\"stk-link stk-button stk--hover-effect-darken\" href=\"\"><span class=\"stk-button__inner-text\">Button<\/span><\/a><\/div>\n<\/div><\/div>\n<\/div><\/div><\/div>\n\n\n\n<div class=\"wp-block-stackable-spacer stk-block-spacer stk--no-padding stk-block stk-2dc0566\" data-block-id=\"2dc0566\"><\/div>\n\n\n\n<div class=\"wp-block-stackable-columns stk-block-columns stk-block stk-7b636e8\" data-block-id=\"7b636e8\"><div class=\"stk-row stk-inner-blocks stk-block-content stk-content-align stk-7b636e8-column\">\n<div class=\"wp-block-stackable-column stk-block-column stk-column stk-block stk-0c87c8b\" data-v=\"4\" data-block-id=\"0c87c8b\"><style>@media screen and (min-width:690px){.stk-0c87c8b {flex:var(--stk-flex-grow, 1) 1 33.3% !important;}}<\/style><div class=\"stk-column-wrapper stk-block-column__content stk-container stk-0c87c8b-container stk--no-background stk--no-padding\"><div class=\"stk-block-content stk-inner-blocks stk-0c87c8b-inner-blocks\">\n<figure class=\"wp-block-image size-full\" data-block-type=\"core\"><img loading=\"lazy\" decoding=\"async\" width=\"436\" height=\"337\" src=\"https:\/\/visitsvetagora.com\/wp-content\/uploads\/2025\/11\/church-urska.jpg\" alt=\"\" class=\"wp-image-1027\" srcset=\"https:\/\/visitsvetagora.com\/wp-content\/uploads\/2025\/11\/church-urska.jpg 436w, https:\/\/visitsvetagora.com\/wp-content\/uploads\/2025\/11\/church-urska-300x232.jpg 300w\" sizes=\"auto, (max-width: 436px) 100vw, 436px\" \/><\/figure>\n<\/div><\/div><\/div>\n\n\n\n<div class=\"wp-block-stackable-column stk-block-column stk-column stk-block stk-356446e\" data-v=\"4\" data-block-id=\"356446e\"><style>@media screen and (min-width:690px){.stk-356446e {flex:var(--stk-flex-grow, 1) 1 66.7% !important;}}<\/style><div class=\"stk-column-wrapper stk-block-column__content stk-container stk-356446e-container stk--no-background stk--no-padding\"><div class=\"stk-block-content stk-inner-blocks stk-356446e-inner-blocks\">\n<div class=\"wp-block-stackable-heading stk-block-heading stk-block-heading--v2 stk-block stk-3049b35\" id=\"urska-the-seer\" data-block-id=\"3049b35\"><h2 class=\"stk-block-heading__text\">Ur\u0161ka - vidkinja<\/h2><\/div>\n\n\n\n<p data-block-type=\"core\"><strong>Devica Marija<\/strong> se je na gori Skalnici, sedaj imenovani Sveta Gora, leta 1539 prikazala <strong>Ur\u0161ki Ferligoj<\/strong> in ji naro\u010dila: &nbsp;<em><strong>\"Povej ljudstvu, naj mi tukaj postavi hi\u0161o in me prosi milosti.\"<\/strong><\/em> Ur\u0161ula je bila ve\u010dkrat zaprta s strani posvetnih oblasti v je\u010di solkanskega gradu, iz katere je bila vedno \u010dude\u017eno re\u0161ena. Ljudje so za\u010deli romati na goro Skalnico, kjer so zgradili leseno kapelico in molili pred Marijino podobo, ki je bila po vizionarkinem opisu izdelana s strani bratov Francesca in Pietra Floreanija iz Vidma.<\/p>\n<\/div><\/div><\/div>\n<\/div><\/div>\n\n\n\n<div class=\"wp-block-stackable-columns stk-block-columns stk-block stk-61421eb\" data-block-id=\"61421eb\"><div class=\"stk-row stk-inner-blocks stk-block-content stk-content-align stk-61421eb-column\">\n<div class=\"wp-block-stackable-column stk-block-column stk-column stk-block stk-7c7ee34\" data-v=\"4\" data-block-id=\"7c7ee34\"><style>@media screen and (min-width:690px){.stk-7c7ee34 {flex:var(--stk-flex-grow, 1) 1 33.3% !important;}}<\/style><div class=\"stk-column-wrapper stk-block-column__content stk-container stk-7c7ee34-container stk--no-background stk--no-padding\"><div class=\"stk-block-content stk-inner-blocks stk-7c7ee34-inner-blocks\">\n<figure class=\"wp-block-image size-full\" data-block-type=\"core\"><img loading=\"lazy\" decoding=\"async\" width=\"793\" height=\"600\" src=\"https:\/\/visitsvetagora.com\/wp-content\/uploads\/2025\/11\/church-mother_mary.jpg\" alt=\"\" class=\"wp-image-1028\" srcset=\"https:\/\/visitsvetagora.com\/wp-content\/uploads\/2025\/11\/church-mother_mary.jpg 793w, https:\/\/visitsvetagora.com\/wp-content\/uploads\/2025\/11\/church-mother_mary-300x227.jpg 300w, https:\/\/visitsvetagora.com\/wp-content\/uploads\/2025\/11\/church-mother_mary-768x581.jpg 768w\" sizes=\"auto, (max-width: 793px) 100vw, 793px\" \/><\/figure>\n<\/div><\/div><\/div>\n\n\n\n<div class=\"wp-block-stackable-column stk-block-column stk-column stk-block stk-d8273f7\" data-v=\"4\" data-block-id=\"d8273f7\"><style>@media screen and (min-width:690px){.stk-d8273f7 {flex:var(--stk-flex-grow, 1) 1 66.7% !important;}}<\/style><div class=\"stk-column-wrapper stk-block-column__content stk-container stk-d8273f7-container stk--no-background stk--no-padding\"><div class=\"stk-block-content stk-inner-blocks stk-d8273f7-inner-blocks\">\n<div class=\"wp-block-stackable-heading stk-block-heading stk-block-heading--v2 stk-block stk-2300b91\" id=\"mother-mary-queen-of-sveta-gora\" data-block-id=\"2300b91\"><h2 class=\"stk-block-heading__text\">Devica Marija kraljica Svete Gore<\/h2><\/div>\n\n\n\n<p data-block-type=\"core\">Cerkev v gotsko-renesan\u010dnem slogu je posvetil generalni vikar Egidij Falcetta. Patriarh Ogle Marino Grimanipa ji je leta 1544 podaril milostno podobo Bo\u017eje Matere, delo bene\u0161kega slikarja Jacopa Palme starej\u0161ega, ki je zamenjala prej\u0161njo podobo. Zlato krono so podelili tistim Marijinim podobam, ki so bile dolgo \u010da\u0161\u010dene in znane po \u010dude\u017eih.<\/p>\n<\/div><\/div><\/div>\n<\/div><\/div>\n\n\n\n<div class=\"wp-block-stackable-columns stk-block-columns stk-block stk-74e01c8\" data-block-id=\"74e01c8\"><div class=\"stk-row stk-inner-blocks stk-block-content stk-content-align stk-74e01c8-column\">\n<div class=\"wp-block-stackable-column stk-block-column stk-column stk-block stk-623d193\" data-v=\"4\" data-block-id=\"623d193\"><style>@media screen and (min-width:690px){.stk-623d193 {flex:var(--stk-flex-grow, 1) 1 33.3% !important;}}<\/style><div class=\"stk-column-wrapper stk-block-column__content stk-container stk-623d193-container stk--no-background stk--no-padding\"><div class=\"stk-block-content stk-inner-blocks stk-623d193-inner-blocks\">\n<figure class=\"wp-block-image size-full\" data-block-type=\"core\"><img loading=\"lazy\" decoding=\"async\" width=\"434\" height=\"326\" src=\"https:\/\/visitsvetagora.com\/wp-content\/uploads\/2025\/11\/church-st_francis.jpg\" alt=\"\" class=\"wp-image-1029\" srcset=\"https:\/\/visitsvetagora.com\/wp-content\/uploads\/2025\/11\/church-st_francis.jpg 434w, https:\/\/visitsvetagora.com\/wp-content\/uploads\/2025\/11\/church-st_francis-300x225.jpg 300w\" sizes=\"auto, (max-width: 434px) 100vw, 434px\" \/><\/figure>\n<\/div><\/div><\/div>\n\n\n\n<div class=\"wp-block-stackable-column stk-block-column stk-column stk-block stk-0edd8dd\" data-v=\"4\" data-block-id=\"0edd8dd\"><style>@media screen and (min-width:690px){.stk-0edd8dd {flex:var(--stk-flex-grow, 1) 1 66.7% !important;}}<\/style><div class=\"stk-column-wrapper stk-block-column__content stk-container stk-0edd8dd-container stk--no-background stk--no-padding\"><div class=\"stk-block-content stk-inner-blocks stk-0edd8dd-inner-blocks\">\n<div class=\"wp-block-stackable-heading stk-block-heading stk-block-heading--v2 stk-block stk-a4034d2\" id=\"saint-francis-of-assisi\" data-block-id=\"a4034d2\"><h2 class=\"stk-block-heading__text\">Sveti Fran\u010di\u0161ek Asi\u0161ki<\/h2><\/div>\n\n\n\n<p data-block-type=\"core\"><strong>Giovanni di Pietro di Bernardone<\/strong>, bolje poznan kot&nbsp;<strong>Sveti Fran\u010di\u0161ek Asi\u0161ki<\/strong>&nbsp;(1181 \u2013 3. oktober 1226) je bil misti\u010dni italijanski menih in ustanovitelj fran\u010di\u0161kanskega reda ter ena najbolj \u010da\u0161\u010denih osebnosti v kr\u0161\u010danstvu. Fran\u010di\u0161ek je povezan s patronatom \u017eivali in okolja. Postalo je obi\u010dajno, da cerkve ob njegovem godu, 4. oktobra, izvajajo blagoslove \u017eivali. Leta 1565 je nadvojvoda Karel II. Sveto Goro z njenim samostanom in cerkvijo zaupala fran\u010di\u0161kanskemu redu v skrb in vzdr\u017eevanje.&nbsp;<\/p>\n<\/div><\/div><\/div>\n<\/div><\/div>\n\n\n\n<div class=\"wp-block-stackable-spacer stk-block-spacer stk--no-padding stk-block stk-9fc1f3d\" data-block-id=\"9fc1f3d\" data-block-type=\"core\"><\/div>\n\n\n\n<div class=\"wp-block-stackable-divider stk-block-divider stk-block stk-b739f82\" data-block-id=\"b739f82\"><hr class=\"stk-block-divider__hr\"\/><\/div>\n\n\n\n<div class=\"wp-block-stackable-spacer stk-block-spacer stk--no-padding stk-block stk-a2338a4\" data-block-id=\"a2338a4\"><\/div>\n\n\n\n<div class=\"wp-block-stackable-heading stk-block-heading stk-block-heading--v2 stk-block stk-c6e2103\" id=\"spiritual-and-religious-landmarks\" data-block-id=\"c6e2103\"><style>.stk-c6e2103 {margin-bottom:0px !important;}<\/style><h2 class=\"stk-block-heading__text has-text-align-center\">Duhovni in verski spomeniki<\/h2><\/div>\n\n\n\n<h4 class=\"wp-block-heading has-text-align-center\" data-block-type=\"core\">Za vse, ki i\u0161\u010dete notranji mir<\/h4>\n\n\n\n<div class=\"wp-block-stackable-columns stk-block-columns stk-block stk-5ad207f\" data-block-id=\"5ad207f\"><div class=\"stk-row stk-inner-blocks stk-block-content stk-content-align stk-5ad207f-column\">\n<div class=\"wp-block-stackable-column stk-block-column stk-column stk-block stk-5256b4e\" data-v=\"4\" data-block-id=\"5256b4e\"><div class=\"stk-column-wrapper stk-block-column__content stk-container stk-5256b4e-container stk--no-background stk--no-padding\"><div class=\"stk-block-content stk-inner-blocks stk-5256b4e-inner-blocks\">\n<div class=\"wp-block-stackable-card stk-block-card stk-block stk-2ec2a18 is-style-default\" data-v=\"2\" data-block-id=\"2ec2a18\"><div class=\"stk--no-padding stk-container stk-2ec2a18-container stk-hover-parent\"><figure class=\"stk-block-card__image stk-img-wrapper stk-image--shape-stretch\"><img loading=\"lazy\" decoding=\"async\" class=\"stk-img wp-image-1030\" src=\"https:\/\/visitsvetagora.com\/wp-content\/uploads\/2025\/11\/church-basilica.jpg\" width=\"600\" height=\"800\" srcset=\"https:\/\/visitsvetagora.com\/wp-content\/uploads\/2025\/11\/church-basilica.jpg 600w, https:\/\/visitsvetagora.com\/wp-content\/uploads\/2025\/11\/church-basilica-225x300.jpg 225w\" sizes=\"auto, (max-width: 600px) 100vw, 600px\" \/><\/figure><div class=\"stk-container-padding stk-block-card__content\"><div class=\"stk-block-content stk-inner-blocks stk-2ec2a18-inner-blocks\">\n<div class=\"wp-block-stackable-heading stk-block-heading stk-block-heading--v2 stk-block stk-7d24f46\" id=\"basilica-of-the-mo\" data-block-id=\"7d24f46\"><h4 class=\"stk-block-heading__text\">Bazilika Matere Bo\u017eje<\/h4><\/div>\n\n\n\n<div class=\"wp-block-stackable-text stk-block-text stk-block stk-c108d1a\" data-block-id=\"c108d1a\"><p class=\"stk-block-text__text\">Prva cerkev po prikazovanju Marije na tej gori je bila zasnovana v gotsko-renesan\u010dnem slogu, njena gradnja se je za\u010dela leta 1540 in je stala na Sveti Gori vse do prve svetovne vojne, ko je bila popolnoma poru\u0161ena v bombardiranjih. Leta 1907 jo je pape\u017e Pij X. razglasil za baziliko. Sedanja bazilika z samostanom in pomo\u017enimi poslopji je bila obnovljena s strani fran\u010di\u0161kanskega reda med letoma 1924 in 1928 v neobaro\u010dnem slogu, danes pa so vse za\u0161\u010diteni narodni kulturni spomeniki. Poleg verskih obredov bazilika gosti tudi koncerte in razstave.<\/p><\/div>\n<\/div><\/div><\/div><\/div>\n<\/div><\/div><\/div>\n\n\n\n<div class=\"wp-block-stackable-column stk-block-column stk-column stk-block stk-d85acfe\" data-v=\"4\" data-block-id=\"d85acfe\"><div class=\"stk-column-wrapper stk-block-column__content stk-container stk-d85acfe-container stk--no-background stk--no-padding\"><div class=\"stk-block-content stk-inner-blocks stk-d85acfe-inner-blocks\">\n<div class=\"wp-block-stackable-card stk-block-card stk-block stk-f0f4749 is-style-default\" data-v=\"2\" data-block-id=\"f0f4749\"><div class=\"stk--no-padding stk-container stk-f0f4749-container stk-hover-parent\"><figure class=\"stk-block-card__image stk-img-wrapper stk-image--shape-stretch\"><img loading=\"lazy\" decoding=\"async\" class=\"stk-img wp-image-1031\" src=\"https:\/\/visitsvetagora.com\/wp-content\/uploads\/2025\/11\/church-apparition.jpg\" width=\"600\" height=\"800\" srcset=\"https:\/\/visitsvetagora.com\/wp-content\/uploads\/2025\/11\/church-apparition.jpg 600w, https:\/\/visitsvetagora.com\/wp-content\/uploads\/2025\/11\/church-apparition-225x300.jpg 225w\" sizes=\"auto, (max-width: 600px) 100vw, 600px\" \/><\/figure><div class=\"stk-container-padding stk-block-card__content\"><div class=\"stk-block-content stk-inner-blocks stk-f0f4749-inner-blocks\">\n<div class=\"wp-block-stackable-heading stk-block-heading stk-block-heading--v2 stk-block stk-b84fb01\" id=\"basilica-of-the-mo\" data-block-id=\"b84fb01\"><h4 class=\"stk-block-heading__text\">Kapela prikazanja<\/h4><\/div>\n\n\n\n<div class=\"wp-block-stackable-text stk-block-text stk-block stk-b5fffcd\" data-block-id=\"b5fffcd\"><p class=\"stk-block-text__text\">Kapelica, zgrajena na mestu prikazovanja Marije Ur\u0161ki, je osrednje mesto molitve k Devici Mariji, ki je ne\u0161tetim bolnim in stiskanim podelila \u010dude\u017ee. Kapelica je dostopna iz bazilike za glavnim oltarjem in v njej se nahaja lesena, pozla\u010dena skulptura Marije. Ker je kapelica ogrevana v hladnih zimskih mesecih, se v njej med delovniki od novembra do aprila opravljajo jutranje in ve\u010derne ma\u0161e.<\/p><\/div>\n<\/div><\/div><\/div><\/div>\n<\/div><\/div><\/div>\n\n\n\n<div class=\"wp-block-stackable-column stk-block-column stk-column stk-block stk-cb1fd2e\" data-v=\"4\" data-block-id=\"cb1fd2e\"><div class=\"stk-column-wrapper stk-block-column__content stk-container stk-cb1fd2e-container stk--no-background stk--no-padding\"><div class=\"stk-block-content stk-inner-blocks stk-cb1fd2e-inner-blocks\">\n<div class=\"wp-block-stackable-card stk-block-card stk-block stk-78311f6 is-style-default\" data-v=\"2\" data-block-id=\"78311f6\"><div class=\"stk--no-padding stk-container stk-78311f6-container stk-hover-parent\"><figure class=\"stk-block-card__image stk-img-wrapper stk-image--shape-stretch\"><img loading=\"lazy\" decoding=\"async\" class=\"stk-img wp-image-1032\" src=\"https:\/\/visitsvetagora.com\/wp-content\/uploads\/2025\/11\/church-statue_francis.jpg\" width=\"600\" height=\"800\" srcset=\"https:\/\/visitsvetagora.com\/wp-content\/uploads\/2025\/11\/church-statue_francis.jpg 600w, https:\/\/visitsvetagora.com\/wp-content\/uploads\/2025\/11\/church-statue_francis-225x300.jpg 225w\" sizes=\"auto, (max-width: 600px) 100vw, 600px\" \/><\/figure><div class=\"stk-container-padding stk-block-card__content\"><div class=\"stk-block-content stk-inner-blocks stk-78311f6-inner-blocks\">\n<div class=\"wp-block-stackable-heading stk-block-heading stk-block-heading--v2 stk-block stk-4d36ae7\" id=\"basilica-of-the-mo\" data-block-id=\"4d36ae7\"><h4 class=\"stk-block-heading__text\">Spomenik svetega Fran\u010di\u0161ka<\/h4><\/div>\n\n\n\n<div class=\"wp-block-stackable-text stk-block-text stk-block stk-74696fb\" data-block-id=\"74696fb\"><p class=\"stk-block-text__text\">Kip svetega Fran\u010di\u0161ka Asi\u0161kega se nahaja pribli\u017eno 10 minut hoje od bazilike skozi \u010dudovit in misti\u010den gozd. Postavljen je na planoti z razgledi od Alp do Jadranskega morja, na spomeniku pa so vklesani razli\u010dni stavki in blagoslovi svetega Fran\u010di\u0161ka. Je odli\u010den kraj za obisk in do\u017eivetje prisotnosti svetosti in poni\u017enosti, ki vas opominja, da svoje \u017eivljenje in te\u017eave predate vi\u0161ji oblasti.<\/p><\/div>\n<\/div><\/div><\/div><\/div>\n<\/div><\/div><\/div>\n<\/div><\/div>\n\n\n\n<div class=\"wp-block-stackable-button-group stk-block-button-group stk-block stk-1c806a2\" data-block-id=\"1c806a2\"><div class=\"stk-row stk-inner-blocks has-text-align-center stk-block-content stk-button-group\">\n<div class=\"wp-block-stackable-button stk-block-button stk-block stk-9d89f9c\" data-block-id=\"9d89f9c\"><a class=\"stk-link stk-button stk--hover-effect-darken\" href=\"https:\/\/svetagora.si\/\" target=\"_blank\" rel=\"noreferrer noopener\"><span class=\"stk-button__inner-text\">Obi\u0161\u010dite spletno stran samostana<\/span><\/a><\/div>\n<\/div><\/div>\n\n\n\n<p data-block-type=\"core\"><\/p>","protected":false},"excerpt":{"rendered":"<p>Title for This Block Description for this block. Use this space for describing your block. Any text will do. Description for this block. You can use this space for describing [&hellip;]<\/p>","protected":false},"author":1,"featured_media":0,"parent":0,"menu_order":0,"comment_status":"closed","ping_status":"closed","template":"","meta":{"footnotes":""},"class_list":["post-766","page","type-page","status-publish","hentry"],"blocksy_meta":[],"_links":{"self":[{"href":"https:\/\/visitsvetagora.com\/sl\/wp-json\/wp\/v2\/pages\/766","targetHints":{"allow":["GET"]}}],"collection":[{"href":"https:\/\/visitsvetagora.com\/sl\/wp-json\/wp\/v2\/pages"}],"about":[{"href":"https:\/\/visitsvetagora.com\/sl\/wp-json\/wp\/v2\/types\/page"}],"author":[{"embeddable":true,"href":"https:\/\/visitsvetagora.com\/sl\/wp-json\/wp\/v2\/users\/1"}],"replies":[{"embeddable":true,"href":"https:\/\/visitsvetagora.com\/sl\/wp-json\/wp\/v2\/comments?post=766"}],"version-history":[{"count":18,"href":"https:\/\/visitsvetagora.com\/sl\/wp-json\/wp\/v2\/pages\/766\/revisions"}],"predecessor-version":[{"id":1968,"href":"https:\/\/visitsvetagora.com\/sl\/wp-json\/wp\/v2\/pages\/766\/revisions\/1968"}],"wp:attachment":[{"href":"https:\/\/visitsvetagora.com\/sl\/wp-json\/wp\/v2\/media?parent=766"}],"curies":[{"name":"wp","href":"https:\/\/api.w.org\/{rel}","templated":true}]}}