{"id":867,"date":"2025-11-13T15:37:08","date_gmt":"2025-11-13T15:37:08","guid":{"rendered":"https:\/\/visitsvetagora.com\/?page_id=867"},"modified":"2026-04-17T17:03:54","modified_gmt":"2026-04-17T15:03:54","slug":"bed-breakfast","status":"publish","type":"page","link":"https:\/\/visitsvetagora.com\/sl\/bed-breakfast\/","title":{"rendered":"Gosti\u0161\u010de"},"content":{"rendered":"<div class=\"wp-block-stackable-hero stk-block-hero stk-block stk-61150ff is-style-default\" data-v=\"2\" data-block-id=\"61150ff\"><style>.stk-61150ff-inner-blocks{justify-content:center !important;}.stk-61150ff-container{background-image:url(https:\/\/visitsvetagora.com\/wp-content\/uploads\/2025\/11\/275397208.jpg) !important;}.stk-61150ff .stk-block-hero__content{min-height:440px !important;align-items:center !important;display:flex !important;}<\/style><div class=\"stk-block-hero__content stk-content-align stk-61150ff-column stk-container stk-61150ff-container stk-hover-parent stk--has-background-overlay\"><div class=\"stk-block-content stk-inner-blocks has-text-align-center stk--column-flex stk-61150ff-inner-blocks\">\n<div class=\"wp-block-stackable-heading stk-block-heading stk-block-heading--v2 stk-block stk-04a93f0\" id=\"stay-in-comfort-at-our-hilltop-b-amp-b\" data-block-id=\"04a93f0\"><style>.stk-04a93f0 .stk-block-heading__text{color:var(--theme-palette-color-8, #ffffff) !important;}<\/style><h2 class=\"stk-block-heading__text has-text-color\">Bivajte v udobju v na\u0161em penzionu na Sveti Gori<\/h2><\/div>\n<\/div><\/div><\/div>\n\n\n\n<div class=\"wp-block-stackable-spacer stk-block-spacer stk--no-padding stk-block stk-1834af9\" data-block-id=\"1834af9\"><\/div>\n\n\n\n<div class=\"wp-block-stackable-text stk-block-text stk-block stk-9e425de\" data-block-id=\"9e425de\"><p class=\"stk-block-text__text\">Na\u0161 penzion nudi miren pobeg na hribu, ki zdru\u017euje udobje z brez\u010dasnim \u010darom okoli\u0161ke pokrajine. Zbudite se ob mehki jutranji svetlobi, u\u017eivajte zajtrk iz lokalnih sestavin in se podajte raziskovat pe\u0161poti, zgodovinske znamenitosti ter osupljiva razgledi\u0161\u010da, ki so le nekaj korakov stran.<\/p><\/div>\n\n\n\n<div class=\"wp-block-stackable-text stk-block-text stk-block stk-75d68c8\" data-block-id=\"75d68c8\"><p class=\"stk-block-text__text\"><strong>Sobe:<\/strong> 3 sobe z zakonsko posteljo, 2 sobi z zakonsko posteljo in pogradom, 1 soba z 2 spalnicama z zakonsko posteljo<br><strong>Zajtrk:<\/strong> vklju\u010den<br><strong>Udobje:<\/strong> Wi-Fi, parking<br><strong>Dostop:<\/strong> tik pod cerkvijo, 10 minut vo\u017enje do mesta<\/p><\/div>\n\n\n\n<div class=\"wp-block-stackable-call-to-action stk-block-call-to-action stk-block stk-3b3c589 is-style-default\" data-v=\"2\" data-block-id=\"3b3c589\"><div class=\"stk-block-call-to-action__content stk-content-align stk-3b3c589-column stk-container stk-3b3c589-container stk-hover-parent\"><div class=\"has-text-align-center stk-block-content stk-inner-blocks stk-3b3c589-inner-blocks\">\n<div class=\"wp-block-stackable-heading stk-block-heading stk-block-heading--v2 stk-block stk-cde6bc8\" id=\"strong-book-directly-with-us-strong\" data-block-id=\"cde6bc8\"><h3 class=\"stk-block-heading__text\"><strong>Rezervirajte no\u010ditev<\/strong><\/h3><\/div>\n\n\n\n<div class=\"wp-block-stackable-text stk-block-text stk-block stk-6064e59\" data-block-id=\"6064e59\"><p class=\"stk-block-text__text\">\u010ce na\u010drtujete dalj\u0161e bivanje, prihajate kot skupina ali pa vam je ljub\u0161a neposredna komunikacija, nas brez zadr\u017ekov kontaktirajte.<br>Neposredne rezervacije lahko vklju\u010dujejo bolj prilagodljive pogoje in ponudbe po meri.<\/p><\/div>\n\n\n\n<div class=\"wp-block-stackable-button-group stk-block-button-group stk-block stk-bca496c\" data-block-id=\"bca496c\"><style>.stk-bca496c .stk-button-group{flex-direction:column !important;align-items:center !important;}.stk-bca496c .stk-block{flex-basis:auto !important;}.stk-bca496c .stk-inner-blocks{row-gap:12px !important;}<\/style><div class=\"stk-row stk-inner-blocks has-text-align-center stk-block-content stk-button-group\">\n<div class=\"wp-block-stackable-button stk-block-button stk-block stk-b2c63d6\" data-block-id=\"b2c63d6\"><a class=\"stk-link stk-button stk--hover-effect-darken\" href=\"https:\/\/www.booking.com\/hotel\/si\/sveta-gora.sl.html?aid=304142\" target=\"_blank\" rel=\"noreferrer noopener\"><span class=\"stk-button__inner-text\">Rezervirajte na Booking.com<\/span><\/a><\/div>\n\n\n\n<div class=\"wp-block-stackable-button stk-block-button stk-block stk-6959f38\" data-block-id=\"6959f38\"><a class=\"stk-link stk-button stk--hover-effect-darken\" href=\"mailto:rajski.okusi@gmail.com\"><span class=\"stk-button__inner-text\">Po\u0161ljite povpra\u0161evanje za neposredno ponudbo<\/span><\/a><\/div>\n<\/div><\/div>\n<\/div><\/div><\/div>\n\n\n\n<figure class=\"wp-block-gallery has-nested-images columns-2 is-cropped wp-block-gallery-1 is-layout-flex wp-block-gallery-is-layout-flex\" data-block-type=\"core\">\n<figure class=\"wp-block-image size-large\" data-block-type=\"core\"><a href=\"https:\/\/visitsvetagora.com\/wp-content\/uploads\/2025\/11\/275397208.jpg\" data-lbwps-width=\"1024\" data-lbwps-height=\"683\" data-lbwps-srcsmall=\"https:\/\/visitsvetagora.com\/wp-content\/uploads\/2025\/11\/275397208-18x12.jpg\"><img loading=\"lazy\" decoding=\"async\" width=\"1024\" height=\"683\" data-id=\"1330\" src=\"https:\/\/visitsvetagora.com\/wp-content\/uploads\/2025\/11\/275397208.jpg\" alt=\"\" class=\"wp-image-1330\" srcset=\"https:\/\/visitsvetagora.com\/wp-content\/uploads\/2025\/11\/275397208.jpg 1024w, https:\/\/visitsvetagora.com\/wp-content\/uploads\/2025\/11\/275397208-300x200.jpg 300w, https:\/\/visitsvetagora.com\/wp-content\/uploads\/2025\/11\/275397208-768x512.jpg 768w, https:\/\/visitsvetagora.com\/wp-content\/uploads\/2025\/11\/275397208-18x12.jpg 18w\" sizes=\"auto, (max-width: 1024px) 100vw, 1024px\" \/><\/a><\/figure>\n\n\n\n<figure class=\"wp-block-image size-large\" data-block-type=\"core\"><a href=\"https:\/\/visitsvetagora.com\/wp-content\/uploads\/2025\/11\/275397220.jpg\" data-lbwps-width=\"1024\" data-lbwps-height=\"683\" data-lbwps-srcsmall=\"https:\/\/visitsvetagora.com\/wp-content\/uploads\/2025\/11\/275397220-18x12.jpg\"><img loading=\"lazy\" decoding=\"async\" width=\"1024\" height=\"683\" data-id=\"1334\" src=\"https:\/\/visitsvetagora.com\/wp-content\/uploads\/2025\/11\/275397220.jpg\" alt=\"\" class=\"wp-image-1334\" srcset=\"https:\/\/visitsvetagora.com\/wp-content\/uploads\/2025\/11\/275397220.jpg 1024w, https:\/\/visitsvetagora.com\/wp-content\/uploads\/2025\/11\/275397220-300x200.jpg 300w, https:\/\/visitsvetagora.com\/wp-content\/uploads\/2025\/11\/275397220-768x512.jpg 768w, https:\/\/visitsvetagora.com\/wp-content\/uploads\/2025\/11\/275397220-18x12.jpg 18w\" sizes=\"auto, (max-width: 1024px) 100vw, 1024px\" \/><\/a><\/figure>\n\n\n\n<figure class=\"wp-block-image size-large\" data-block-type=\"core\"><a href=\"https:\/\/visitsvetagora.com\/wp-content\/uploads\/2025\/11\/300436683.jpg\" data-lbwps-width=\"512\" data-lbwps-height=\"768\" data-lbwps-srcsmall=\"https:\/\/visitsvetagora.com\/wp-content\/uploads\/2025\/11\/300436683-8x12.jpg\"><img loading=\"lazy\" decoding=\"async\" width=\"512\" height=\"768\" data-id=\"1336\" src=\"https:\/\/visitsvetagora.com\/wp-content\/uploads\/2025\/11\/300436683.jpg\" alt=\"\" class=\"wp-image-1336\" srcset=\"https:\/\/visitsvetagora.com\/wp-content\/uploads\/2025\/11\/300436683.jpg 512w, https:\/\/visitsvetagora.com\/wp-content\/uploads\/2025\/11\/300436683-200x300.jpg 200w, https:\/\/visitsvetagora.com\/wp-content\/uploads\/2025\/11\/300436683-8x12.jpg 8w\" sizes=\"auto, (max-width: 512px) 100vw, 512px\" \/><\/a><\/figure>\n\n\n\n<figure class=\"wp-block-image size-large\" data-block-type=\"core\"><a href=\"https:\/\/visitsvetagora.com\/wp-content\/uploads\/2025\/11\/300431972.jpg\" data-lbwps-width=\"1024\" data-lbwps-height=\"683\" data-lbwps-srcsmall=\"https:\/\/visitsvetagora.com\/wp-content\/uploads\/2025\/11\/300431972-18x12.jpg\"><img loading=\"lazy\" decoding=\"async\" width=\"1024\" height=\"683\" data-id=\"1335\" src=\"https:\/\/visitsvetagora.com\/wp-content\/uploads\/2025\/11\/300431972.jpg\" alt=\"\" class=\"wp-image-1335\" srcset=\"https:\/\/visitsvetagora.com\/wp-content\/uploads\/2025\/11\/300431972.jpg 1024w, https:\/\/visitsvetagora.com\/wp-content\/uploads\/2025\/11\/300431972-300x200.jpg 300w, https:\/\/visitsvetagora.com\/wp-content\/uploads\/2025\/11\/300431972-768x512.jpg 768w, https:\/\/visitsvetagora.com\/wp-content\/uploads\/2025\/11\/300431972-18x12.jpg 18w\" sizes=\"auto, (max-width: 1024px) 100vw, 1024px\" \/><\/a><\/figure>\n<\/figure>\n\n\n\n<div class=\"wp-block-stackable-spacer stk-block-spacer stk--no-padding stk-block stk-38c95c1\" data-block-id=\"38c95c1\"><\/div>\n\n\n\n<div class=\"wp-block-stackable-text stk-block-text stk-block stk-9b3fe73\" data-block-id=\"9b3fe73\"><p class=\"stk-block-text__text\">I\u0161\u010dete druga\u010dno nastanitev? <a href=\"\/sl\/accommodation\/\">Oglejte si vse mo\u017enosti<\/a> in najdite prostor, ki vam najbolj ustreza.<\/p><\/div>\n\n\n\n<p data-block-type=\"core\"><\/p>","protected":false},"excerpt":{"rendered":"<p>Stay in Comfort at Our Hilltop B&amp;B Our B&amp;B offers a serene escape on the hill, blending comfort with the timeless charm of the surrounding landscape. Wake up to soft [&hellip;]<\/p>","protected":false},"author":1,"featured_media":0,"parent":0,"menu_order":0,"comment_status":"closed","ping_status":"closed","template":"","meta":{"footnotes":""},"class_list":["post-867","page","type-page","status-publish","hentry"],"blocksy_meta":[],"_links":{"self":[{"href":"https:\/\/visitsvetagora.com\/sl\/wp-json\/wp\/v2\/pages\/867","targetHints":{"allow":["GET"]}}],"collection":[{"href":"https:\/\/visitsvetagora.com\/sl\/wp-json\/wp\/v2\/pages"}],"about":[{"href":"https:\/\/visitsvetagora.com\/sl\/wp-json\/wp\/v2\/types\/page"}],"author":[{"embeddable":true,"href":"https:\/\/visitsvetagora.com\/sl\/wp-json\/wp\/v2\/users\/1"}],"replies":[{"embeddable":true,"href":"https:\/\/visitsvetagora.com\/sl\/wp-json\/wp\/v2\/comments?post=867"}],"version-history":[{"count":11,"href":"https:\/\/visitsvetagora.com\/sl\/wp-json\/wp\/v2\/pages\/867\/revisions"}],"predecessor-version":[{"id":1874,"href":"https:\/\/visitsvetagora.com\/sl\/wp-json\/wp\/v2\/pages\/867\/revisions\/1874"}],"wp:attachment":[{"href":"https:\/\/visitsvetagora.com\/sl\/wp-json\/wp\/v2\/media?parent=867"}],"curies":[{"name":"wp","href":"https:\/\/api.w.org\/{rel}","templated":true}]}}