{"id":869,"date":"2025-11-13T15:37:44","date_gmt":"2025-11-13T15:37:44","guid":{"rendered":"https:\/\/visitsvetagora.com\/?page_id=869"},"modified":"2026-04-17T17:02:15","modified_gmt":"2026-04-17T15:02:15","slug":"peace-and-well-being-center","status":"publish","type":"page","link":"https:\/\/visitsvetagora.com\/sl\/peace-and-well-being-center\/","title":{"rendered":"Center Mir in dobro"},"content":{"rendered":"<div class=\"wp-block-stackable-hero stk-block-hero stk-block stk-e5ac27a is-style-default\" data-v=\"2\" data-block-id=\"e5ac27a\"><style>.stk-e5ac27a-inner-blocks{justify-content:center !important;}.stk-e5ac27a-container{background-image:url(https:\/\/visitsvetagora.com\/wp-content\/uploads\/2025\/11\/cmd_hero-scaled.jpg) !important;}.stk-e5ac27a .stk-block-hero__content{min-height:630px !important;align-items:center !important;display:flex !important;}<\/style><div class=\"stk-block-hero__content stk-content-align stk-e5ac27a-column stk-container stk-e5ac27a-container stk-hover-parent stk--has-background-overlay\"><div class=\"stk-block-content stk-inner-blocks stk--column-flex stk-e5ac27a-inner-blocks\">\n<div class=\"wp-block-stackable-heading stk-block-heading stk-block-heading--v2 stk-block stk-e6ef42b\" id=\"peace-and-well-being-center\" data-block-id=\"e6ef42b\"><style>.stk-e6ef42b .stk-block-heading__text{text-shadow:2px 4px 5px #00000066 !important;color:var(--theme-palette-color-8, #ffffff) !important;}<\/style><h2 class=\"stk-block-heading__text has-text-color\">Center Mir in dobro<\/h2><\/div>\n<\/div><\/div><\/div>\n\n\n\n<div class=\"wp-block-stackable-spacer stk-block-spacer stk--no-padding stk-block stk-b6d99dc\" data-block-id=\"b6d99dc\"><\/div>\n\n\n\n<div class=\"wp-block-stackable-text stk-block-text stk-block stk-9979d9b\" data-block-id=\"9979d9b\"><p class=\"stk-block-text__text\">Center Mir in Dobro stoji tik pod vrhom hriba in je zato\u010di\u0161\u010de za popotnike, ki i\u0161\u010dejo mir in preprostost. Tukaj se jutra za\u010dnejo s toplim sijajem sonca, ve\u010deri pa vabijo k mirnim sprehodom po \u0161epetajo\u010dih poteh okoli samostana.<br>Vsak koti\u010dek nudi trenutek za vdih in razmislek. Dovolite, da ritem hriba vodi va\u0161 dan. Ne glede na to, ali se ustavite na poti ali ostanete, da se potopite v spokojno okolje, vas center sprejme s toplino in tihim \u010darom.<\/p><\/div>\n\n\n\n<div class=\"wp-block-stackable-spacer stk-block-spacer stk--no-padding stk-block stk-210e189\" data-block-id=\"210e189\"><\/div>\n\n\n\n<figure class=\"wp-block-gallery has-nested-images columns-4 is-cropped wp-block-gallery-1 is-layout-flex wp-block-gallery-is-layout-flex\" data-block-type=\"core\">\n<figure class=\"wp-block-image size-full is-style-default\" data-block-type=\"core\"><a href=\"https:\/\/visitsvetagora.com\/wp-content\/uploads\/2025\/11\/cmd_double.jpg\" data-lbwps-width=\"1024\" data-lbwps-height=\"578\" data-lbwps-srcsmall=\"https:\/\/visitsvetagora.com\/wp-content\/uploads\/2025\/11\/cmd_double.jpg\"><img loading=\"lazy\" decoding=\"async\" width=\"1024\" height=\"578\" data-id=\"921\" src=\"https:\/\/visitsvetagora.com\/wp-content\/uploads\/2025\/11\/cmd_double.jpg\" alt=\"\" class=\"wp-image-921\" srcset=\"https:\/\/visitsvetagora.com\/wp-content\/uploads\/2025\/11\/cmd_double.jpg 1024w, https:\/\/visitsvetagora.com\/wp-content\/uploads\/2025\/11\/cmd_double-300x169.jpg 300w, https:\/\/visitsvetagora.com\/wp-content\/uploads\/2025\/11\/cmd_double-768x434.jpg 768w\" sizes=\"auto, (max-width: 1024px) 100vw, 1024px\" \/><\/a><figcaption class=\"wp-element-caption\">Zakonska soba<\/figcaption><\/figure>\n\n\n\n<figure class=\"wp-block-image size-full\" data-block-type=\"core\"><a href=\"https:\/\/visitsvetagora.com\/wp-content\/uploads\/2025\/11\/cmd_dorm.jpg\" data-lbwps-width=\"1024\" data-lbwps-height=\"578\" data-lbwps-srcsmall=\"https:\/\/visitsvetagora.com\/wp-content\/uploads\/2025\/11\/cmd_dorm.jpg\"><img loading=\"lazy\" decoding=\"async\" width=\"1024\" height=\"578\" data-id=\"919\" src=\"https:\/\/visitsvetagora.com\/wp-content\/uploads\/2025\/11\/cmd_dorm.jpg\" alt=\"\" class=\"wp-image-919\" srcset=\"https:\/\/visitsvetagora.com\/wp-content\/uploads\/2025\/11\/cmd_dorm.jpg 1024w, https:\/\/visitsvetagora.com\/wp-content\/uploads\/2025\/11\/cmd_dorm-300x169.jpg 300w, https:\/\/visitsvetagora.com\/wp-content\/uploads\/2025\/11\/cmd_dorm-768x434.jpg 768w\" sizes=\"auto, (max-width: 1024px) 100vw, 1024px\" \/><\/a><figcaption class=\"wp-element-caption\">Skupna soba<\/figcaption><\/figure>\n\n\n\n<figure class=\"wp-block-image size-full\" data-block-type=\"core\"><a href=\"https:\/\/visitsvetagora.com\/wp-content\/uploads\/2025\/11\/cmd_appartment_kitchen.jpg\" data-lbwps-width=\"1022\" data-lbwps-height=\"768\" data-lbwps-srcsmall=\"https:\/\/visitsvetagora.com\/wp-content\/uploads\/2025\/11\/cmd_appartment_kitchen.jpg\"><img loading=\"lazy\" decoding=\"async\" width=\"1022\" height=\"768\" data-id=\"916\" src=\"https:\/\/visitsvetagora.com\/wp-content\/uploads\/2025\/11\/cmd_appartment_kitchen.jpg\" alt=\"\" class=\"wp-image-916\" srcset=\"https:\/\/visitsvetagora.com\/wp-content\/uploads\/2025\/11\/cmd_appartment_kitchen.jpg 1022w, https:\/\/visitsvetagora.com\/wp-content\/uploads\/2025\/11\/cmd_appartment_kitchen-300x225.jpg 300w, https:\/\/visitsvetagora.com\/wp-content\/uploads\/2025\/11\/cmd_appartment_kitchen-768x577.jpg 768w\" sizes=\"auto, (max-width: 1022px) 100vw, 1022px\" \/><\/a><figcaption class=\"wp-element-caption\">Kuhinja apartmaja<\/figcaption><\/figure>\n\n\n\n<figure class=\"wp-block-image size-full\" data-block-type=\"core\"><a href=\"https:\/\/visitsvetagora.com\/wp-content\/uploads\/2025\/11\/cmd_dining.jpg\" data-lbwps-width=\"1022\" data-lbwps-height=\"768\" data-lbwps-srcsmall=\"https:\/\/visitsvetagora.com\/wp-content\/uploads\/2025\/11\/cmd_dining.jpg\"><img loading=\"lazy\" decoding=\"async\" width=\"1022\" height=\"768\" data-id=\"918\" src=\"https:\/\/visitsvetagora.com\/wp-content\/uploads\/2025\/11\/cmd_dining.jpg\" alt=\"\" class=\"wp-image-918\" srcset=\"https:\/\/visitsvetagora.com\/wp-content\/uploads\/2025\/11\/cmd_dining.jpg 1022w, https:\/\/visitsvetagora.com\/wp-content\/uploads\/2025\/11\/cmd_dining-300x225.jpg 300w, https:\/\/visitsvetagora.com\/wp-content\/uploads\/2025\/11\/cmd_dining-768x577.jpg 768w\" sizes=\"auto, (max-width: 1022px) 100vw, 1022px\" \/><\/a><figcaption class=\"wp-element-caption\">Skupna jedilnica<\/figcaption><\/figure>\n\n\n\n<figure class=\"wp-block-image size-full\" data-block-type=\"core\"><a href=\"https:\/\/visitsvetagora.com\/wp-content\/uploads\/2025\/11\/cmd_kitchen.jpg\" data-lbwps-width=\"1024\" data-lbwps-height=\"768\" data-lbwps-srcsmall=\"https:\/\/visitsvetagora.com\/wp-content\/uploads\/2025\/11\/cmd_kitchen.jpg\"><img loading=\"lazy\" decoding=\"async\" width=\"1024\" height=\"768\" data-id=\"923\" src=\"https:\/\/visitsvetagora.com\/wp-content\/uploads\/2025\/11\/cmd_kitchen.jpg\" alt=\"\" class=\"wp-image-923\" srcset=\"https:\/\/visitsvetagora.com\/wp-content\/uploads\/2025\/11\/cmd_kitchen.jpg 1024w, https:\/\/visitsvetagora.com\/wp-content\/uploads\/2025\/11\/cmd_kitchen-300x225.jpg 300w, https:\/\/visitsvetagora.com\/wp-content\/uploads\/2025\/11\/cmd_kitchen-768x576.jpg 768w\" sizes=\"auto, (max-width: 1024px) 100vw, 1024px\" \/><\/a><figcaption class=\"wp-element-caption\">Skupna kuhinja<\/figcaption><\/figure>\n\n\n\n<figure class=\"wp-block-image size-full\" data-block-type=\"core\"><a href=\"https:\/\/visitsvetagora.com\/wp-content\/uploads\/2025\/11\/cmd_bathroom.jpg\" data-lbwps-width=\"1024\" data-lbwps-height=\"578\" data-lbwps-srcsmall=\"https:\/\/visitsvetagora.com\/wp-content\/uploads\/2025\/11\/cmd_bathroom.jpg\"><img loading=\"lazy\" decoding=\"async\" width=\"1024\" height=\"578\" data-id=\"917\" src=\"https:\/\/visitsvetagora.com\/wp-content\/uploads\/2025\/11\/cmd_bathroom.jpg\" alt=\"\" class=\"wp-image-917\" srcset=\"https:\/\/visitsvetagora.com\/wp-content\/uploads\/2025\/11\/cmd_bathroom.jpg 1024w, https:\/\/visitsvetagora.com\/wp-content\/uploads\/2025\/11\/cmd_bathroom-300x169.jpg 300w, https:\/\/visitsvetagora.com\/wp-content\/uploads\/2025\/11\/cmd_bathroom-768x434.jpg 768w\" sizes=\"auto, (max-width: 1024px) 100vw, 1024px\" \/><\/a><figcaption class=\"wp-element-caption\">Kopalnica<\/figcaption><\/figure>\n\n\n\n<figure class=\"wp-block-image size-full\" data-block-type=\"core\"><img loading=\"lazy\" decoding=\"async\" width=\"2560\" height=\"1920\" data-id=\"1900\" src=\"https:\/\/visitsvetagora.com\/wp-content\/uploads\/2026\/04\/20260403_141840-scaled.jpg\" alt=\"\" class=\"wp-image-1900\" srcset=\"https:\/\/visitsvetagora.com\/wp-content\/uploads\/2026\/04\/20260403_141840-scaled.jpg 2560w, https:\/\/visitsvetagora.com\/wp-content\/uploads\/2026\/04\/20260403_141840-300x225.jpg 300w, https:\/\/visitsvetagora.com\/wp-content\/uploads\/2026\/04\/20260403_141840-1024x768.jpg 1024w, https:\/\/visitsvetagora.com\/wp-content\/uploads\/2026\/04\/20260403_141840-768x576.jpg 768w, https:\/\/visitsvetagora.com\/wp-content\/uploads\/2026\/04\/20260403_141840-1536x1152.jpg 1536w, https:\/\/visitsvetagora.com\/wp-content\/uploads\/2026\/04\/20260403_141840-2048x1536.jpg 2048w, https:\/\/visitsvetagora.com\/wp-content\/uploads\/2026\/04\/20260403_141840-16x12.jpg 16w\" sizes=\"auto, (max-width: 2560px) 100vw, 2560px\" \/><figcaption class=\"wp-element-caption\">Sejna soba<\/figcaption><\/figure>\n<\/figure>\n\n\n\n<div class=\"wp-block-stackable-spacer stk-block-spacer stk--no-padding stk-block stk-d9c9335\" data-block-id=\"d9c9335\"><style>.stk-d9c9335 {height:80px !important;}<\/style><\/div>\n\n\n\n<div class=\"wp-block-stackable-text stk-block-text stk-block stk-fd513e8\" data-block-id=\"fd513e8\"><p class=\"stk-block-text__text\"><strong>Sobe:<\/strong> 2 zakonski sobi, 2 dvoposteljni sobi, 2 apartmaja, 1 studio, 3 skupne sobe<br><strong>Zajtrk:<\/strong> Skupna shramba hrane: Vzemite, kar potrebujete, pustite, kar lahko.<br><strong>Udobje:<\/strong> Wi-Fi, parkiri\u0161\u010de, vrt<br><strong>Dostop:<\/strong> 2-minutni sprehod do cerkve, 10 minut vo\u017enje do mesta<\/p><\/div>\n\n\n\n<div class=\"wp-block-stackable-spacer stk-block-spacer stk--no-padding stk-block stk-2ad4952\" data-block-id=\"2ad4952\"><\/div>\n\n\n\n<div class=\"wp-block-stackable-call-to-action stk-block-call-to-action stk-block stk-3b3c589 is-style-default\" data-v=\"2\" data-block-id=\"3b3c589\"><div class=\"stk-block-call-to-action__content stk-content-align stk-3b3c589-column stk-container stk-3b3c589-container stk-hover-parent\"><div class=\"has-text-align-center stk-block-content stk-inner-blocks stk-3b3c589-inner-blocks\">\n<div class=\"wp-block-stackable-heading stk-block-heading stk-block-heading--v2 stk-block stk-cde6bc8\" id=\"strong-book-directly-with-us-strong\" data-block-id=\"cde6bc8\"><h3 class=\"stk-block-heading__text\"><strong>Rezervirajte no\u010ditev<\/strong><\/h3><\/div>\n\n\n\n<div class=\"wp-block-stackable-text stk-block-text stk-block stk-6064e59\" data-block-id=\"6064e59\"><p class=\"stk-block-text__text\">\u010ce na\u010drtujete dalj\u0161e bivanje, prihajate kot skupina ali pa vam je ljub\u0161a neposredna komunikacija, nas brez zadr\u017ekov kontaktirajte.<br>Neposredne rezervacije lahko vklju\u010dujejo bolj prilagodljive pogoje in ponudbe po meri.<\/p><\/div>\n\n\n\n<div class=\"wp-block-stackable-button-group stk-block-button-group stk-block stk-bca496c\" data-block-id=\"bca496c\"><style>.stk-bca496c .stk-button-group{flex-direction:column !important;align-items:center !important;}.stk-bca496c .stk-block{flex-basis:auto !important;}.stk-bca496c .stk-inner-blocks{row-gap:12px !important;}<\/style><div class=\"stk-row stk-inner-blocks has-text-align-center stk-block-content stk-button-group\">\n<div class=\"wp-block-stackable-button stk-block-button stk-block stk-b2c63d6\" data-block-id=\"b2c63d6\"><a class=\"stk-link stk-button stk--hover-effect-darken\" href=\"https:\/\/www.booking.com\/hotel\/si\/prenocisca-center-mir-in-dobro.en-gb.html\" target=\"_blank\" rel=\"noreferrer noopener\"><span class=\"stk-button__inner-text\">Rezervirajte na Booking.com<\/span><\/a><\/div>\n\n\n\n<div class=\"wp-block-stackable-button stk-block-button stk-block stk-6959f38\" data-block-id=\"6959f38\"><a class=\"stk-link stk-button stk--hover-effect-darken\" href=\"mailto:cmd.tau@gmail.com?subject=Booking%20Inquiry%20For%20Peace%20and%20Well-being%20Center\"><span class=\"stk-button__inner-text\">Po\u0161ljite povpra\u0161evanje za neposredno ponudbo<\/span><\/a><\/div>\n<\/div><\/div>\n<\/div><\/div><\/div>\n\n\n\n<blockquote class=\"wp-block-stackable-blockquote stk-block-blockquote stk-block stk-b6d3ba9 is-style-default\" data-v=\"2\" data-block-id=\"b6d3ba9\" data-block-type=\"core\"><div class=\"has-text-align-left stk-block-blockquote__content stk-container stk-b6d3ba9-container stk-hover-parent\"><div class=\"stk-block-content stk-inner-blocks\">\n<div class=\"wp-block-stackable-icon stk-block-icon stk-block stk-42a709e\" data-block-id=\"42a709e\"><span class=\"stk--svg-wrapper\"><div class=\"stk--inner-svg\"><svg style=\"height:0;width:0\"><defs><lineargradient id=\"linear-gradient-42a709e\" x1=\"0\" x2=\"100%\" y1=\"0\" y2=\"0\"><stop offset=\"0%\" style=\"stop-opacity:1;stop-color:var(--linear-gradient-42-a-709-e-color-1)\"><\/stop><stop offset=\"100%\" style=\"stop-opacity:1;stop-color:var(--linear-gradient-42-a-709-e-color-2)\"><\/stop><\/lineargradient><\/defs><\/svg><svg xmlns=\"http:\/\/www.w3.org\/2000\/svg\" viewbox=\"0 0 50 50\" aria-hidden=\"true\" width=\"32\" height=\"32\"><path d=\"M19.8 9.3C10.5 11.8 4.6 17 2.1 24.8c2.3-3.6 5.6-5.4 9.9-5.4 3.3 0 6 1.1 8.3 3.3 2.2 2.2 3.4 5 3.4 8.3 0 3.2-1.1 5.8-3.3 8-2.2 2.2-5.1 3.2-8.7 3.2-3.7 0-6.5-1.2-8.6-3.5C1 36.3 0 33.1 0 29 0 18.3 6.5 11.2 19.6 7.9l.2 1.4zm26.4 0C36.9 11.9 31 17 28.5 24.8c2.2-3.6 5.5-5.4 9.8-5.4 3.2 0 6 1.1 8.3 3.2 2.3 2.2 3.4 4.9 3.4 8.3 0 3.1-1.1 5.8-3.3 7.9-2.2 2.2-5.1 3.3-8.6 3.3-3.7 0-6.6-1.1-8.6-3.4-2.1-2.3-3.1-5.5-3.1-9.7 0-10.7 6.6-17.8 19.7-21.1l.1 1.4z\"><\/path><\/svg><\/div><\/span><\/div>\n\n\n\n<div class=\"wp-block-stackable-text stk-block-text stk-block stk-7efc0e3\" data-block-id=\"7efc0e3\"><p class=\"stk-block-text__text\">\u201cTa kraj sem preprosto obo\u017eeval. Bilo je zelo mirno in bivanje tukaj mi je prineslo izjemen ob\u010dutek sprostitve. Razgledi po Sloveniji segajo vse do morja ob son\u010dnem dnevu in so \u010dudoviti. Odli\u010dna soba in odli\u010dne zmogljivosti.\u201d<br>- Gost iz Zdru\u017eenega Kraljestva<\/p><\/div>\n<\/div><\/div><\/blockquote>\n\n\n\n<div class=\"wp-block-stackable-spacer stk-block-spacer stk--no-padding stk-block stk-09b15ef\" data-block-id=\"09b15ef\"><\/div>\n\n\n\n<div class=\"wp-block-stackable-text stk-block-text stk-block stk-9b3fe73\" data-block-id=\"9b3fe73\" data-block-type=\"core\"><p class=\"stk-block-text__text\">I\u0161\u010dete druga\u010dno nastanitev? <a href=\"\/sl\/accommodation\/\">Oglejte si vse mo\u017enosti<\/a> in najdite prostor, ki vam najbolj ustreza.<\/p><\/div>\n\n\n\n<div class=\"wp-block-stackable-text stk-block-text stk-block stk-69822ce\" data-block-id=\"69822ce\"><p class=\"stk-block-text__text\"><\/p><\/div>","protected":false},"excerpt":{"rendered":"<p>Peace and Well-being Center Nestled at the top of the hill, the Peace and Well-being Center is a haven for travelers seeking quiet and simplicity. Here, mornings start with the [&hellip;]<\/p>","protected":false},"author":1,"featured_media":0,"parent":0,"menu_order":0,"comment_status":"closed","ping_status":"closed","template":"","meta":{"footnotes":""},"class_list":["post-869","page","type-page","status-publish","hentry"],"blocksy_meta":[],"_links":{"self":[{"href":"https:\/\/visitsvetagora.com\/sl\/wp-json\/wp\/v2\/pages\/869","targetHints":{"allow":["GET"]}}],"collection":[{"href":"https:\/\/visitsvetagora.com\/sl\/wp-json\/wp\/v2\/pages"}],"about":[{"href":"https:\/\/visitsvetagora.com\/sl\/wp-json\/wp\/v2\/types\/page"}],"author":[{"embeddable":true,"href":"https:\/\/visitsvetagora.com\/sl\/wp-json\/wp\/v2\/users\/1"}],"replies":[{"embeddable":true,"href":"https:\/\/visitsvetagora.com\/sl\/wp-json\/wp\/v2\/comments?post=869"}],"version-history":[{"count":47,"href":"https:\/\/visitsvetagora.com\/sl\/wp-json\/wp\/v2\/pages\/869\/revisions"}],"predecessor-version":[{"id":1903,"href":"https:\/\/visitsvetagora.com\/sl\/wp-json\/wp\/v2\/pages\/869\/revisions\/1903"}],"wp:attachment":[{"href":"https:\/\/visitsvetagora.com\/sl\/wp-json\/wp\/v2\/media?parent=869"}],"curies":[{"name":"wp","href":"https:\/\/api.w.org\/{rel}","templated":true}]}}