{"id":871,"date":"2025-11-13T15:42:06","date_gmt":"2025-11-13T15:42:06","guid":{"rendered":"https:\/\/visitsvetagora.com\/?page_id=871"},"modified":"2026-04-17T17:06:07","modified_gmt":"2026-04-17T15:06:07","slug":"youth-center-tau","status":"publish","type":"page","link":"https:\/\/visitsvetagora.com\/sl\/youth-center-tau\/","title":{"rendered":"Mladinski center Tau"},"content":{"rendered":"<div class=\"wp-block-stackable-hero stk-block-hero stk-block stk-2e304b3 stk-block-background is-style-default\" data-v=\"2\" data-block-id=\"2e304b3\"><style>.stk-2e304b3-inner-blocks{justify-content:center !important;}.stk-2e304b3 {padding-top:var(--stk--preset--spacing--none, 0px) !important;padding-right:var(--stk--preset--spacing--none, 0px) !important;padding-bottom:var(--stk--preset--spacing--none, 0px) !important;padding-left:var(--stk--preset--spacing--none, 0px) !important;}.stk-2e304b3-container{background-image:url(https:\/\/visitsvetagora.com\/wp-content\/uploads\/2025\/12\/tau-hero2-scaled.jpg) !important;}.stk-2e304b3 .stk-block-hero__content{min-height:500px !important;align-items:center !important;display:flex !important;}<\/style><div class=\"stk-block-hero__content stk-content-align stk-2e304b3-column stk-container stk-2e304b3-container stk-hover-parent stk--has-background-overlay\"><div class=\"stk-block-content stk-inner-blocks has-text-align-center stk--column-flex stk-2e304b3-inner-blocks\">\n<div class=\"wp-block-stackable-heading stk-block-heading stk-block-heading--v2 stk-block stk-266d5b6\" id=\"youth-center-tau\" data-block-id=\"266d5b6\"><style>.stk-266d5b6 .stk-block-heading__text{text-shadow:2px 4px 5px #00000066 !important;color:var(--theme-palette-color-8, #ffffff) !important;}<\/style><h2 class=\"stk-block-heading__text has-text-color\">Mladinski center Tau<\/h2><\/div>\n<\/div><\/div><\/div>\n\n\n\n<div class=\"wp-block-stackable-spacer stk-block-spacer stk--no-padding stk-block stk-04cdca2\" data-block-id=\"04cdca2\"><\/div>\n\n\n\n<div class=\"wp-block-stackable-text stk-block-text stk-block stk-f94aa33\" data-block-id=\"f94aa33\"><p class=\"stk-block-text__text\">Mladinski center Tau, skrit med drevesi blizu vrha Svete Gore, ponuja prijeten in topel umik za skupine in popotnike, ki i\u0161\u010dejo povezovanje in udobje. Jutra se za\u010dnejo s sve\u017eim gozdnim zrakom in tihim \u0161umenjem listov, ve\u010deri pa vabijo k deljenju zgodb in mirnim sprehodom po poteh okoli samostana<br><br>S soncem obsijanimi sobami, prijetnim skupnim prostorom in doma\u010dnim ob\u010dutkom vsak koti\u010dek vabi k sprostitvi, razmisleku in skupnosti. Ne glede na to, ali prihajate s prijatelji, dru\u017eino ali drugimi popotniki, vas ko\u010da sprejme z odprtimi rokami in umirjenim, naravnim ritmom.<\/p><\/div>\n\n\n\n<div class=\"wp-block-stackable-spacer stk-block-spacer stk--no-padding stk-block stk-b673fb9\" data-block-id=\"b673fb9\"><\/div>\n\n\n\n<figure class=\"wp-block-gallery has-nested-images columns-default wp-block-gallery-1 is-layout-flex wp-block-gallery-is-layout-flex\" data-block-type=\"core\">\n<figure class=\"wp-block-image size-large\" data-block-type=\"core\"><a href=\"https:\/\/visitsvetagora.com\/wp-content\/uploads\/2025\/12\/tau-dining.jpg\" data-lbwps-width=\"2576\" data-lbwps-height=\"1932\" data-lbwps-srcsmall=\"https:\/\/visitsvetagora.com\/wp-content\/uploads\/2025\/12\/tau-dining.jpg\"><img loading=\"lazy\" decoding=\"async\" width=\"1024\" height=\"768\" data-id=\"1606\" src=\"https:\/\/visitsvetagora.com\/wp-content\/uploads\/2025\/12\/tau-dining-1024x768.jpg\" alt=\"\" class=\"wp-image-1606\" srcset=\"https:\/\/visitsvetagora.com\/wp-content\/uploads\/2025\/12\/tau-dining-1024x768.jpg 1024w, https:\/\/visitsvetagora.com\/wp-content\/uploads\/2025\/12\/tau-dining-300x225.jpg 300w, https:\/\/visitsvetagora.com\/wp-content\/uploads\/2025\/12\/tau-dining-768x576.jpg 768w, https:\/\/visitsvetagora.com\/wp-content\/uploads\/2025\/12\/tau-dining-1536x1152.jpg 1536w, https:\/\/visitsvetagora.com\/wp-content\/uploads\/2025\/12\/tau-dining-2048x1536.jpg 2048w, https:\/\/visitsvetagora.com\/wp-content\/uploads\/2025\/12\/tau-dining-16x12.jpg 16w\" sizes=\"auto, (max-width: 1024px) 100vw, 1024px\" \/><\/a><figcaption class=\"wp-element-caption\">Jedilnica<\/figcaption><\/figure>\n\n\n\n<figure class=\"wp-block-image size-large\" data-block-type=\"core\"><a href=\"https:\/\/visitsvetagora.com\/wp-content\/uploads\/2025\/12\/tau-chapel.jpg\" data-lbwps-width=\"2576\" data-lbwps-height=\"1932\" data-lbwps-srcsmall=\"https:\/\/visitsvetagora.com\/wp-content\/uploads\/2025\/12\/tau-chapel.jpg\"><img loading=\"lazy\" decoding=\"async\" width=\"1024\" height=\"768\" data-id=\"1604\" src=\"https:\/\/visitsvetagora.com\/wp-content\/uploads\/2025\/12\/tau-chapel-1024x768.jpg\" alt=\"\" class=\"wp-image-1604\" srcset=\"https:\/\/visitsvetagora.com\/wp-content\/uploads\/2025\/12\/tau-chapel-1024x768.jpg 1024w, https:\/\/visitsvetagora.com\/wp-content\/uploads\/2025\/12\/tau-chapel-300x225.jpg 300w, https:\/\/visitsvetagora.com\/wp-content\/uploads\/2025\/12\/tau-chapel-768x576.jpg 768w, https:\/\/visitsvetagora.com\/wp-content\/uploads\/2025\/12\/tau-chapel-1536x1152.jpg 1536w, https:\/\/visitsvetagora.com\/wp-content\/uploads\/2025\/12\/tau-chapel-2048x1536.jpg 2048w, https:\/\/visitsvetagora.com\/wp-content\/uploads\/2025\/12\/tau-chapel-16x12.jpg 16w\" sizes=\"auto, (max-width: 1024px) 100vw, 1024px\" \/><\/a><figcaption class=\"wp-element-caption\">Kapela<\/figcaption><\/figure>\n\n\n\n<figure class=\"wp-block-image size-large\" data-block-type=\"core\"><a href=\"https:\/\/visitsvetagora.com\/wp-content\/uploads\/2025\/12\/tau-hall2.jpg\" data-lbwps-width=\"2576\" data-lbwps-height=\"1932\" data-lbwps-srcsmall=\"https:\/\/visitsvetagora.com\/wp-content\/uploads\/2025\/12\/tau-hall2.jpg\"><img loading=\"lazy\" decoding=\"async\" width=\"1024\" height=\"768\" data-id=\"1625\" src=\"https:\/\/visitsvetagora.com\/wp-content\/uploads\/2025\/12\/tau-hall2-1024x768.jpg\" alt=\"\" class=\"wp-image-1625\" srcset=\"https:\/\/visitsvetagora.com\/wp-content\/uploads\/2025\/12\/tau-hall2-1024x768.jpg 1024w, https:\/\/visitsvetagora.com\/wp-content\/uploads\/2025\/12\/tau-hall2-300x225.jpg 300w, https:\/\/visitsvetagora.com\/wp-content\/uploads\/2025\/12\/tau-hall2-768x576.jpg 768w, https:\/\/visitsvetagora.com\/wp-content\/uploads\/2025\/12\/tau-hall2-1536x1152.jpg 1536w, https:\/\/visitsvetagora.com\/wp-content\/uploads\/2025\/12\/tau-hall2-2048x1536.jpg 2048w, https:\/\/visitsvetagora.com\/wp-content\/uploads\/2025\/12\/tau-hall2-16x12.jpg 16w\" sizes=\"auto, (max-width: 1024px) 100vw, 1024px\" \/><\/a><figcaption class=\"wp-element-caption\">Dvorana<\/figcaption><\/figure>\n\n\n\n<figure class=\"wp-block-image size-large\" data-block-type=\"core\"><a href=\"https:\/\/visitsvetagora.com\/wp-content\/uploads\/2025\/12\/tau-dorm.jpg\" data-lbwps-width=\"1932\" data-lbwps-height=\"2576\" data-lbwps-srcsmall=\"https:\/\/visitsvetagora.com\/wp-content\/uploads\/2025\/12\/tau-dorm.jpg\"><img loading=\"lazy\" decoding=\"async\" width=\"768\" height=\"1024\" data-id=\"1607\" src=\"https:\/\/visitsvetagora.com\/wp-content\/uploads\/2025\/12\/tau-dorm-768x1024.jpg\" alt=\"\" class=\"wp-image-1607\" srcset=\"https:\/\/visitsvetagora.com\/wp-content\/uploads\/2025\/12\/tau-dorm-768x1024.jpg 768w, https:\/\/visitsvetagora.com\/wp-content\/uploads\/2025\/12\/tau-dorm-225x300.jpg 225w, https:\/\/visitsvetagora.com\/wp-content\/uploads\/2025\/12\/tau-dorm-1152x1536.jpg 1152w, https:\/\/visitsvetagora.com\/wp-content\/uploads\/2025\/12\/tau-dorm-1536x2048.jpg 1536w, https:\/\/visitsvetagora.com\/wp-content\/uploads\/2025\/12\/tau-dorm-9x12.jpg 9w, https:\/\/visitsvetagora.com\/wp-content\/uploads\/2025\/12\/tau-dorm-scaled.jpg 1920w\" sizes=\"auto, (max-width: 768px) 100vw, 768px\" \/><\/a><figcaption class=\"wp-element-caption\">Skupna soba<\/figcaption><\/figure>\n\n\n\n<figure class=\"wp-block-image size-large\" data-block-type=\"core\"><a href=\"https:\/\/visitsvetagora.com\/wp-content\/uploads\/2025\/12\/tau-bunk_room.jpg\" data-lbwps-width=\"1932\" data-lbwps-height=\"2576\" data-lbwps-srcsmall=\"https:\/\/visitsvetagora.com\/wp-content\/uploads\/2025\/12\/tau-bunk_room.jpg\"><img loading=\"lazy\" decoding=\"async\" width=\"768\" height=\"1024\" data-id=\"1603\" src=\"https:\/\/visitsvetagora.com\/wp-content\/uploads\/2025\/12\/tau-bunk_room-768x1024.jpg\" alt=\"\" class=\"wp-image-1603\" srcset=\"https:\/\/visitsvetagora.com\/wp-content\/uploads\/2025\/12\/tau-bunk_room-768x1024.jpg 768w, https:\/\/visitsvetagora.com\/wp-content\/uploads\/2025\/12\/tau-bunk_room-225x300.jpg 225w, https:\/\/visitsvetagora.com\/wp-content\/uploads\/2025\/12\/tau-bunk_room-1152x1536.jpg 1152w, https:\/\/visitsvetagora.com\/wp-content\/uploads\/2025\/12\/tau-bunk_room-1536x2048.jpg 1536w, https:\/\/visitsvetagora.com\/wp-content\/uploads\/2025\/12\/tau-bunk_room-9x12.jpg 9w, https:\/\/visitsvetagora.com\/wp-content\/uploads\/2025\/12\/tau-bunk_room-scaled.jpg 1920w\" sizes=\"auto, (max-width: 768px) 100vw, 768px\" \/><\/a><figcaption class=\"wp-element-caption\">Soba s pogradom<\/figcaption><\/figure>\n\n\n\n<figure class=\"wp-block-image size-large\" data-block-type=\"core\"><a href=\"https:\/\/visitsvetagora.com\/wp-content\/uploads\/2025\/12\/tau-chapel_room.jpg\" data-lbwps-width=\"1932\" data-lbwps-height=\"2576\" data-lbwps-srcsmall=\"https:\/\/visitsvetagora.com\/wp-content\/uploads\/2025\/12\/tau-chapel_room.jpg\"><img loading=\"lazy\" decoding=\"async\" width=\"768\" height=\"1024\" data-id=\"1605\" src=\"https:\/\/visitsvetagora.com\/wp-content\/uploads\/2025\/12\/tau-chapel_room-768x1024.jpg\" alt=\"\" class=\"wp-image-1605\" srcset=\"https:\/\/visitsvetagora.com\/wp-content\/uploads\/2025\/12\/tau-chapel_room-768x1024.jpg 768w, https:\/\/visitsvetagora.com\/wp-content\/uploads\/2025\/12\/tau-chapel_room-225x300.jpg 225w, https:\/\/visitsvetagora.com\/wp-content\/uploads\/2025\/12\/tau-chapel_room-1152x1536.jpg 1152w, https:\/\/visitsvetagora.com\/wp-content\/uploads\/2025\/12\/tau-chapel_room-1536x2048.jpg 1536w, https:\/\/visitsvetagora.com\/wp-content\/uploads\/2025\/12\/tau-chapel_room-9x12.jpg 9w, https:\/\/visitsvetagora.com\/wp-content\/uploads\/2025\/12\/tau-chapel_room-scaled.jpg 1920w\" sizes=\"auto, (max-width: 768px) 100vw, 768px\" \/><\/a><figcaption class=\"wp-element-caption\">Enoposteljna soba<\/figcaption><\/figure>\n\n\n\n<figure class=\"wp-block-image size-large\" data-block-type=\"core\"><a href=\"https:\/\/visitsvetagora.com\/wp-content\/uploads\/2025\/12\/tau-gym.jpg\" data-lbwps-width=\"2576\" data-lbwps-height=\"1932\" data-lbwps-srcsmall=\"https:\/\/visitsvetagora.com\/wp-content\/uploads\/2025\/12\/tau-gym.jpg\"><img loading=\"lazy\" decoding=\"async\" width=\"1024\" height=\"768\" data-id=\"1608\" src=\"https:\/\/visitsvetagora.com\/wp-content\/uploads\/2025\/12\/tau-gym-1024x768.jpg\" alt=\"\" class=\"wp-image-1608\" srcset=\"https:\/\/visitsvetagora.com\/wp-content\/uploads\/2025\/12\/tau-gym-1024x768.jpg 1024w, https:\/\/visitsvetagora.com\/wp-content\/uploads\/2025\/12\/tau-gym-300x225.jpg 300w, https:\/\/visitsvetagora.com\/wp-content\/uploads\/2025\/12\/tau-gym-768x576.jpg 768w, https:\/\/visitsvetagora.com\/wp-content\/uploads\/2025\/12\/tau-gym-1536x1152.jpg 1536w, https:\/\/visitsvetagora.com\/wp-content\/uploads\/2025\/12\/tau-gym-2048x1536.jpg 2048w, https:\/\/visitsvetagora.com\/wp-content\/uploads\/2025\/12\/tau-gym-16x12.jpg 16w\" sizes=\"auto, (max-width: 1024px) 100vw, 1024px\" \/><\/a><figcaption class=\"wp-element-caption\">Telovadnica<\/figcaption><\/figure>\n\n\n\n<figure class=\"wp-block-image size-large\" data-block-type=\"core\"><a href=\"https:\/\/visitsvetagora.com\/wp-content\/uploads\/2025\/12\/tau-kitchen.jpg\" data-lbwps-width=\"2576\" data-lbwps-height=\"1932\" data-lbwps-srcsmall=\"https:\/\/visitsvetagora.com\/wp-content\/uploads\/2025\/12\/tau-kitchen.jpg\"><img loading=\"lazy\" decoding=\"async\" width=\"1024\" height=\"768\" data-id=\"1610\" src=\"https:\/\/visitsvetagora.com\/wp-content\/uploads\/2025\/12\/tau-kitchen-1024x768.jpg\" alt=\"\" class=\"wp-image-1610\" srcset=\"https:\/\/visitsvetagora.com\/wp-content\/uploads\/2025\/12\/tau-kitchen-1024x768.jpg 1024w, https:\/\/visitsvetagora.com\/wp-content\/uploads\/2025\/12\/tau-kitchen-300x225.jpg 300w, https:\/\/visitsvetagora.com\/wp-content\/uploads\/2025\/12\/tau-kitchen-768x576.jpg 768w, https:\/\/visitsvetagora.com\/wp-content\/uploads\/2025\/12\/tau-kitchen-1536x1152.jpg 1536w, https:\/\/visitsvetagora.com\/wp-content\/uploads\/2025\/12\/tau-kitchen-2048x1536.jpg 2048w, https:\/\/visitsvetagora.com\/wp-content\/uploads\/2025\/12\/tau-kitchen-16x12.jpg 16w\" sizes=\"auto, (max-width: 1024px) 100vw, 1024px\" \/><\/a><figcaption class=\"wp-element-caption\">Kuhinja<\/figcaption><\/figure>\n\n\n\n<figure class=\"wp-block-image size-large\" data-block-type=\"core\"><a href=\"https:\/\/visitsvetagora.com\/wp-content\/uploads\/2026\/03\/dorm_9bed_bathroom.jpg\" data-lbwps-width=\"2576\" data-lbwps-height=\"1932\" data-lbwps-srcsmall=\"https:\/\/visitsvetagora.com\/wp-content\/uploads\/2026\/03\/dorm_9bed_bathroom.jpg\"><img loading=\"lazy\" decoding=\"async\" width=\"1024\" height=\"768\" data-id=\"1833\" src=\"https:\/\/visitsvetagora.com\/wp-content\/uploads\/2026\/03\/dorm_9bed_bathroom-1024x768.jpg\" alt=\"\" class=\"wp-image-1833\" srcset=\"https:\/\/visitsvetagora.com\/wp-content\/uploads\/2026\/03\/dorm_9bed_bathroom-1024x768.jpg 1024w, https:\/\/visitsvetagora.com\/wp-content\/uploads\/2026\/03\/dorm_9bed_bathroom-300x225.jpg 300w, https:\/\/visitsvetagora.com\/wp-content\/uploads\/2026\/03\/dorm_9bed_bathroom-768x576.jpg 768w, https:\/\/visitsvetagora.com\/wp-content\/uploads\/2026\/03\/dorm_9bed_bathroom-1536x1152.jpg 1536w, https:\/\/visitsvetagora.com\/wp-content\/uploads\/2026\/03\/dorm_9bed_bathroom-2048x1536.jpg 2048w, https:\/\/visitsvetagora.com\/wp-content\/uploads\/2026\/03\/dorm_9bed_bathroom-16x12.jpg 16w\" sizes=\"auto, (max-width: 1024px) 100vw, 1024px\" \/><\/a><figcaption class=\"wp-element-caption\">Kopalnica<\/figcaption><\/figure>\n\n\n\n<figure class=\"wp-block-image size-large\" data-block-type=\"core\"><a href=\"https:\/\/visitsvetagora.com\/wp-content\/uploads\/2026\/03\/dorm7_toilet.jpg\" data-lbwps-width=\"1932\" data-lbwps-height=\"2576\" data-lbwps-srcsmall=\"https:\/\/visitsvetagora.com\/wp-content\/uploads\/2026\/03\/dorm7_toilet.jpg\"><img loading=\"lazy\" decoding=\"async\" width=\"768\" height=\"1024\" data-id=\"1834\" src=\"https:\/\/visitsvetagora.com\/wp-content\/uploads\/2026\/03\/dorm7_toilet-768x1024.jpg\" alt=\"\" class=\"wp-image-1834\" srcset=\"https:\/\/visitsvetagora.com\/wp-content\/uploads\/2026\/03\/dorm7_toilet-768x1024.jpg 768w, https:\/\/visitsvetagora.com\/wp-content\/uploads\/2026\/03\/dorm7_toilet-225x300.jpg 225w, https:\/\/visitsvetagora.com\/wp-content\/uploads\/2026\/03\/dorm7_toilet-1152x1536.jpg 1152w, https:\/\/visitsvetagora.com\/wp-content\/uploads\/2026\/03\/dorm7_toilet-1536x2048.jpg 1536w, https:\/\/visitsvetagora.com\/wp-content\/uploads\/2026\/03\/dorm7_toilet-9x12.jpg 9w, https:\/\/visitsvetagora.com\/wp-content\/uploads\/2026\/03\/dorm7_toilet-scaled.jpg 1920w\" sizes=\"auto, (max-width: 768px) 100vw, 768px\" \/><\/a><figcaption class=\"wp-element-caption\">Strani\u0161\u010de<\/figcaption><\/figure>\n\n\n\n<figure class=\"wp-block-image size-large\" data-block-type=\"core\"><a href=\"https:\/\/visitsvetagora.com\/wp-content\/uploads\/2026\/03\/dorm8_bathroom.jpg\" data-lbwps-width=\"1932\" data-lbwps-height=\"2576\" data-lbwps-srcsmall=\"https:\/\/visitsvetagora.com\/wp-content\/uploads\/2026\/03\/dorm8_bathroom.jpg\"><img loading=\"lazy\" decoding=\"async\" width=\"768\" height=\"1024\" data-id=\"1835\" src=\"https:\/\/visitsvetagora.com\/wp-content\/uploads\/2026\/03\/dorm8_bathroom-768x1024.jpg\" alt=\"\" class=\"wp-image-1835\" srcset=\"https:\/\/visitsvetagora.com\/wp-content\/uploads\/2026\/03\/dorm8_bathroom-768x1024.jpg 768w, https:\/\/visitsvetagora.com\/wp-content\/uploads\/2026\/03\/dorm8_bathroom-225x300.jpg 225w, https:\/\/visitsvetagora.com\/wp-content\/uploads\/2026\/03\/dorm8_bathroom-1152x1536.jpg 1152w, https:\/\/visitsvetagora.com\/wp-content\/uploads\/2026\/03\/dorm8_bathroom-1536x2048.jpg 1536w, https:\/\/visitsvetagora.com\/wp-content\/uploads\/2026\/03\/dorm8_bathroom-9x12.jpg 9w, https:\/\/visitsvetagora.com\/wp-content\/uploads\/2026\/03\/dorm8_bathroom-scaled.jpg 1920w\" sizes=\"auto, (max-width: 768px) 100vw, 768px\" \/><\/a><figcaption class=\"wp-element-caption\">Kopalnica<\/figcaption><\/figure>\n\n\n\n<figure class=\"wp-block-image size-large\" data-block-type=\"core\"><a href=\"https:\/\/visitsvetagora.com\/wp-content\/uploads\/2026\/03\/dorm8_toilet2.jpg\" data-lbwps-width=\"1932\" data-lbwps-height=\"2576\" data-lbwps-srcsmall=\"https:\/\/visitsvetagora.com\/wp-content\/uploads\/2026\/03\/dorm8_toilet2.jpg\"><img loading=\"lazy\" decoding=\"async\" width=\"768\" height=\"1024\" data-id=\"1836\" src=\"https:\/\/visitsvetagora.com\/wp-content\/uploads\/2026\/03\/dorm8_toilet2-768x1024.jpg\" alt=\"\" class=\"wp-image-1836\" srcset=\"https:\/\/visitsvetagora.com\/wp-content\/uploads\/2026\/03\/dorm8_toilet2-768x1024.jpg 768w, https:\/\/visitsvetagora.com\/wp-content\/uploads\/2026\/03\/dorm8_toilet2-225x300.jpg 225w, https:\/\/visitsvetagora.com\/wp-content\/uploads\/2026\/03\/dorm8_toilet2-1152x1536.jpg 1152w, https:\/\/visitsvetagora.com\/wp-content\/uploads\/2026\/03\/dorm8_toilet2-1536x2048.jpg 1536w, https:\/\/visitsvetagora.com\/wp-content\/uploads\/2026\/03\/dorm8_toilet2-9x12.jpg 9w, https:\/\/visitsvetagora.com\/wp-content\/uploads\/2026\/03\/dorm8_toilet2-scaled.jpg 1920w\" sizes=\"auto, (max-width: 768px) 100vw, 768px\" \/><\/a><figcaption class=\"wp-element-caption\">Strani\u0161\u010de<\/figcaption><\/figure>\n<\/figure>\n\n\n\n<div class=\"wp-block-stackable-spacer stk-block-spacer stk--no-padding stk-block stk-ea0c287\" data-block-id=\"ea0c287\"><style>.stk-ea0c287 {height:80px !important;}<\/style><\/div>\n\n\n\n<div class=\"wp-block-stackable-text stk-block-text stk-block stk-58d9d71\" data-block-id=\"58d9d71\"><p class=\"stk-block-text__text\"><strong>Sobe:<\/strong> 2 enoposteljni sobi, 1 pogradna soba z lastno kopalnico, 5 skupnih ve\u010dposteljnih sob (9, 8, 8, 7, 7 postelj) - skupaj 43 le\u017ei\u0161\u010d<br><strong>Kuhinja:<\/strong> Opremljena profesionalna kuhinja \u2014 uporabite, kar potrebujete, in prostor pustite urejen<br><strong>Udobje:<\/strong> Parkiri\u0161\u010de v bli\u017eini, velika skupna soba, obdano z naravo<br><strong>Dostop:<\/strong> 2-minutni sprehod do cerkve, 10 minut vo\u017enje do mesta<\/p><\/div>\n\n\n\n<div class=\"wp-block-stackable-call-to-action stk-block-call-to-action stk-block stk-3b3c589 is-style-default\" data-v=\"2\" data-block-id=\"3b3c589\"><div class=\"stk-block-call-to-action__content stk-content-align stk-3b3c589-column stk-container stk-3b3c589-container stk-hover-parent\"><div class=\"has-text-align-center stk-block-content stk-inner-blocks stk-3b3c589-inner-blocks\">\n<div class=\"wp-block-stackable-heading stk-block-heading stk-block-heading--v2 stk-block stk-cde6bc8\" id=\"strong-book-directly-with-us-strong\" data-block-id=\"cde6bc8\"><h3 class=\"stk-block-heading__text\"><strong>Rezervirajte no\u010ditev<\/strong><\/h3><\/div>\n\n\n\n<div class=\"wp-block-stackable-text stk-block-text stk-block stk-6064e59\" data-block-id=\"6064e59\"><p class=\"stk-block-text__text\">\u010ce na\u010drtujete dalj\u0161e bivanje, prihajate kot skupina ali pa vam je ljub\u0161a neposredna komunikacija, nas brez zadr\u017ekov kontaktirajte.<\/p><\/div>\n\n\n\n<div class=\"wp-block-stackable-button-group stk-block-button-group stk-block stk-bca496c\" data-block-id=\"bca496c\"><style>.stk-bca496c .stk-button-group{flex-direction:column !important;align-items:center !important;}.stk-bca496c .stk-block{flex-basis:auto !important;}.stk-bca496c .stk-inner-blocks{row-gap:12px !important;}<\/style><div class=\"stk-row stk-inner-blocks has-text-align-center stk-block-content stk-button-group\">\n<div class=\"wp-block-stackable-button stk-block-button stk-block stk-6959f38\" data-block-id=\"6959f38\"><a class=\"stk-link stk-button stk--hover-effect-darken\" href=\"mailto:cmd.tau@gmail.com?subject=Booking%20Inquiry%20For%20Center%20Tau\"><span class=\"stk-button__inner-text\">Po\u0161ljite povpra\u0161evanje za neposredno ponudbo<\/span><\/a><\/div>\n<\/div><\/div>\n<\/div><\/div><\/div>\n\n\n\n<div class=\"wp-block-stackable-spacer stk-block-spacer stk--no-padding stk-block stk-ad3b680\" data-block-id=\"ad3b680\"><style>.stk-ad3b680 {height:80px !important;}<\/style><\/div>\n\n\n\n<div class=\"wp-block-stackable-text stk-block-text stk-block stk-9b3fe73\" data-block-id=\"9b3fe73\" data-block-type=\"core\"><p class=\"stk-block-text__text\">I\u0161\u010dete druga\u010dno nastanitev? <a href=\"\/sl\/accommodation\/\">Oglejte si vse mo\u017enosti<\/a> in najdite prostor, ki vam najbolj ustreza.<\/p><\/div>","protected":false},"excerpt":{"rendered":"<p>Youth center Tau Perched among the trees near the hilltop, the Youth center Tau offers a cozy and welcoming retreat for groups and travelers seeking connection and comfort. Mornings begin [&hellip;]<\/p>","protected":false},"author":1,"featured_media":0,"parent":0,"menu_order":0,"comment_status":"closed","ping_status":"closed","template":"","meta":{"footnotes":""},"class_list":["post-871","page","type-page","status-publish","hentry"],"blocksy_meta":[],"_links":{"self":[{"href":"https:\/\/visitsvetagora.com\/sl\/wp-json\/wp\/v2\/pages\/871","targetHints":{"allow":["GET"]}}],"collection":[{"href":"https:\/\/visitsvetagora.com\/sl\/wp-json\/wp\/v2\/pages"}],"about":[{"href":"https:\/\/visitsvetagora.com\/sl\/wp-json\/wp\/v2\/types\/page"}],"author":[{"embeddable":true,"href":"https:\/\/visitsvetagora.com\/sl\/wp-json\/wp\/v2\/users\/1"}],"replies":[{"embeddable":true,"href":"https:\/\/visitsvetagora.com\/sl\/wp-json\/wp\/v2\/comments?post=871"}],"version-history":[{"count":34,"href":"https:\/\/visitsvetagora.com\/sl\/wp-json\/wp\/v2\/pages\/871\/revisions"}],"predecessor-version":[{"id":1905,"href":"https:\/\/visitsvetagora.com\/sl\/wp-json\/wp\/v2\/pages\/871\/revisions\/1905"}],"wp:attachment":[{"href":"https:\/\/visitsvetagora.com\/sl\/wp-json\/wp\/v2\/media?parent=871"}],"curies":[{"name":"wp","href":"https:\/\/api.w.org\/{rel}","templated":true}]}}