{"id":884,"date":"2025-11-13T15:51:55","date_gmt":"2025-11-13T15:51:55","guid":{"rendered":"https:\/\/visitsvetagora.com\/?page_id=884"},"modified":"2026-04-17T17:07:06","modified_gmt":"2026-04-17T15:07:06","slug":"terms-conditions","status":"publish","type":"page","link":"https:\/\/visitsvetagora.com\/sl\/terms-conditions\/","title":{"rendered":"Splo\u0161ni pogoji"},"content":{"rendered":"<div class=\"wp-block-stackable-heading stk-block-heading stk-block-heading--v2 stk-block stk-b27d896\" id=\"strong-visit-sveta-gora-terms-and-conditions-strong\" data-block-id=\"b27d896\"><h2 class=\"stk-block-heading__text\"><strong>Visit Sveta Gora\u2013 Splo\u0161ni pogoji<\/strong><\/h2><\/div>\n\n\n\n<div class=\"wp-block-stackable-text stk-block-text stk-block stk-8d409c9\" data-block-id=\"8d409c9\"><p class=\"stk-block-text__text\"><strong>Zadnja sprememba:<\/strong> 4. februar 2026<\/p><\/div>\n\n\n\n<h3 class=\"wp-block-heading\" data-block-type=\"core\">Identifikacija in podro\u010dje uporabe<\/h3>\n\n\n\n<div class=\"wp-block-stackable-text stk-block-text stk-block stk-54cf6f7\" data-block-id=\"54cf6f7\"><p class=\"stk-block-text__text\">Spletno mesto visitsvetagora.com upravlja Domus Gratiae.<\/p><\/div>\n\n\n\n<div class=\"wp-block-stackable-text stk-block-text stk-block stk-294da2b\" data-block-id=\"294da2b\"><p class=\"stk-block-text__text\">Domus Gratiae je odgovoren za vsebino in tehni\u010dno delovanje tega spletnega mesta.<\/p><\/div>\n\n\n\n<div class=\"wp-block-stackable-text stk-block-text stk-block stk-425061c\" data-block-id=\"425061c\"><p class=\"stk-block-text__text\">Lokacija z imenom \u00bbSveta Gora\u00ab je fizi\u010dni prostor, kjer lahko potekajo razli\u010dne dejavnosti, delavnice in storitve. Dolo\u010dene storitve, predstavljene na tem spletnem mestu, lahko izvajajo samostojne pravne osebe, ki delujejo na lokaciji ali v povezavi z njo.<\/p><\/div>\n\n\n\n<h3 class=\"wp-block-heading\" data-block-type=\"core\"><strong>2. Uporaba spletne strani<\/strong><\/h3>\n\n\n\n<ul class=\"wp-block-list\" data-block-type=\"core\">\n<li data-block-type=\"core\">Spletno stran morate uporabljati zakonito in ne za nepoobla\u0161\u010dene ali \u0161kodljive namene.<\/li>\n\n\n\n<li data-block-type=\"core\">Vsa vsebina (besedila, slike, logotipi, videi) je za\u0161\u010ditena z avtorskimi pravicami in je ni dovoljeno reproducirati brez na\u0161ega pisnega dovoljenja.<\/li>\n<\/ul>\n\n\n\n<h3 class=\"wp-block-heading\" data-block-type=\"core\"><strong>3. Rezervacije in delavnice<\/strong><\/h3>\n\n\n\n<ul class=\"wp-block-list\" data-block-type=\"core\">\n<li data-block-type=\"core\">Delavnice so lahko brezpla\u010dne ali pla\u010dljive.<\/li>\n\n\n\n<li data-block-type=\"core\">Potrditev rezervacije velja \u0161ele, ko potrdimo razpolo\u017eljivost.<\/li>\n\n\n\n<li data-block-type=\"core\">Pridr\u017eujemo si pravico do odpovedi ali prestavitve delavnic, z vnaprej\u0161njim obvestilom, kjer je to mogo\u010de.<\/li>\n\n\n\n<li data-block-type=\"core\">Povra\u010dila za pla\u010dane storitve se izvedejo v skladu z na\u0161o politiko odpovedi (glejte potrditev rezervacije).<\/li>\n\n\n\n<li data-block-type=\"core\">Delavnice in druge dejavnosti, predstavljene na tem spletnem mestu, lahko organizira Domus Gratiae ali drugi samostojni izvajalci storitev, ki delujejo na lokaciji Sveta Gora. Odgovorni izvajalec storitve bo naveden v ustreznih informacijah o rezervaciji ali projektu.<\/li>\n<\/ul>\n\n\n\n<h3 class=\"wp-block-heading\" data-block-type=\"core\"><strong>4. Vsebina, ki jo ustvarjajo uporabniki<\/strong><\/h3>\n\n\n\n<ul class=\"wp-block-list\" data-block-type=\"core\">\n<li data-block-type=\"core\">Vsaka vsebina, ki jo uporabniki oddajo (komentarji, fotografije), mora biti primerna in zakonita.<\/li>\n\n\n\n<li data-block-type=\"core\">Pridr\u017eujemo si pravico odstraniti vsebino, ki kr\u0161i te pogoje ali veljavne zakone.<\/li>\n<\/ul>\n\n\n\n<h3 class=\"wp-block-heading\" data-block-type=\"core\"><strong>5. Omejitve odgovornosti<\/strong><\/h3>\n\n\n\n<ul class=\"wp-block-list\" data-block-type=\"core\">\n<li data-block-type=\"core\">Visit Sveta Gora ne odgovarja za posredno, naklju\u010dno ali posledi\u010dno \u0161kodo, ki nastane zaradi uporabe te spletne strani.<\/li>\n\n\n\n<li data-block-type=\"core\">For services, workshops, accommodation, or other activities provided by third-party service providers at the location Sveta Gora, responsibility lies with the respective service provider, as identified in the relevant agreement or booking information.<\/li>\n\n\n\n<li data-block-type=\"core\">Ne zagotavljamo to\u010dnosti ali popolnosti vsebine niti razpolo\u017eljivosti zunanjih povezav.<\/li>\n<\/ul>\n\n\n\n<h3 class=\"wp-block-heading\" data-block-type=\"core\"><strong>6. Zasebnost<\/strong><\/h3>\n\n\n\n<ul class=\"wp-block-list\" data-block-type=\"core\">\n<li data-block-type=\"core\">Uporaba spletne strani je prav tako urejena z na\u0161o <a href=\"\/sl\/privacy\/\">Politika zasebnosti<\/a><\/li>\n<\/ul>\n\n\n\n<h3 class=\"wp-block-heading\" data-block-type=\"core\"><strong>7. Pravo in pristojnost<\/strong><\/h3>\n\n\n\n<ul class=\"wp-block-list\" data-block-type=\"core\">\n<li data-block-type=\"core\">Ti pogoji so urejeni po slovenski zakonodaji. Morebitne spore bodo re\u0161evala pristojna sodi\u0161\u010da v Sloveniji.<\/li>\n<\/ul>\n\n\n\n<h3 class=\"wp-block-heading\" data-block-type=\"core\"><strong>8. Spremembe pogojev<\/strong><\/h3>\n\n\n\n<div class=\"wp-block-stackable-text stk-block-text stk-block stk-6b56a68\" data-block-id=\"6b56a68\"><p class=\"stk-block-text__text\">Splo\u0161ne pogoje lahko posodabljamo. Nadaljnja uporaba spletne strani pomeni sprejem posodobljenih pogojev.<\/p><\/div>\n\n\n\n<p data-block-type=\"core\"><\/p>","protected":false},"excerpt":{"rendered":"<p>Visit Sveta Gora \u2013 Terms and Conditions Last updated: 4 February 2026 1. Identification and Scope The website visitsvetagora.com is operated by Domus Gratiae Domus Gratiae is responsible for the [&hellip;]<\/p>","protected":false},"author":1,"featured_media":0,"parent":0,"menu_order":0,"comment_status":"closed","ping_status":"closed","template":"","meta":{"footnotes":""},"class_list":["post-884","page","type-page","status-publish","hentry"],"blocksy_meta":[],"_links":{"self":[{"href":"https:\/\/visitsvetagora.com\/sl\/wp-json\/wp\/v2\/pages\/884","targetHints":{"allow":["GET"]}}],"collection":[{"href":"https:\/\/visitsvetagora.com\/sl\/wp-json\/wp\/v2\/pages"}],"about":[{"href":"https:\/\/visitsvetagora.com\/sl\/wp-json\/wp\/v2\/types\/page"}],"author":[{"embeddable":true,"href":"https:\/\/visitsvetagora.com\/sl\/wp-json\/wp\/v2\/users\/1"}],"replies":[{"embeddable":true,"href":"https:\/\/visitsvetagora.com\/sl\/wp-json\/wp\/v2\/comments?post=884"}],"version-history":[{"count":5,"href":"https:\/\/visitsvetagora.com\/sl\/wp-json\/wp\/v2\/pages\/884\/revisions"}],"predecessor-version":[{"id":1768,"href":"https:\/\/visitsvetagora.com\/sl\/wp-json\/wp\/v2\/pages\/884\/revisions\/1768"}],"wp:attachment":[{"href":"https:\/\/visitsvetagora.com\/sl\/wp-json\/wp\/v2\/media?parent=884"}],"curies":[{"name":"wp","href":"https:\/\/api.w.org\/{rel}","templated":true}]}}