{"id":945,"date":"2025-11-19T08:53:09","date_gmt":"2025-11-19T08:53:09","guid":{"rendered":"https:\/\/visitsvetagora.com\/?page_id=945"},"modified":"2026-05-06T12:05:35","modified_gmt":"2026-05-06T10:05:35","slug":"workshops","status":"publish","type":"page","link":"https:\/\/visitsvetagora.com\/sl\/workshops\/","title":{"rendered":"Delavnice"},"content":{"rendered":"<div class=\"wp-block-stackable-hero stk-block-hero stk-block stk-8839d6c stk-block-background is-style-default\" data-v=\"2\" data-block-id=\"8839d6c\"><style>.stk-8839d6c-inner-blocks{justify-content:center !important;}.stk-8839d6c-container{background-image:url(https:\/\/visitsvetagora.com\/wp-content\/uploads\/2025\/11\/workshops-hero.jpg) !important;}.stk-8839d6c .stk-block-hero__content{min-height:500px !important;align-items:center !important;display:flex !important;}<\/style><div class=\"stk-block-hero__content stk-content-align stk-8839d6c-column stk-container stk-8839d6c-container stk-hover-parent stk--has-background-overlay\"><div class=\"stk-block-content stk-inner-blocks has-text-align-center stk--column-flex stk-8839d6c-inner-blocks\">\n<div class=\"wp-block-stackable-heading stk-block-heading stk-block-heading--v2 stk-block stk-81f47b4\" id=\"workshops-on-the-hill-explore-create-discover\" data-block-id=\"81f47b4\"><style>.stk-81f47b4 .stk-block-heading__text{text-shadow:2px 2px 2px #000000b3 !important;color:var(--theme-palette-color-8, #ffffff) !important;}<\/style><h2 class=\"stk-block-heading__text has-text-color\">Delavnice na Gori - Raziskuj, ustvarjaj, odkrivaj<\/h2><\/div>\n\n\n\n<div class=\"wp-block-stackable-text stk-block-text stk-block stk-1e4dd41\" data-block-id=\"1e4dd41\"><style>.stk-1e4dd41 {box-shadow:none !important;}.stk-1e4dd41 .stk-block-text__text{text-shadow:2px 2px 2px #000000b3 !important;color:var(--theme-palette-color-8, #ffffff) !important;}<\/style><p class=\"stk-block-text__text has-text-color\">Za otroke in mladino, stran od zaslonov, obdani z zgodovino in naravo<\/p><\/div>\n<\/div><\/div><\/div>\n\n\n\n<div class=\"wp-block-stackable-spacer stk-block-spacer stk--no-padding stk-block stk-cdfa7ca\" data-block-id=\"cdfa7ca\"><\/div>\n\n\n\n<div class=\"wp-block-stackable-call-to-action stk-block-call-to-action stk-block stk-6ab1dff is-style-default\" data-v=\"2\" data-block-id=\"6ab1dff\"><div class=\"stk-block-call-to-action__content stk-content-align stk-6ab1dff-column stk-container stk-6ab1dff-container stk-hover-parent\"><div class=\"has-text-align-center stk-block-content stk-inner-blocks stk-6ab1dff-inner-blocks\">\n<div class=\"wp-block-stackable-heading stk-block-heading stk-block-heading--v2 stk-block stk-68bc083\" id=\"learning-beyond-screens\" data-block-id=\"68bc083\"><h3 class=\"stk-block-heading__text\">U\u010denje onkraj zaslonov<\/h3><\/div>\n\n\n\n<div class=\"wp-block-stackable-text stk-block-text stk-block stk-571729d\" data-block-id=\"571729d\"><p class=\"stk-block-text__text\">U\u010denje stran od zaslonov na Sveti Gori postane prava pustolov\u0161\u010dina. Tukaj, obdani z gozdovi, samostanskimi zidovi, starimi zgodbami in pohodni\u0161kimi potmi, imajo otroci in mladina prilo\u017enost raziskovati, ustvarjati in se povezovati v resni\u010dnem svetu. Na\u0161e delavnice spodbujajo radovednost, timsko delo in prakti\u010dno zabavo \u2014 vse to pa je navdihnjeno z edinstveno naravo in zgodovino tega kraja.<\/p><\/div>\n<\/div><\/div><\/div>\n\n\n\n<div class=\"wp-block-stackable-columns stk-block-columns stk-block stk-70c1fd4\" data-block-id=\"70c1fd4\"><div class=\"stk-row stk-inner-blocks stk-block-content stk-content-align stk-70c1fd4-column\">\n<div class=\"wp-block-stackable-column stk-block-column stk-column stk-block stk-e311ffc\" data-v=\"4\" data-block-id=\"e311ffc\"><div class=\"stk-column-wrapper stk-block-column__content stk-container stk-e311ffc-container stk--no-background stk--no-padding\"><div class=\"stk-block-content stk-inner-blocks stk-e311ffc-inner-blocks\">\n<div class=\"wp-block-stackable-card stk-block-card stk-block stk-1c8f094 is-style-default\" data-v=\"2\" data-block-id=\"1c8f094\"><div class=\"stk--no-padding stk-container stk-1c8f094-container stk-hover-parent\"><figure class=\"stk-block-card__image stk-img-wrapper stk-image--shape-stretch\"><img loading=\"lazy\" decoding=\"async\" class=\"stk-img wp-image-810\" src=\"https:\/\/visitsvetagora.com\/wp-content\/uploads\/2025\/11\/hiking.jpg\" width=\"600\" height=\"800\" srcset=\"https:\/\/visitsvetagora.com\/wp-content\/uploads\/2025\/11\/hiking.jpg 600w, https:\/\/visitsvetagora.com\/wp-content\/uploads\/2025\/11\/hiking-225x300.jpg 225w\" sizes=\"auto, (max-width: 600px) 100vw, 600px\" \/><\/figure><div class=\"stk-container-padding stk-block-card__content\"><div class=\"stk-block-content stk-inner-blocks stk-1c8f094-inner-blocks\">\n<div class=\"wp-block-stackable-heading stk-block-heading stk-block-heading--v2 stk-block stk-7c2fdc7\" id=\"orienteering\" data-block-id=\"7c2fdc7\"><h2 class=\"stk-block-heading__text\">Orientacija<\/h2><\/div>\n\n\n\n<div class=\"wp-block-stackable-subtitle stk-block-subtitle stk-block stk-b9f32fd\" data-block-id=\"b9f32fd\"><p class=\"stk-block-subtitle__text stk-subtitle\">Najdi svojo pot po skritih poteh s pomo\u010djo zemljevidov in namigov<\/p><\/div>\n\n\n\n<div class=\"wp-block-stackable-text stk-block-text stk-block stk-f0508b8\" data-block-id=\"f0508b8\"><p class=\"stk-block-text__text\">Otroci se ob zabavnih izzivih, ki jih vodijo skozi gozdove, razgledi\u0161\u010da in manj\u0161e zgodovinske to\u010dke, nau\u010dijo osnov orientacije, timskega dela in zavedanja o naravi.<\/p><\/div>\n\n\n\n<div class=\"wp-block-stackable-button-group stk-block-button-group stk-block stk-de40fd6\" data-block-id=\"de40fd6\"><div class=\"stk-row stk-inner-blocks stk-block-content stk-button-group\">\n<div class=\"wp-block-stackable-button stk-block-button stk-block stk-642c586\" data-block-id=\"642c586\"><a class=\"stk-link stk-button stk--hover-effect-darken\" href=\"\/sl\/orienteering-workshop\/\"><span class=\"stk-button__inner-text\">Preberi ve\u010d<\/span><\/a><\/div>\n<\/div><\/div>\n<\/div><\/div><\/div><\/div>\n<\/div><\/div><\/div>\n\n\n\n<div class=\"wp-block-stackable-column stk-block-column stk-column stk-block stk-1da469f\" data-v=\"4\" data-block-id=\"1da469f\"><div class=\"stk-column-wrapper stk-block-column__content stk-container stk-1da469f-container stk--no-background stk--no-padding\"><div class=\"stk-block-content stk-inner-blocks stk-1da469f-inner-blocks\">\n<div class=\"wp-block-stackable-card stk-block-card stk-block stk-2c37812 is-style-default\" data-v=\"2\" data-block-id=\"2c37812\"><div class=\"stk--no-padding stk-container stk-2c37812-container stk-hover-parent\"><figure class=\"stk-block-card__image stk-img-wrapper stk-image--shape-stretch\"><img loading=\"lazy\" decoding=\"async\" class=\"stk-img wp-image-961\" src=\"https:\/\/visitsvetagora.com\/wp-content\/uploads\/2025\/11\/workshops-card-boardgames.jpg\" width=\"2048\" height=\"1536\" srcset=\"https:\/\/visitsvetagora.com\/wp-content\/uploads\/2025\/11\/workshops-card-boardgames.jpg 2048w, https:\/\/visitsvetagora.com\/wp-content\/uploads\/2025\/11\/workshops-card-boardgames-300x225.jpg 300w, https:\/\/visitsvetagora.com\/wp-content\/uploads\/2025\/11\/workshops-card-boardgames-1024x768.jpg 1024w, https:\/\/visitsvetagora.com\/wp-content\/uploads\/2025\/11\/workshops-card-boardgames-768x576.jpg 768w, https:\/\/visitsvetagora.com\/wp-content\/uploads\/2025\/11\/workshops-card-boardgames-1536x1152.jpg 1536w\" sizes=\"auto, (max-width: 2048px) 100vw, 2048px\" \/><\/figure><div class=\"stk-container-padding stk-block-card__content\"><div class=\"stk-block-content stk-inner-blocks stk-2c37812-inner-blocks\">\n<div class=\"wp-block-stackable-heading stk-block-heading stk-block-heading--v2 stk-block stk-89d4cf1\" id=\"board-games\" data-block-id=\"89d4cf1\"><h2 class=\"stk-block-heading__text\">Dru\u017eabne igre<\/h2><\/div>\n\n\n\n<div class=\"wp-block-stackable-subtitle stk-block-subtitle stk-block stk-281c9b0\" data-block-id=\"281c9b0\"><p class=\"stk-block-subtitle__text stk-subtitle\">Moderne in tradicionalne dru\u017eabne igre<\/p><\/div>\n\n\n\n<div class=\"wp-block-stackable-text stk-block-text stk-block stk-2f07cad\" data-block-id=\"2f07cad\"><p class=\"stk-block-text__text\">Od strategije do sodelovanja otroci odkrivajo igre, ki spodbujajo razmi\u0161ljanje in timsko delo \u2014 vse to medtem ko sedijo na prostem in u\u017eivajo v mirnem vzdu\u0161ju okoli samostana.<\/p><\/div>\n\n\n\n<div class=\"wp-block-stackable-button-group stk-block-button-group stk-block stk-a5bd7dc\" data-block-id=\"a5bd7dc\"><div class=\"stk-row stk-inner-blocks stk-block-content stk-button-group\">\n<div class=\"wp-block-stackable-button stk-block-button stk-block stk-38f86c0\" data-block-id=\"38f86c0\"><a class=\"stk-link stk-button stk--hover-effect-darken\" href=\"https:\/\/visitsvetagora.com\/sl\/board-game-workshop\/\"><span class=\"stk-button__inner-text\">Preberi ve\u010d<\/span><\/a><\/div>\n<\/div><\/div>\n<\/div><\/div><\/div><\/div>\n<\/div><\/div><\/div>\n\n\n\n<div class=\"wp-block-stackable-column stk-block-column stk-column stk-block stk-7e6a422\" data-v=\"4\" data-block-id=\"7e6a422\"><div class=\"stk-column-wrapper stk-block-column__content stk-container stk-7e6a422-container stk--no-background stk--no-padding\"><div class=\"stk-block-content stk-inner-blocks stk-7e6a422-inner-blocks\">\n<div class=\"wp-block-stackable-card stk-block-card stk-block stk-6b69a3f is-style-default\" data-v=\"2\" data-block-id=\"6b69a3f\"><div class=\"stk--no-padding stk-container stk-6b69a3f-container stk-hover-parent\"><figure class=\"stk-block-card__image stk-img-wrapper stk-image--shape-stretch\"><img loading=\"lazy\" decoding=\"async\" class=\"stk-img wp-image-1990\" src=\"https:\/\/visitsvetagora.com\/wp-content\/uploads\/2026\/05\/travel-slovenia-hike-through-trenches-to-sveta-gora-4.png\" width=\"600\" height=\"450\" srcset=\"https:\/\/visitsvetagora.com\/wp-content\/uploads\/2026\/05\/travel-slovenia-hike-through-trenches-to-sveta-gora-4.png 600w, https:\/\/visitsvetagora.com\/wp-content\/uploads\/2026\/05\/travel-slovenia-hike-through-trenches-to-sveta-gora-4-300x225.png 300w, https:\/\/visitsvetagora.com\/wp-content\/uploads\/2026\/05\/travel-slovenia-hike-through-trenches-to-sveta-gora-4-16x12.png 16w\" sizes=\"auto, (max-width: 600px) 100vw, 600px\" \/><\/figure><div class=\"stk-container-padding stk-block-card__content\"><div class=\"stk-block-content stk-inner-blocks stk-6b69a3f-inner-blocks\">\n<div class=\"wp-block-stackable-heading stk-block-heading stk-block-heading--v2 stk-block stk-66aa52b\" id=\"ww-1-cavern-experience\" data-block-id=\"66aa52b\"><h2 class=\"stk-block-heading__text\">Do\u017eivetje kavern iz prve svetone vojne<\/h2><\/div>\n\n\n\n<div class=\"wp-block-stackable-subtitle stk-block-subtitle stk-block stk-bdb4b01\" data-block-id=\"bdb4b01\"><p class=\"stk-block-subtitle__text stk-subtitle\">Do\u017eivite zgodovino na njeni pravi lokaciji<\/p><\/div>\n\n\n\n<div class=\"wp-block-stackable-text stk-block-text stk-block stk-5f1b264\" data-block-id=\"5f1b264\"><p class=\"stk-block-text__text\">Vodeno raziskovanje pristnih kavern iz \u010dasa prve svetovne vojne. Skozi prostor, zgodbe in gibanje se pribli\u017eamo \u017eivljenju na fronti in pokrajini, ki ga je oblikovala.<\/p><\/div>\n\n\n\n<div class=\"wp-block-stackable-button-group stk-block-button-group stk-block stk-4eca588\" data-block-id=\"4eca588\"><div class=\"stk-row stk-inner-blocks stk-block-content stk-button-group\">\n<div class=\"wp-block-stackable-button stk-block-button stk-block stk-4880404\" data-block-id=\"4880404\"><a class=\"stk-link stk-button stk--hover-effect-darken\" href=\"\/sl\/cavern-workshop\/\"><span class=\"stk-button__inner-text\">Preberi ve\u010d<\/span><\/a><\/div>\n<\/div><\/div>\n<\/div><\/div><\/div><\/div>\n<\/div><\/div><\/div>\n<\/div><\/div>\n\n\n\n<div class=\"wp-block-stackable-spacer stk-block-spacer stk--no-padding stk-block stk-5f85ea8\" data-block-id=\"5f85ea8\"><\/div>","protected":false},"excerpt":{"rendered":"<p>Workshops on the Hill \u2013 Explore, Create, Discover For kids and youth, away from screens, surrounded by history and nature Learning Beyond Screens Learning away from screens becomes an adventure [&hellip;]<\/p>","protected":false},"author":1,"featured_media":0,"parent":0,"menu_order":0,"comment_status":"closed","ping_status":"closed","template":"","meta":{"footnotes":""},"class_list":["post-945","page","type-page","status-publish","hentry"],"blocksy_meta":[],"_links":{"self":[{"href":"https:\/\/visitsvetagora.com\/sl\/wp-json\/wp\/v2\/pages\/945","targetHints":{"allow":["GET"]}}],"collection":[{"href":"https:\/\/visitsvetagora.com\/sl\/wp-json\/wp\/v2\/pages"}],"about":[{"href":"https:\/\/visitsvetagora.com\/sl\/wp-json\/wp\/v2\/types\/page"}],"author":[{"embeddable":true,"href":"https:\/\/visitsvetagora.com\/sl\/wp-json\/wp\/v2\/users\/1"}],"replies":[{"embeddable":true,"href":"https:\/\/visitsvetagora.com\/sl\/wp-json\/wp\/v2\/comments?post=945"}],"version-history":[{"count":29,"href":"https:\/\/visitsvetagora.com\/sl\/wp-json\/wp\/v2\/pages\/945\/revisions"}],"predecessor-version":[{"id":1992,"href":"https:\/\/visitsvetagora.com\/sl\/wp-json\/wp\/v2\/pages\/945\/revisions\/1992"}],"wp:attachment":[{"href":"https:\/\/visitsvetagora.com\/sl\/wp-json\/wp\/v2\/media?parent=945"}],"curies":[{"name":"wp","href":"https:\/\/api.w.org\/{rel}","templated":true}]}}